{"id":2504,"date":"2023-07-10T11:39:30","date_gmt":"2023-07-10T11:39:30","guid":{"rendered":"https:\/\/www.labopolis.com\/?post_type=product&#038;p=2504"},"modified":"2026-02-18T17:17:10","modified_gmt":"2026-02-18T17:17:10","slug":"euromex-nexiuszoom-nz-1903-p","status":"publish","type":"product","link":"https:\/\/www.labopolis.com\/de\/produkt\/euromex-nexiuszoom-nz-1903-p\/","title":{"rendered":"Euromex NexiusZoom NZ.1903-P"},"content":{"rendered":"<p>Stereomikroskop-Modell f\u00fcr die Sekundarstufe, einfach zu bedienen und f\u00fcr Sch\u00fcler konzipiert.<br \/>\nPaar Okulare HWF10x\/22 mm.<br \/>\nTrinokularer Kopf, 45\u00ba geneigt. Dioptrienkorrektur + 5 in beiden Okulartuben.<br \/>\nPupillendistanz zwischen 54 und 75 mm.<br \/>\nZoomobjektiv 0,67x bis 4,5x. Arbeitsabstand 110 mm. Maximale Probenh\u00f6he 148 mm.<br \/>\nVergr\u00f6\u00dferungen zwischen 6,7x und 45x. Sehfeld 33 mm. bis 4,9 mm.<br \/>\nFlacher S\u00e4ulenfu\u00df, makrometrisches Zahnstangen-Fokussiersystem.<br \/>\nGeliefert mit wei\u00dfer\/schwarzer Platte, durchsichtiger Platte und zwei Klammern.<br \/>\nAuflicht- und Durchlichtanlage LED 3W. Unabh\u00e4ngig dimmbare Intensit\u00e4t. Beide Beleuchtungen k\u00f6nnen gleichzeitig verwendet werden. Interne Stromversorgung.<br \/>\nGeliefert in einer Styroporbox mit Schutzh\u00fclle und Gebrauchsanweisung.<\/p>","protected":false},"excerpt":{"rendered":"<div>Stereomikroskop-Modell f\u00fcr die Sekundarstufe, einfach zu bedienen und f\u00fcr Sch\u00fcler konzipiert. Trinokularer Kopf, Okulare HWF10x\/22 mm. Zoomobjektiv 0,67 bis 4,5x. Vergr\u00f6\u00dferung 6,7x bis 45x. Flacher Sockel mit S\u00e4ule und zwei Klemmen. Makro-Fokussierung. LED-Auf- und Durchlichtbeleuchtung.<\/div>\n<div><\/div>\n<div><strong><em><a href=\"https:\/\/www.labopolis.com\/wp-content\/uploads\/2019\/10\/NexiusZoom-EVO-ESD_ficha_tecnica_ES.pdf\" target=\"_blank\" rel=\"attachment wp-att-3827 noopener\"><i class=\"fas fa-file-alt\"><\/i> NexiusZoom Technisches Datenblatt<\/a><\/em><\/strong><\/div>","protected":false},"featured_media":2527,"comment_status":"open","ping_status":"closed","template":"","meta":[],"product_brand":[],"product_cat":[23,162],"product_tag":[],"class_list":{"0":"post-2504","1":"product","2":"type-product","3":"status-publish","4":"has-post-thumbnail","6":"product_cat-laboratorio","7":"product_cat-microscopios-estereoscopicos","9":"first","10":"instock","11":"taxable","12":"shipping-taxable","13":"purchasable","14":"product-type-simple"},"yoast_head":"<!-- This site is optimized with the Yoast SEO plugin v27.2 - https:\/\/yoast.com\/product\/yoast-seo-wordpress\/ -->\n<title>Euromex NexiusZoom NZ.1903-P - Labopolis<\/title>\n<meta name=\"description\" content=\"Modelo Microscopio Estereosc\u00f3pico para Educaci\u00f3n secundaria, f\u00e1cil de utilizar y pensados para estudiantes. Cabezal trinocular, oculares HWF10x\/22 mm. Objetivo Zoom 0,67 a 4,5x. Aumentos 6,7x a 45x. Base plana con columna y dos pinzas de sujeci\u00f3n. Enfoque macrom\u00e9trico. Iluminaci\u00f3n incidente y transmitida LED.   Ficha T\u00e9cnica NexiusZoom\" \/>\n<meta name=\"robots\" content=\"index, follow, max-snippet:-1, max-image-preview:large, max-video-preview:-1\" \/>\n<link rel=\"canonical\" href=\"https:\/\/www.labopolis.com\/de\/produkt\/euromex-nexiuszoom-nz-1903-p\/\" \/>\n<meta property=\"og:locale\" content=\"de_DE\" \/>\n<meta property=\"og:type\" content=\"article\" \/>\n<meta property=\"og:title\" content=\"Euromex NexiusZoom NZ.1903-P - Labopolis\" \/>\n<meta property=\"og:description\" content=\"Modelo Microscopio Estereosc\u00f3pico para Educaci\u00f3n secundaria, f\u00e1cil de utilizar y pensados para estudiantes. Cabezal trinocular, oculares HWF10x\/22 mm. Objetivo Zoom 0,67 a 4,5x. Aumentos 6,7x a 45x. Base plana con columna y dos pinzas de sujeci\u00f3n. Enfoque macrom\u00e9trico. Iluminaci\u00f3n incidente y transmitida LED.   Ficha T\u00e9cnica NexiusZoom\" \/>\n<meta property=\"og:url\" content=\"https:\/\/www.labopolis.com\/de\/produkt\/euromex-nexiuszoom-nz-1903-p\/\" \/>\n<meta property=\"og:site_name\" content=\"Labopolis\" \/>\n<meta property=\"article:publisher\" content=\"https:\/\/www.facebook.com\/profile.php?id=100063251679439\" \/>\n<meta property=\"article:modified_time\" content=\"2026-02-18T17:17:10+00:00\" \/>\n<meta property=\"og:image\" content=\"https:\/\/www.labopolis.com\/wp-content\/uploads\/2023\/07\/NZ.1903-P.jpg\" \/>\n\t<meta property=\"og:image:width\" content=\"624\" \/>\n\t<meta property=\"og:image:height\" content=\"800\" \/>\n\t<meta property=\"og:image:type\" content=\"image\/jpeg\" \/>\n<meta name=\"twitter:card\" content=\"summary_large_image\" \/>\n<meta name=\"twitter:site\" content=\"@Labopolis\" \/>\n<meta name=\"twitter:label1\" content=\"Gesch\u00e4tzte Lesezeit\" \/>\n\t<meta name=\"twitter:data1\" content=\"1\u00a0Minute\" \/>\n<script type=\"application\/ld+json\" class=\"yoast-schema-graph\">{\"@context\":\"https:\/\/schema.org\",\"@graph\":[{\"@type\":\"WebPage\",\"@id\":\"https:\/\/www.labopolis.com\/producto\/euromex-nexiuszoom-nz-1903-p\/\",\"url\":\"https:\/\/www.labopolis.com\/producto\/euromex-nexiuszoom-nz-1903-p\/\",\"name\":\"Euromex NexiusZoom NZ.1903-P - Labopolis\",\"isPartOf\":{\"@id\":\"https:\/\/www.labopolis.com\/#website\"},\"primaryImageOfPage\":{\"@id\":\"https:\/\/www.labopolis.com\/producto\/euromex-nexiuszoom-nz-1903-p\/#primaryimage\"},\"image\":{\"@id\":\"https:\/\/www.labopolis.com\/producto\/euromex-nexiuszoom-nz-1903-p\/#primaryimage\"},\"thumbnailUrl\":\"https:\/\/www.labopolis.com\/wp-content\/uploads\/2023\/07\/NZ.1903-P.jpg\",\"datePublished\":\"2023-07-10T11:39:30+00:00\",\"dateModified\":\"2026-02-18T17:17:10+00:00\",\"description\":\"Modelo Microscopio Estereosc\u00f3pico para Educaci\u00f3n secundaria, f\u00e1cil de utilizar y pensados para estudiantes. Cabezal trinocular, oculares HWF10x\/22 mm. Objetivo Zoom 0,67 a 4,5x. Aumentos 6,7x a 45x. Base plana con columna y dos pinzas de sujeci\u00f3n. Enfoque macrom\u00e9trico. Iluminaci\u00f3n incidente y transmitida LED. Ficha T\u00e9cnica NexiusZoom\",\"breadcrumb\":{\"@id\":\"https:\/\/www.labopolis.com\/producto\/euromex-nexiuszoom-nz-1903-p\/#breadcrumb\"},\"inLanguage\":\"de\",\"potentialAction\":[{\"@type\":\"ReadAction\",\"target\":[\"https:\/\/www.labopolis.com\/producto\/euromex-nexiuszoom-nz-1903-p\/\"]}]},{\"@type\":\"ImageObject\",\"inLanguage\":\"de\",\"@id\":\"https:\/\/www.labopolis.com\/producto\/euromex-nexiuszoom-nz-1903-p\/#primaryimage\",\"url\":\"https:\/\/www.labopolis.com\/wp-content\/uploads\/2023\/07\/NZ.1903-P.jpg\",\"contentUrl\":\"https:\/\/www.labopolis.com\/wp-content\/uploads\/2023\/07\/NZ.1903-P.jpg\",\"width\":624,\"height\":800,\"caption\":\"Producto\"},{\"@type\":\"BreadcrumbList\",\"@id\":\"https:\/\/www.labopolis.com\/producto\/euromex-nexiuszoom-nz-1903-p\/#breadcrumb\",\"itemListElement\":[{\"@type\":\"ListItem\",\"position\":1,\"name\":\"Portada\",\"item\":\"https:\/\/www.labopolis.com\/\"},{\"@type\":\"ListItem\",\"position\":2,\"name\":\"Productos\",\"item\":\"https:\/\/www.labopolis.com\/shop\/\"},{\"@type\":\"ListItem\",\"position\":3,\"name\":\"Euromex NexiusZoom NZ.1903-P\"}]},{\"@type\":\"WebSite\",\"@id\":\"https:\/\/www.labopolis.com\/#website\",\"url\":\"https:\/\/www.labopolis.com\/\",\"name\":\"Labopolis\",\"description\":\"\",\"potentialAction\":[{\"@type\":\"SearchAction\",\"target\":{\"@type\":\"EntryPoint\",\"urlTemplate\":\"https:\/\/www.labopolis.com\/?s={search_term_string}\"},\"query-input\":{\"@type\":\"PropertyValueSpecification\",\"valueRequired\":true,\"valueName\":\"search_term_string\"}}],\"inLanguage\":\"de\"}]}<\/script>\n<!-- \/ Yoast SEO plugin. -->","yoast_head_json":{"title":"Euromex NexiusZoom NZ.1903-P - Labopolis","description":"Modelo Microscopio Estereosc\u00f3pico para Educaci\u00f3n secundaria, f\u00e1cil de utilizar y pensados para estudiantes. Cabezal trinocular, oculares HWF10x\/22 mm. Objetivo Zoom 0,67 a 4,5x. Aumentos 6,7x a 45x. Base plana con columna y dos pinzas de sujeci\u00f3n. Enfoque macrom\u00e9trico. Iluminaci\u00f3n incidente y transmitida LED.   Ficha T\u00e9cnica NexiusZoom","robots":{"index":"index","follow":"follow","max-snippet":"max-snippet:-1","max-image-preview":"max-image-preview:large","max-video-preview":"max-video-preview:-1"},"canonical":"https:\/\/www.labopolis.com\/de\/produkt\/euromex-nexiuszoom-nz-1903-p\/","og_locale":"de_DE","og_type":"article","og_title":"Euromex NexiusZoom NZ.1903-P - Labopolis","og_description":"Modelo Microscopio Estereosc\u00f3pico para Educaci\u00f3n secundaria, f\u00e1cil de utilizar y pensados para estudiantes. Cabezal trinocular, oculares HWF10x\/22 mm. Objetivo Zoom 0,67 a 4,5x. Aumentos 6,7x a 45x. Base plana con columna y dos pinzas de sujeci\u00f3n. Enfoque macrom\u00e9trico. Iluminaci\u00f3n incidente y transmitida LED.   Ficha T\u00e9cnica NexiusZoom","og_url":"https:\/\/www.labopolis.com\/de\/produkt\/euromex-nexiuszoom-nz-1903-p\/","og_site_name":"Labopolis","article_publisher":"https:\/\/www.facebook.com\/profile.php?id=100063251679439","article_modified_time":"2026-02-18T17:17:10+00:00","og_image":[{"width":624,"height":800,"url":"https:\/\/www.labopolis.com\/wp-content\/uploads\/2023\/07\/NZ.1903-P.jpg","type":"image\/jpeg"}],"twitter_card":"summary_large_image","twitter_site":"@Labopolis","twitter_misc":{"Gesch\u00e4tzte Lesezeit":"1\u00a0Minute"},"schema":{"@context":"https:\/\/schema.org","@graph":[{"@type":"WebPage","@id":"https:\/\/www.labopolis.com\/producto\/euromex-nexiuszoom-nz-1903-p\/","url":"https:\/\/www.labopolis.com\/producto\/euromex-nexiuszoom-nz-1903-p\/","name":"Euromex NexiusZoom NZ.1903-P - Labopolis","isPartOf":{"@id":"https:\/\/www.labopolis.com\/#website"},"primaryImageOfPage":{"@id":"https:\/\/www.labopolis.com\/producto\/euromex-nexiuszoom-nz-1903-p\/#primaryimage"},"image":{"@id":"https:\/\/www.labopolis.com\/producto\/euromex-nexiuszoom-nz-1903-p\/#primaryimage"},"thumbnailUrl":"https:\/\/www.labopolis.com\/wp-content\/uploads\/2023\/07\/NZ.1903-P.jpg","datePublished":"2023-07-10T11:39:30+00:00","dateModified":"2026-02-18T17:17:10+00:00","description":"Modelo Microscopio Estereosc\u00f3pico para Educaci\u00f3n secundaria, f\u00e1cil de utilizar y pensados para estudiantes. Cabezal trinocular, oculares HWF10x\/22 mm. Objetivo Zoom 0,67 a 4,5x. Aumentos 6,7x a 45x. Base plana con columna y dos pinzas de sujeci\u00f3n. Enfoque macrom\u00e9trico. Iluminaci\u00f3n incidente y transmitida LED. Ficha T\u00e9cnica NexiusZoom","breadcrumb":{"@id":"https:\/\/www.labopolis.com\/producto\/euromex-nexiuszoom-nz-1903-p\/#breadcrumb"},"inLanguage":"de","potentialAction":[{"@type":"ReadAction","target":["https:\/\/www.labopolis.com\/producto\/euromex-nexiuszoom-nz-1903-p\/"]}]},{"@type":"ImageObject","inLanguage":"de","@id":"https:\/\/www.labopolis.com\/producto\/euromex-nexiuszoom-nz-1903-p\/#primaryimage","url":"https:\/\/www.labopolis.com\/wp-content\/uploads\/2023\/07\/NZ.1903-P.jpg","contentUrl":"https:\/\/www.labopolis.com\/wp-content\/uploads\/2023\/07\/NZ.1903-P.jpg","width":624,"height":800,"caption":"Producto"},{"@type":"BreadcrumbList","@id":"https:\/\/www.labopolis.com\/producto\/euromex-nexiuszoom-nz-1903-p\/#breadcrumb","itemListElement":[{"@type":"ListItem","position":1,"name":"Portada","item":"https:\/\/www.labopolis.com\/"},{"@type":"ListItem","position":2,"name":"Productos","item":"https:\/\/www.labopolis.com\/shop\/"},{"@type":"ListItem","position":3,"name":"Euromex NexiusZoom NZ.1903-P"}]},{"@type":"WebSite","@id":"https:\/\/www.labopolis.com\/#website","url":"https:\/\/www.labopolis.com\/","name":"Labopolis","description":"","potentialAction":[{"@type":"SearchAction","target":{"@type":"EntryPoint","urlTemplate":"https:\/\/www.labopolis.com\/?s={search_term_string}"},"query-input":{"@type":"PropertyValueSpecification","valueRequired":true,"valueName":"search_term_string"}}],"inLanguage":"de"}]}},"_links":{"self":[{"href":"https:\/\/www.labopolis.com\/de\/wp-json\/wp\/v2\/product\/2504","targetHints":{"allow":["GET"]}}],"collection":[{"href":"https:\/\/www.labopolis.com\/de\/wp-json\/wp\/v2\/product"}],"about":[{"href":"https:\/\/www.labopolis.com\/de\/wp-json\/wp\/v2\/types\/product"}],"replies":[{"embeddable":true,"href":"https:\/\/www.labopolis.com\/de\/wp-json\/wp\/v2\/comments?post=2504"}],"wp:featuredmedia":[{"embeddable":true,"href":"https:\/\/www.labopolis.com\/de\/wp-json\/wp\/v2\/media\/2527"}],"wp:attachment":[{"href":"https:\/\/www.labopolis.com\/de\/wp-json\/wp\/v2\/media?parent=2504"}],"wp:term":[{"taxonomy":"product_brand","embeddable":true,"href":"https:\/\/www.labopolis.com\/de\/wp-json\/wp\/v2\/product_brand?post=2504"},{"taxonomy":"product_cat","embeddable":true,"href":"https:\/\/www.labopolis.com\/de\/wp-json\/wp\/v2\/product_cat?post=2504"},{"taxonomy":"product_tag","embeddable":true,"href":"https:\/\/www.labopolis.com\/de\/wp-json\/wp\/v2\/product_tag?post=2504"}],"curies":[{"name":"wp","href":"https:\/\/api.w.org\/{rel}","templated":true}]}}