{"id":2498,"date":"2023-07-10T11:39:30","date_gmt":"2023-07-10T11:39:30","guid":{"rendered":"https:\/\/www.labopolis.com\/?post_type=product&#038;p=2498"},"modified":"2026-02-18T17:14:02","modified_gmt":"2026-02-18T17:14:02","slug":"euromex-stereoblue-sb-1402-p","status":"publish","type":"product","link":"https:\/\/www.labopolis.com\/de\/produkt\/euromex-stereoblue-sb-1402-p\/","title":{"rendered":"Euromex StereoBlue SB.1402-P"},"content":{"rendered":"<p>Stereoskopisches Mikroskopmodell f\u00fcr den Grundschulunterricht, einfach zu bedienen und f\u00fcr Sch\u00fcler konzipiert.<br \/>\nPaar Okulare WF10x\/20 mm. Mit Gummischutzkappen.<br \/>\nBinokularer Kopf, 45\u00ba geneigt. Dioptrienkorrektur in beiden Okulartuben.<br \/>\nPupillendistanz zwischen 55 und 75 mm.<br \/>\nRevolver mit 2x und 4x Objektivpaaren. Arbeitsabstand 100 mm. Maximale Probenh\u00f6he 175 mm.<br \/>\nVergr\u00f6\u00dferungen 20x und 40x. Sehfeld 10 mm und 5 mm.<br \/>\nFlacher S\u00e4ulenfu\u00df, makrometrisches Zahnstangen-Fokussiersystem.<br \/>\nGeliefert mit wei\u00dfer\/schwarzer Platte, transparenter Platte und zwei Klammern.<br \/>\nAuflicht- und Durchlichtanlage LED 1W. Unabh\u00e4ngig dimmbare Intensit\u00e4t. Beide Beleuchtungen k\u00f6nnen gleichzeitig verwendet werden. Interne Stromversorgung.<br \/>\nGeliefert in einer Styroporbox mit Schutzh\u00fclle und Gebrauchsanweisung.<\/p>","protected":false},"excerpt":{"rendered":"<div>Stereomikroskop-Modell f\u00fcr den Grundschulunterricht, einfach zu bedienen und f\u00fcr Sch\u00fcler konzipiert. Binokularer Kopf, Okulare WF10x\/20 mm. Revolver mit 2x und 4x Objektivpaaren. Vergr\u00f6\u00dferung 20x und 40x. Flacher Sockel mit S\u00e4ule und zwei Klemmen. Makrometrische Fokussierung. LED-Auf- und Durchlichtbeleuchtung.<\/div>\n<div><\/div>\n<div><strong><em><a href=\"https:\/\/www.labopolis.com\/wp-content\/uploads\/2019\/10\/StereoBlue_ficha_tecnica_ES.pdf\" target=\"_blank\" rel=\"attachment wp-att-3827 noopener\"><i class=\"fas fa-file-alt\"><\/i> StereoBlue Technisches Datenblatt<\/a><\/em><\/strong><\/div>","protected":false},"featured_media":2521,"comment_status":"open","ping_status":"closed","template":"","meta":[],"product_brand":[],"product_cat":[23,162],"product_tag":[],"class_list":{"0":"post-2498","1":"product","2":"type-product","3":"status-publish","4":"has-post-thumbnail","6":"product_cat-laboratorio","7":"product_cat-microscopios-estereoscopicos","9":"first","10":"instock","11":"taxable","12":"shipping-taxable","13":"purchasable","14":"product-type-simple"},"yoast_head":"<!-- This site is optimized with the Yoast SEO plugin v27.2 - https:\/\/yoast.com\/product\/yoast-seo-wordpress\/ -->\n<title>Euromex StereoBlue SB.1402-P - Labopolis<\/title>\n<meta name=\"description\" content=\"Modelo Microscopio Estereosc\u00f3pico para Educaci\u00f3n primaria, f\u00e1cil de utilizar y pensados para estudiantes. Cabezal binocular, oculares WF10x\/20 mm. Rev\u00f3lver con parejas de objetivos 2x y 4x. Aumentos 20x y 40x. Base plana con columna y dos pinzas de sujeci\u00f3n. Enfoque macrom\u00e9trico. Iluminaci\u00f3n incidente y transmitida LED.   Ficha T\u00e9cnica StereoBlue\" \/>\n<meta name=\"robots\" content=\"index, follow, max-snippet:-1, max-image-preview:large, max-video-preview:-1\" \/>\n<link rel=\"canonical\" href=\"https:\/\/www.labopolis.com\/de\/produkt\/euromex-stereoblue-sb-1402-p\/\" \/>\n<meta property=\"og:locale\" content=\"de_DE\" \/>\n<meta property=\"og:type\" content=\"article\" \/>\n<meta property=\"og:title\" content=\"Euromex StereoBlue SB.1402-P - Labopolis\" \/>\n<meta property=\"og:description\" content=\"Modelo Microscopio Estereosc\u00f3pico para Educaci\u00f3n primaria, f\u00e1cil de utilizar y pensados para estudiantes. Cabezal binocular, oculares WF10x\/20 mm. Rev\u00f3lver con parejas de objetivos 2x y 4x. Aumentos 20x y 40x. Base plana con columna y dos pinzas de sujeci\u00f3n. Enfoque macrom\u00e9trico. Iluminaci\u00f3n incidente y transmitida LED.   Ficha T\u00e9cnica StereoBlue\" \/>\n<meta property=\"og:url\" content=\"https:\/\/www.labopolis.com\/de\/produkt\/euromex-stereoblue-sb-1402-p\/\" \/>\n<meta property=\"og:site_name\" content=\"Labopolis\" \/>\n<meta property=\"article:publisher\" content=\"https:\/\/www.facebook.com\/profile.php?id=100063251679439\" \/>\n<meta property=\"article:modified_time\" content=\"2026-02-18T17:14:02+00:00\" \/>\n<meta property=\"og:image\" content=\"https:\/\/www.labopolis.com\/wp-content\/uploads\/2023\/07\/SB.1402-P.jpg\" \/>\n\t<meta property=\"og:image:width\" content=\"621\" \/>\n\t<meta property=\"og:image:height\" content=\"800\" \/>\n\t<meta property=\"og:image:type\" content=\"image\/jpeg\" \/>\n<meta name=\"twitter:card\" content=\"summary_large_image\" \/>\n<meta name=\"twitter:site\" content=\"@Labopolis\" \/>\n<meta name=\"twitter:label1\" content=\"Gesch\u00e4tzte Lesezeit\" \/>\n\t<meta name=\"twitter:data1\" content=\"1\u00a0Minute\" \/>\n<script type=\"application\/ld+json\" class=\"yoast-schema-graph\">{\"@context\":\"https:\/\/schema.org\",\"@graph\":[{\"@type\":\"WebPage\",\"@id\":\"https:\/\/www.labopolis.com\/producto\/euromex-stereoblue-sb-1402-p\/\",\"url\":\"https:\/\/www.labopolis.com\/producto\/euromex-stereoblue-sb-1402-p\/\",\"name\":\"Euromex StereoBlue SB.1402-P - Labopolis\",\"isPartOf\":{\"@id\":\"https:\/\/www.labopolis.com\/#website\"},\"primaryImageOfPage\":{\"@id\":\"https:\/\/www.labopolis.com\/producto\/euromex-stereoblue-sb-1402-p\/#primaryimage\"},\"image\":{\"@id\":\"https:\/\/www.labopolis.com\/producto\/euromex-stereoblue-sb-1402-p\/#primaryimage\"},\"thumbnailUrl\":\"https:\/\/www.labopolis.com\/wp-content\/uploads\/2023\/07\/SB.1402-P.jpg\",\"datePublished\":\"2023-07-10T11:39:30+00:00\",\"dateModified\":\"2026-02-18T17:14:02+00:00\",\"description\":\"Modelo Microscopio Estereosc\u00f3pico para Educaci\u00f3n primaria, f\u00e1cil de utilizar y pensados para estudiantes. Cabezal binocular, oculares WF10x\/20 mm. Rev\u00f3lver con parejas de objetivos 2x y 4x. Aumentos 20x y 40x. Base plana con columna y dos pinzas de sujeci\u00f3n. Enfoque macrom\u00e9trico. Iluminaci\u00f3n incidente y transmitida LED. Ficha T\u00e9cnica StereoBlue\",\"breadcrumb\":{\"@id\":\"https:\/\/www.labopolis.com\/producto\/euromex-stereoblue-sb-1402-p\/#breadcrumb\"},\"inLanguage\":\"de\",\"potentialAction\":[{\"@type\":\"ReadAction\",\"target\":[\"https:\/\/www.labopolis.com\/producto\/euromex-stereoblue-sb-1402-p\/\"]}]},{\"@type\":\"ImageObject\",\"inLanguage\":\"de\",\"@id\":\"https:\/\/www.labopolis.com\/producto\/euromex-stereoblue-sb-1402-p\/#primaryimage\",\"url\":\"https:\/\/www.labopolis.com\/wp-content\/uploads\/2023\/07\/SB.1402-P.jpg\",\"contentUrl\":\"https:\/\/www.labopolis.com\/wp-content\/uploads\/2023\/07\/SB.1402-P.jpg\",\"width\":621,\"height\":800,\"caption\":\"Producto\"},{\"@type\":\"BreadcrumbList\",\"@id\":\"https:\/\/www.labopolis.com\/producto\/euromex-stereoblue-sb-1402-p\/#breadcrumb\",\"itemListElement\":[{\"@type\":\"ListItem\",\"position\":1,\"name\":\"Portada\",\"item\":\"https:\/\/www.labopolis.com\/\"},{\"@type\":\"ListItem\",\"position\":2,\"name\":\"Productos\",\"item\":\"https:\/\/www.labopolis.com\/shop\/\"},{\"@type\":\"ListItem\",\"position\":3,\"name\":\"Euromex StereoBlue SB.1402-P\"}]},{\"@type\":\"WebSite\",\"@id\":\"https:\/\/www.labopolis.com\/#website\",\"url\":\"https:\/\/www.labopolis.com\/\",\"name\":\"Labopolis\",\"description\":\"\",\"potentialAction\":[{\"@type\":\"SearchAction\",\"target\":{\"@type\":\"EntryPoint\",\"urlTemplate\":\"https:\/\/www.labopolis.com\/?s={search_term_string}\"},\"query-input\":{\"@type\":\"PropertyValueSpecification\",\"valueRequired\":true,\"valueName\":\"search_term_string\"}}],\"inLanguage\":\"de\"}]}<\/script>\n<!-- \/ Yoast SEO plugin. -->","yoast_head_json":{"title":"Euromex StereoBlue SB.1402-P - Labopolis","description":"Stereomikroskop-Modell f\u00fcr den Grundschulunterricht, einfach zu bedienen und f\u00fcr Sch\u00fcler konzipiert. Binokularer Kopf, Okulare WF10x\/20 mm. Revolver mit 2x und 4x Objektivpaaren. Vergr\u00f6\u00dferung 20x und 40x. Flacher Sockel mit S\u00e4ule und zwei Klemmen. Makrometrische Fokussierung. Auflicht- und Durchlicht-LED-Beleuchtung.   StereoBlue Technisches Blatt","robots":{"index":"index","follow":"follow","max-snippet":"max-snippet:-1","max-image-preview":"max-image-preview:large","max-video-preview":"max-video-preview:-1"},"canonical":"https:\/\/www.labopolis.com\/de\/produkt\/euromex-stereoblue-sb-1402-p\/","og_locale":"de_DE","og_type":"article","og_title":"Euromex StereoBlue SB.1402-P - Labopolis","og_description":"Modelo Microscopio Estereosc\u00f3pico para Educaci\u00f3n primaria, f\u00e1cil de utilizar y pensados para estudiantes. Cabezal binocular, oculares WF10x\/20 mm. Rev\u00f3lver con parejas de objetivos 2x y 4x. Aumentos 20x y 40x. Base plana con columna y dos pinzas de sujeci\u00f3n. Enfoque macrom\u00e9trico. Iluminaci\u00f3n incidente y transmitida LED.   Ficha T\u00e9cnica StereoBlue","og_url":"https:\/\/www.labopolis.com\/de\/produkt\/euromex-stereoblue-sb-1402-p\/","og_site_name":"Labopolis","article_publisher":"https:\/\/www.facebook.com\/profile.php?id=100063251679439","article_modified_time":"2026-02-18T17:14:02+00:00","og_image":[{"width":621,"height":800,"url":"https:\/\/www.labopolis.com\/wp-content\/uploads\/2023\/07\/SB.1402-P.jpg","type":"image\/jpeg"}],"twitter_card":"summary_large_image","twitter_site":"@Labopolis","twitter_misc":{"Gesch\u00e4tzte Lesezeit":"1\u00a0Minute"},"schema":{"@context":"https:\/\/schema.org","@graph":[{"@type":"WebPage","@id":"https:\/\/www.labopolis.com\/producto\/euromex-stereoblue-sb-1402-p\/","url":"https:\/\/www.labopolis.com\/producto\/euromex-stereoblue-sb-1402-p\/","name":"Euromex StereoBlue SB.1402-P - Labopolis","isPartOf":{"@id":"https:\/\/www.labopolis.com\/#website"},"primaryImageOfPage":{"@id":"https:\/\/www.labopolis.com\/producto\/euromex-stereoblue-sb-1402-p\/#primaryimage"},"image":{"@id":"https:\/\/www.labopolis.com\/producto\/euromex-stereoblue-sb-1402-p\/#primaryimage"},"thumbnailUrl":"https:\/\/www.labopolis.com\/wp-content\/uploads\/2023\/07\/SB.1402-P.jpg","datePublished":"2023-07-10T11:39:30+00:00","dateModified":"2026-02-18T17:14:02+00:00","description":"Stereomikroskop-Modell f\u00fcr den Grundschulunterricht, einfach zu bedienen und f\u00fcr Sch\u00fcler konzipiert. Binokularer Kopf, Okulare WF10x\/20 mm. Revolver mit 2x und 4x Objektivpaaren. Vergr\u00f6\u00dferung 20x und 40x. Flacher Sockel mit S\u00e4ule und zwei Klemmen. Makrometrische Fokussierung. Auflicht- und Durchlicht-LED-Beleuchtung. StereoBlue Technisches Blatt","breadcrumb":{"@id":"https:\/\/www.labopolis.com\/producto\/euromex-stereoblue-sb-1402-p\/#breadcrumb"},"inLanguage":"de","potentialAction":[{"@type":"ReadAction","target":["https:\/\/www.labopolis.com\/producto\/euromex-stereoblue-sb-1402-p\/"]}]},{"@type":"ImageObject","inLanguage":"de","@id":"https:\/\/www.labopolis.com\/producto\/euromex-stereoblue-sb-1402-p\/#primaryimage","url":"https:\/\/www.labopolis.com\/wp-content\/uploads\/2023\/07\/SB.1402-P.jpg","contentUrl":"https:\/\/www.labopolis.com\/wp-content\/uploads\/2023\/07\/SB.1402-P.jpg","width":621,"height":800,"caption":"Producto"},{"@type":"BreadcrumbList","@id":"https:\/\/www.labopolis.com\/producto\/euromex-stereoblue-sb-1402-p\/#breadcrumb","itemListElement":[{"@type":"ListItem","position":1,"name":"Portada","item":"https:\/\/www.labopolis.com\/"},{"@type":"ListItem","position":2,"name":"Productos","item":"https:\/\/www.labopolis.com\/shop\/"},{"@type":"ListItem","position":3,"name":"Euromex StereoBlue SB.1402-P"}]},{"@type":"WebSite","@id":"https:\/\/www.labopolis.com\/#website","url":"https:\/\/www.labopolis.com\/","name":"Labopolis","description":"","potentialAction":[{"@type":"SearchAction","target":{"@type":"EntryPoint","urlTemplate":"https:\/\/www.labopolis.com\/?s={search_term_string}"},"query-input":{"@type":"PropertyValueSpecification","valueRequired":true,"valueName":"search_term_string"}}],"inLanguage":"de"}]}},"_links":{"self":[{"href":"https:\/\/www.labopolis.com\/de\/wp-json\/wp\/v2\/product\/2498","targetHints":{"allow":["GET"]}}],"collection":[{"href":"https:\/\/www.labopolis.com\/de\/wp-json\/wp\/v2\/product"}],"about":[{"href":"https:\/\/www.labopolis.com\/de\/wp-json\/wp\/v2\/types\/product"}],"replies":[{"embeddable":true,"href":"https:\/\/www.labopolis.com\/de\/wp-json\/wp\/v2\/comments?post=2498"}],"wp:featuredmedia":[{"embeddable":true,"href":"https:\/\/www.labopolis.com\/de\/wp-json\/wp\/v2\/media\/2521"}],"wp:attachment":[{"href":"https:\/\/www.labopolis.com\/de\/wp-json\/wp\/v2\/media?parent=2498"}],"wp:term":[{"taxonomy":"product_brand","embeddable":true,"href":"https:\/\/www.labopolis.com\/de\/wp-json\/wp\/v2\/product_brand?post=2498"},{"taxonomy":"product_cat","embeddable":true,"href":"https:\/\/www.labopolis.com\/de\/wp-json\/wp\/v2\/product_cat?post=2498"},{"taxonomy":"product_tag","embeddable":true,"href":"https:\/\/www.labopolis.com\/de\/wp-json\/wp\/v2\/product_tag?post=2498"}],"curies":[{"name":"wp","href":"https:\/\/api.w.org\/{rel}","templated":true}]}}