{"id":2496,"date":"2023-07-10T11:39:30","date_gmt":"2023-07-10T11:39:30","guid":{"rendered":"https:\/\/www.labopolis.com\/?post_type=product&#038;p=2496"},"modified":"2026-02-18T17:12:25","modified_gmt":"2026-02-18T17:12:25","slug":"euromex-microblue-mb-1152","status":"publish","type":"product","link":"https:\/\/www.labopolis.com\/de\/produkt\/euromex-microblue-mb-1152\/","title":{"rendered":"Euromex MicroBlue MB.1152"},"content":{"rendered":"<p>Modell f\u00fcr den Grundschulunterricht, einfach zu bedienen und f\u00fcr Sch\u00fcler konzipiert.<br \/>\nOkulare DIN WF10x\/18 mm. Mit Befestigungssystem.<br \/>\nBinokularer Kopf, 45\u00b0 geneigt, 360\u00b0 drehbar. L\u00e4nge des Tubus 160 mm.<br \/>\nKugelgelagerter Vierfachlinsenrevolver.<br \/>\nAchromatische Objektive 4x\/0,10, 10x\/0,25, S40x\/0,65 (einziehbar), S100x\/1,25 (einziehbar\/\u00d6limmersion). F\u00fcr 35-mm-Objektive.<br \/>\n115 x 100 mm beweglicher Tiegel mit 55 x 22 mm Versatz.<br \/>\nAlle optischen Komponenten sind schimmelresistent und antireflektierend behandelt.<br \/>\n1,25-A.N.-Kondensor mit Irisblende und Filterring mit 32 mm Durchmesser.<br \/>\nMakrometrischer und mikrometrischer Fokussierknopf auf koaxialer Achse. Mikrometer mit 200 Teilungen, 15 Mikrometer pro Teilung, 3 mm pro Mikrometerumdrehung. Gesamtverschiebung ca. 15 mm. Mit Spannungseinstellung und Tischh\u00f6henbegrenzung zum Schutz von hochvergr\u00f6\u00dfernden Objektiven und der beobachteten Probe.<br \/>\n1 W NEOLED-Beleuchtung mit einstellbarer Intensit\u00e4t und wiederaufladbaren Batterien.<br \/>\nExterne Stromversorgung.<br \/>\nLieferung in Styroporbox mit Schutzh\u00fclle, 5 ml. Immersions\u00f6lflasche und Gebrauchsanweisung.<\/p>","protected":false},"excerpt":{"rendered":"<div>Grundschulmodell, einfach zu bedienen und f\u00fcr Sch\u00fcler konzipiert. Binokularer Kopf, Okulare DIN WF10x\/18 mm. Vierfach-Drehrevolver. Achromatische Objektive 4x, 10x, 40x und 100x DIN 35 mm. Verstellbarer Tisch mit X-Y-Verschiebung. 1,25 A.N. Kondensor. Makro- und mikrometrischer Fokus auf koaxialer Achse. 1W LED-Beleuchtung mit wiederaufladbaren Batterien.<\/div>\n<div><\/div>\n<div><strong><em><a href=\"https:\/\/www.labopolis.com\/wp-content\/uploads\/2019\/10\/MicroBlue_ficha_tecnica_ES.pdf\" target=\"_blank\" rel=\"attachment wp-att-3827 noopener\"><i class=\"fas fa-file-alt\"><\/i> MicroBlue Technisches Datenblatt<\/a><\/em><\/strong><\/div>","protected":false},"featured_media":2519,"comment_status":"open","ping_status":"closed","template":"","meta":[],"product_brand":[],"product_cat":[23,161],"product_tag":[],"class_list":{"0":"post-2496","1":"product","2":"type-product","3":"status-publish","4":"has-post-thumbnail","6":"product_cat-laboratorio","7":"product_cat-microscopios-biologicos","9":"first","10":"instock","11":"taxable","12":"shipping-taxable","13":"purchasable","14":"product-type-simple"},"yoast_head":"<!-- This site is optimized with the Yoast SEO plugin v27.2 - https:\/\/yoast.com\/product\/yoast-seo-wordpress\/ -->\n<title>Euromex MicroBlue MB.1152 - Labopolis<\/title>\n<meta name=\"description\" content=\"Modelo para Educaci\u00f3n primaria, f\u00e1cil de utilizar y pensados para estudiantes. Cabezal binocular, oculares DIN WF10x\/18 mm. Rev\u00f3lver cu\u00e1druple. Objetivos acrom\u00e1ticos 4x, 10x, 40x y 100x DIN 35 mm. Platina m\u00f3vil con desplazamiento X-Y. Condensador A.N. 1.25. Enfoque macro y microm\u00e9trico en eje coaxial. Iluminaci\u00f3n LED 1W con bater\u00edas recargables.   Ficha T\u00e9cnica MicroBlue\" \/>\n<meta name=\"robots\" content=\"index, follow, max-snippet:-1, max-image-preview:large, max-video-preview:-1\" \/>\n<link rel=\"canonical\" href=\"https:\/\/www.labopolis.com\/de\/produkt\/euromex-microblue-mb-1152\/\" \/>\n<meta property=\"og:locale\" content=\"de_DE\" \/>\n<meta property=\"og:type\" content=\"article\" \/>\n<meta property=\"og:title\" content=\"Euromex MicroBlue MB.1152 - Labopolis\" \/>\n<meta property=\"og:description\" content=\"Modelo para Educaci\u00f3n primaria, f\u00e1cil de utilizar y pensados para estudiantes. Cabezal binocular, oculares DIN WF10x\/18 mm. Rev\u00f3lver cu\u00e1druple. Objetivos acrom\u00e1ticos 4x, 10x, 40x y 100x DIN 35 mm. Platina m\u00f3vil con desplazamiento X-Y. Condensador A.N. 1.25. Enfoque macro y microm\u00e9trico en eje coaxial. Iluminaci\u00f3n LED 1W con bater\u00edas recargables.   Ficha T\u00e9cnica MicroBlue\" \/>\n<meta property=\"og:url\" content=\"https:\/\/www.labopolis.com\/de\/produkt\/euromex-microblue-mb-1152\/\" \/>\n<meta property=\"og:site_name\" content=\"Labopolis\" \/>\n<meta property=\"article:publisher\" content=\"https:\/\/www.facebook.com\/profile.php?id=100063251679439\" \/>\n<meta property=\"article:modified_time\" content=\"2026-02-18T17:12:25+00:00\" \/>\n<meta property=\"og:image\" content=\"https:\/\/www.labopolis.com\/wp-content\/uploads\/2023\/07\/MB.1152.jpg\" \/>\n\t<meta property=\"og:image:width\" content=\"692\" \/>\n\t<meta property=\"og:image:height\" content=\"800\" \/>\n\t<meta property=\"og:image:type\" content=\"image\/jpeg\" \/>\n<meta name=\"twitter:card\" content=\"summary_large_image\" \/>\n<meta name=\"twitter:site\" content=\"@Labopolis\" \/>\n<meta name=\"twitter:label1\" content=\"Gesch\u00e4tzte Lesezeit\" \/>\n\t<meta name=\"twitter:data1\" content=\"1\u00a0Minute\" \/>\n<script type=\"application\/ld+json\" class=\"yoast-schema-graph\">{\"@context\":\"https:\/\/schema.org\",\"@graph\":[{\"@type\":\"WebPage\",\"@id\":\"https:\/\/www.labopolis.com\/producto\/euromex-microblue-mb-1152\/\",\"url\":\"https:\/\/www.labopolis.com\/producto\/euromex-microblue-mb-1152\/\",\"name\":\"Euromex MicroBlue MB.1152 - Labopolis\",\"isPartOf\":{\"@id\":\"https:\/\/www.labopolis.com\/#website\"},\"primaryImageOfPage\":{\"@id\":\"https:\/\/www.labopolis.com\/producto\/euromex-microblue-mb-1152\/#primaryimage\"},\"image\":{\"@id\":\"https:\/\/www.labopolis.com\/producto\/euromex-microblue-mb-1152\/#primaryimage\"},\"thumbnailUrl\":\"https:\/\/www.labopolis.com\/wp-content\/uploads\/2023\/07\/MB.1152.jpg\",\"datePublished\":\"2023-07-10T11:39:30+00:00\",\"dateModified\":\"2026-02-18T17:12:25+00:00\",\"description\":\"Modelo para Educaci\u00f3n primaria, f\u00e1cil de utilizar y pensados para estudiantes. Cabezal binocular, oculares DIN WF10x\/18 mm. Rev\u00f3lver cu\u00e1druple. Objetivos acrom\u00e1ticos 4x, 10x, 40x y 100x DIN 35 mm. Platina m\u00f3vil con desplazamiento X-Y. Condensador A.N. 1.25. Enfoque macro y microm\u00e9trico en eje coaxial. Iluminaci\u00f3n LED 1W con bater\u00edas recargables. Ficha T\u00e9cnica MicroBlue\",\"breadcrumb\":{\"@id\":\"https:\/\/www.labopolis.com\/producto\/euromex-microblue-mb-1152\/#breadcrumb\"},\"inLanguage\":\"de\",\"potentialAction\":[{\"@type\":\"ReadAction\",\"target\":[\"https:\/\/www.labopolis.com\/producto\/euromex-microblue-mb-1152\/\"]}]},{\"@type\":\"ImageObject\",\"inLanguage\":\"de\",\"@id\":\"https:\/\/www.labopolis.com\/producto\/euromex-microblue-mb-1152\/#primaryimage\",\"url\":\"https:\/\/www.labopolis.com\/wp-content\/uploads\/2023\/07\/MB.1152.jpg\",\"contentUrl\":\"https:\/\/www.labopolis.com\/wp-content\/uploads\/2023\/07\/MB.1152.jpg\",\"width\":692,\"height\":800,\"caption\":\"Producto\"},{\"@type\":\"BreadcrumbList\",\"@id\":\"https:\/\/www.labopolis.com\/producto\/euromex-microblue-mb-1152\/#breadcrumb\",\"itemListElement\":[{\"@type\":\"ListItem\",\"position\":1,\"name\":\"Portada\",\"item\":\"https:\/\/www.labopolis.com\/\"},{\"@type\":\"ListItem\",\"position\":2,\"name\":\"Productos\",\"item\":\"https:\/\/www.labopolis.com\/shop\/\"},{\"@type\":\"ListItem\",\"position\":3,\"name\":\"Euromex MicroBlue MB.1152\"}]},{\"@type\":\"WebSite\",\"@id\":\"https:\/\/www.labopolis.com\/#website\",\"url\":\"https:\/\/www.labopolis.com\/\",\"name\":\"Labopolis\",\"description\":\"\",\"potentialAction\":[{\"@type\":\"SearchAction\",\"target\":{\"@type\":\"EntryPoint\",\"urlTemplate\":\"https:\/\/www.labopolis.com\/?s={search_term_string}\"},\"query-input\":{\"@type\":\"PropertyValueSpecification\",\"valueRequired\":true,\"valueName\":\"search_term_string\"}}],\"inLanguage\":\"de\"}]}<\/script>\n<!-- \/ Yoast SEO plugin. -->","yoast_head_json":{"title":"Euromex MicroBlue MB.1152 - Labopolis","description":"Grundschulmodell, einfach zu bedienen und f\u00fcr Sch\u00fcler konzipiert. Binokularer Kopf, Okulare DIN WF10x\/18 mm. Vierfach-Drehrevolver. Achromatische Objektive 4x, 10x, 40x und 100x DIN 35 mm. Verstellbarer Tisch mit X-Y-Verschiebung. 1,25 A.N. Kondensor. Makro- und mikrometrischer Fokus auf koaxialer Achse. 1W LED-Beleuchtung mit wiederaufladbaren Batterien.   Technische Daten MicroBlue","robots":{"index":"index","follow":"follow","max-snippet":"max-snippet:-1","max-image-preview":"max-image-preview:large","max-video-preview":"max-video-preview:-1"},"canonical":"https:\/\/www.labopolis.com\/de\/produkt\/euromex-microblue-mb-1152\/","og_locale":"de_DE","og_type":"article","og_title":"Euromex MicroBlue MB.1152 - Labopolis","og_description":"Modelo para Educaci\u00f3n primaria, f\u00e1cil de utilizar y pensados para estudiantes. Cabezal binocular, oculares DIN WF10x\/18 mm. Rev\u00f3lver cu\u00e1druple. Objetivos acrom\u00e1ticos 4x, 10x, 40x y 100x DIN 35 mm. Platina m\u00f3vil con desplazamiento X-Y. Condensador A.N. 1.25. Enfoque macro y microm\u00e9trico en eje coaxial. Iluminaci\u00f3n LED 1W con bater\u00edas recargables.   Ficha T\u00e9cnica MicroBlue","og_url":"https:\/\/www.labopolis.com\/de\/produkt\/euromex-microblue-mb-1152\/","og_site_name":"Labopolis","article_publisher":"https:\/\/www.facebook.com\/profile.php?id=100063251679439","article_modified_time":"2026-02-18T17:12:25+00:00","og_image":[{"width":692,"height":800,"url":"https:\/\/www.labopolis.com\/wp-content\/uploads\/2023\/07\/MB.1152.jpg","type":"image\/jpeg"}],"twitter_card":"summary_large_image","twitter_site":"@Labopolis","twitter_misc":{"Gesch\u00e4tzte Lesezeit":"1\u00a0Minute"},"schema":{"@context":"https:\/\/schema.org","@graph":[{"@type":"WebPage","@id":"https:\/\/www.labopolis.com\/producto\/euromex-microblue-mb-1152\/","url":"https:\/\/www.labopolis.com\/producto\/euromex-microblue-mb-1152\/","name":"Euromex MicroBlue MB.1152 - Labopolis","isPartOf":{"@id":"https:\/\/www.labopolis.com\/#website"},"primaryImageOfPage":{"@id":"https:\/\/www.labopolis.com\/producto\/euromex-microblue-mb-1152\/#primaryimage"},"image":{"@id":"https:\/\/www.labopolis.com\/producto\/euromex-microblue-mb-1152\/#primaryimage"},"thumbnailUrl":"https:\/\/www.labopolis.com\/wp-content\/uploads\/2023\/07\/MB.1152.jpg","datePublished":"2023-07-10T11:39:30+00:00","dateModified":"2026-02-18T17:12:25+00:00","description":"Grundschulmodell, einfach zu bedienen und f\u00fcr Sch\u00fcler konzipiert. Binokularer Kopf, Okulare DIN WF10x\/18 mm. Vierfach-Drehrevolver. Achromatische Objektive 4x, 10x, 40x und 100x DIN 35 mm. Verstellbarer Tisch mit X-Y-Verschiebung. 1,25 A.N. Kondensor. Makro- und mikrometrischer Fokus auf koaxialer Achse. 1W LED-Beleuchtung mit wiederaufladbaren Batterien. Technische Daten MicroBlue","breadcrumb":{"@id":"https:\/\/www.labopolis.com\/producto\/euromex-microblue-mb-1152\/#breadcrumb"},"inLanguage":"de","potentialAction":[{"@type":"ReadAction","target":["https:\/\/www.labopolis.com\/producto\/euromex-microblue-mb-1152\/"]}]},{"@type":"ImageObject","inLanguage":"de","@id":"https:\/\/www.labopolis.com\/producto\/euromex-microblue-mb-1152\/#primaryimage","url":"https:\/\/www.labopolis.com\/wp-content\/uploads\/2023\/07\/MB.1152.jpg","contentUrl":"https:\/\/www.labopolis.com\/wp-content\/uploads\/2023\/07\/MB.1152.jpg","width":692,"height":800,"caption":"Producto"},{"@type":"BreadcrumbList","@id":"https:\/\/www.labopolis.com\/producto\/euromex-microblue-mb-1152\/#breadcrumb","itemListElement":[{"@type":"ListItem","position":1,"name":"Portada","item":"https:\/\/www.labopolis.com\/"},{"@type":"ListItem","position":2,"name":"Productos","item":"https:\/\/www.labopolis.com\/shop\/"},{"@type":"ListItem","position":3,"name":"Euromex MicroBlue MB.1152"}]},{"@type":"WebSite","@id":"https:\/\/www.labopolis.com\/#website","url":"https:\/\/www.labopolis.com\/","name":"Labopolis","description":"","potentialAction":[{"@type":"SearchAction","target":{"@type":"EntryPoint","urlTemplate":"https:\/\/www.labopolis.com\/?s={search_term_string}"},"query-input":{"@type":"PropertyValueSpecification","valueRequired":true,"valueName":"search_term_string"}}],"inLanguage":"de"}]}},"_links":{"self":[{"href":"https:\/\/www.labopolis.com\/de\/wp-json\/wp\/v2\/product\/2496","targetHints":{"allow":["GET"]}}],"collection":[{"href":"https:\/\/www.labopolis.com\/de\/wp-json\/wp\/v2\/product"}],"about":[{"href":"https:\/\/www.labopolis.com\/de\/wp-json\/wp\/v2\/types\/product"}],"replies":[{"embeddable":true,"href":"https:\/\/www.labopolis.com\/de\/wp-json\/wp\/v2\/comments?post=2496"}],"wp:featuredmedia":[{"embeddable":true,"href":"https:\/\/www.labopolis.com\/de\/wp-json\/wp\/v2\/media\/2519"}],"wp:attachment":[{"href":"https:\/\/www.labopolis.com\/de\/wp-json\/wp\/v2\/media?parent=2496"}],"wp:term":[{"taxonomy":"product_brand","embeddable":true,"href":"https:\/\/www.labopolis.com\/de\/wp-json\/wp\/v2\/product_brand?post=2496"},{"taxonomy":"product_cat","embeddable":true,"href":"https:\/\/www.labopolis.com\/de\/wp-json\/wp\/v2\/product_cat?post=2496"},{"taxonomy":"product_tag","embeddable":true,"href":"https:\/\/www.labopolis.com\/de\/wp-json\/wp\/v2\/product_tag?post=2496"}],"curies":[{"name":"wp","href":"https:\/\/api.w.org\/{rel}","templated":true}]}}