{"id":2480,"date":"2023-07-10T11:39:28","date_gmt":"2023-07-10T11:39:28","guid":{"rendered":"https:\/\/www.labopolis.com\/?post_type=product&#038;p=2480"},"modified":"2024-02-02T18:08:46","modified_gmt":"2024-02-02T18:08:46","slug":"capp-forte-dispensador-de-botellas","status":"publish","type":"product","link":"https:\/\/www.labopolis.com\/de\/produkt\/capp-forte-dispensador-de-botellas\/","title":{"rendered":"Capp Forte - Flaschenspender"},"content":{"rendered":"<p>Der CappForte-Flaschenspender basiert auf dem Prinzip der positiven Verdr\u00e4ngung, bei dem der festsitzende Kolben die W\u00e4nde des Glaszylinders reinigt und die Fl\u00fcssigkeit vollst\u00e4ndig entfernt. Diese Art der Konstruktion ist ideal f\u00fcr viele Arten von Medien, die normalerweise als problematisch zu handhaben gelten, wie z. B. Reagenzien, die zum Kristallisieren neigen, viskose Fl\u00fcssigkeiten, Schaum oder verdampfende Fl\u00fcssigkeiten.<br \/>\nAusgestattet mit einer einzigartigen Abstreifdichtung, verhindert der Spender das Aufquellen und Einfrieren Ihres Kolbens.<br \/>\nDie Bedienung des Spenders ist dank des Schiebe- und Feststellknopfes f\u00fcr die Lautst\u00e4rkeeinstellung \u00e4u\u00dferst benutzerfreundlich. Sowohl Rechts- als auch Linksh\u00e4nder k\u00f6nnen schnell und pr\u00e4zise die gew\u00fcnschte Menge einstellen. Das Auslaufrohr ist drehbar, so dass das Flaschenetikett jederzeit sichtbar ist. Das Teleskop-Einlassrohr ist leicht verstellbar, so dass die Reagenzienflaschen ohne Schneiden eingestellt werden k\u00f6nnen. Das Ger\u00e4t enth\u00e4lt drei PP-Adapter f\u00fcr die g\u00e4ngigsten Flaschengr\u00f6\u00dfen.<br \/>\nDie CappForte bietet erh\u00f6hte Anwendersicherheit, indem sie den unbeabsichtigten Fluss von Reagenzien verhindert. Ein versehentliches Blockieren des 3-Wege-Ventils deaktiviert die Dispensierfunktion. Au\u00dferdem kann das System evakuiert werden, ohne die Einheit aus der Flasche zu nehmen. Die transparente Kunststoffh\u00fclse sch\u00fctzt den Benutzer bei Glasbruch vor Schnittverletzungen und Spritzern, und der tropffreie Auslaufschlauchhalter verhindert ein Verrutschen des Schlauches.<br \/>\nDie modulare Bauweise des CappForte Top Bottle Dispensers erm\u00f6glicht eine einfache und kosteng\u00fcnstige Wartung und Reparatur und verl\u00e4ngert so die Lebensdauer des Ger\u00e4ts.<\/p>","protected":false},"excerpt":{"rendered":"<p>Capp Forte &#8211; Dispensador de botellas<\/p>\n<table>\n<tbody>\n<tr>\n<td class=\"textop\" style=\"font-weight: bold;\" align=\"center\">Referencia<\/td>\n<td class=\"textop\" style=\"font-weight: bold;\" align=\"center\">Descripci\u00f3n<\/td>\n<\/tr>\n<tr>\n<td class=\"textop\" style=\"font-weight: bold;\" align=\"center\">CF2-1<\/td>\n<td class=\"textop\">\u00a0Capp Dispensador de botella, 0,25-2,5mL<\/td>\n<\/tr>\n<tr>\n<td class=\"textop\" style=\"font-weight: bold;\" align=\"center\">CF5-1<\/td>\n<td class=\"textop\">\u00a0Capp Dispensador de botella, 0,5-5mL<\/td>\n<\/tr>\n<tr>\n<td class=\"textop\" style=\"font-weight: bold;\" align=\"center\">CF10-1<\/td>\n<td class=\"textop\">\u00a0Capp Dispensador de botella, 1-10mL<\/td>\n<\/tr>\n<tr>\n<td class=\"textop\" style=\"font-weight: bold;\" align=\"center\">CF25-1<\/td>\n<td class=\"textop\">\u00a0Capp Dispensador de botella, 2,5-25mL<\/td>\n<\/tr>\n<tr>\n<td class=\"textop\" style=\"font-weight: bold;\" align=\"center\">CF50-1<\/td>\n<td class=\"textop\">\u00a0Capp Dispensador de botella, 5-50mL<\/td>\n<\/tr>\n<\/tbody>\n<\/table>\n<p>[sv slug=\u00bbproductos\u00bb]<\/p>\n","protected":false},"featured_media":11836,"comment_status":"open","ping_status":"closed","template":"","meta":[],"product_brand":[],"product_cat":[159],"product_tag":[],"class_list":{"0":"post-2480","1":"product","2":"type-product","3":"status-publish","4":"has-post-thumbnail","6":"product_cat-pipetas","8":"first","9":"instock","10":"taxable","11":"shipping-taxable","12":"product-type-simple"},"yoast_head":"<!-- This site is optimized with the Yoast SEO plugin v27.2 - https:\/\/yoast.com\/product\/yoast-seo-wordpress\/ -->\n<title>Capp Forte - Dispensador de botellas - Labopolis<\/title>\n<meta name=\"description\" content=\"La opci\u00f3n ideal para el dispensado de bases, \u00e1cidos y solventes. Fabricado de materiales de alta resistencia, como PTFE, PFA, etc.\" \/>\n<meta name=\"robots\" content=\"index, follow, max-snippet:-1, max-image-preview:large, max-video-preview:-1\" \/>\n<link rel=\"canonical\" href=\"https:\/\/www.labopolis.com\/de\/produkt\/capp-forte-dispensador-de-botellas\/\" \/>\n<meta property=\"og:locale\" content=\"de_DE\" \/>\n<meta property=\"og:type\" content=\"article\" \/>\n<meta property=\"og:title\" content=\"Capp Forte - Dispensador de botellas - Labopolis\" \/>\n<meta property=\"og:description\" content=\"La opci\u00f3n ideal para el dispensado de bases, \u00e1cidos y solventes. Fabricado de materiales de alta resistencia, como PTFE, PFA, etc.\" \/>\n<meta property=\"og:url\" content=\"https:\/\/www.labopolis.com\/de\/produkt\/capp-forte-dispensador-de-botellas\/\" \/>\n<meta property=\"og:site_name\" content=\"Labopolis\" \/>\n<meta property=\"article:publisher\" content=\"https:\/\/www.facebook.com\/profile.php?id=100063251679439\" \/>\n<meta property=\"article:modified_time\" content=\"2024-02-02T18:08:46+00:00\" \/>\n<meta property=\"og:image\" content=\"https:\/\/www.labopolis.com\/wp-content\/uploads\/2023\/07\/Bottle-Top-Dispenser-3-1-6.jpg\" \/>\n\t<meta property=\"og:image:width\" content=\"601\" \/>\n\t<meta property=\"og:image:height\" content=\"601\" \/>\n\t<meta property=\"og:image:type\" content=\"image\/jpeg\" \/>\n<meta name=\"twitter:card\" content=\"summary_large_image\" \/>\n<meta name=\"twitter:site\" content=\"@Labopolis\" \/>\n<meta name=\"twitter:label1\" content=\"Gesch\u00e4tzte Lesezeit\" \/>\n\t<meta name=\"twitter:data1\" content=\"1\u00a0Minute\" \/>\n<script type=\"application\/ld+json\" class=\"yoast-schema-graph\">{\"@context\":\"https:\/\/schema.org\",\"@graph\":[{\"@type\":\"WebPage\",\"@id\":\"https:\/\/www.labopolis.com\/producto\/capp-forte-dispensador-de-botellas\/\",\"url\":\"https:\/\/www.labopolis.com\/producto\/capp-forte-dispensador-de-botellas\/\",\"name\":\"Capp Forte - Dispensador de botellas - Labopolis\",\"isPartOf\":{\"@id\":\"https:\/\/www.labopolis.com\/#website\"},\"primaryImageOfPage\":{\"@id\":\"https:\/\/www.labopolis.com\/producto\/capp-forte-dispensador-de-botellas\/#primaryimage\"},\"image\":{\"@id\":\"https:\/\/www.labopolis.com\/producto\/capp-forte-dispensador-de-botellas\/#primaryimage\"},\"thumbnailUrl\":\"https:\/\/www.labopolis.com\/wp-content\/uploads\/2023\/07\/Bottle-Top-Dispenser-3-1-6.jpg\",\"datePublished\":\"2023-07-10T11:39:28+00:00\",\"dateModified\":\"2024-02-02T18:08:46+00:00\",\"description\":\"La opci\u00f3n ideal para el dispensado de bases, \u00e1cidos y solventes. Fabricado de materiales de alta resistencia, como PTFE, PFA, etc.\",\"breadcrumb\":{\"@id\":\"https:\/\/www.labopolis.com\/producto\/capp-forte-dispensador-de-botellas\/#breadcrumb\"},\"inLanguage\":\"de\",\"potentialAction\":[{\"@type\":\"ReadAction\",\"target\":[\"https:\/\/www.labopolis.com\/producto\/capp-forte-dispensador-de-botellas\/\"]}]},{\"@type\":\"ImageObject\",\"inLanguage\":\"de\",\"@id\":\"https:\/\/www.labopolis.com\/producto\/capp-forte-dispensador-de-botellas\/#primaryimage\",\"url\":\"https:\/\/www.labopolis.com\/wp-content\/uploads\/2023\/07\/Bottle-Top-Dispenser-3-1-6.jpg\",\"contentUrl\":\"https:\/\/www.labopolis.com\/wp-content\/uploads\/2023\/07\/Bottle-Top-Dispenser-3-1-6.jpg\",\"width\":601,\"height\":601},{\"@type\":\"BreadcrumbList\",\"@id\":\"https:\/\/www.labopolis.com\/producto\/capp-forte-dispensador-de-botellas\/#breadcrumb\",\"itemListElement\":[{\"@type\":\"ListItem\",\"position\":1,\"name\":\"Portada\",\"item\":\"https:\/\/www.labopolis.com\/\"},{\"@type\":\"ListItem\",\"position\":2,\"name\":\"Productos\",\"item\":\"https:\/\/www.labopolis.com\/shop\/\"},{\"@type\":\"ListItem\",\"position\":3,\"name\":\"Capp Forte &#8211; Dispensador de botellas\"}]},{\"@type\":\"WebSite\",\"@id\":\"https:\/\/www.labopolis.com\/#website\",\"url\":\"https:\/\/www.labopolis.com\/\",\"name\":\"Labopolis\",\"description\":\"\",\"potentialAction\":[{\"@type\":\"SearchAction\",\"target\":{\"@type\":\"EntryPoint\",\"urlTemplate\":\"https:\/\/www.labopolis.com\/?s={search_term_string}\"},\"query-input\":{\"@type\":\"PropertyValueSpecification\",\"valueRequired\":true,\"valueName\":\"search_term_string\"}}],\"inLanguage\":\"de\"}]}<\/script>\n<!-- \/ Yoast SEO plugin. -->","yoast_head_json":{"title":"Capp Forte - Dispensador de botellas - Labopolis","description":"La opci\u00f3n ideal para el dispensado de bases, \u00e1cidos y solventes. Fabricado de materiales de alta resistencia, como PTFE, PFA, etc.","robots":{"index":"index","follow":"follow","max-snippet":"max-snippet:-1","max-image-preview":"max-image-preview:large","max-video-preview":"max-video-preview:-1"},"canonical":"https:\/\/www.labopolis.com\/de\/produkt\/capp-forte-dispensador-de-botellas\/","og_locale":"de_DE","og_type":"article","og_title":"Capp Forte - Dispensador de botellas - Labopolis","og_description":"La opci\u00f3n ideal para el dispensado de bases, \u00e1cidos y solventes. Fabricado de materiales de alta resistencia, como PTFE, PFA, etc.","og_url":"https:\/\/www.labopolis.com\/de\/produkt\/capp-forte-dispensador-de-botellas\/","og_site_name":"Labopolis","article_publisher":"https:\/\/www.facebook.com\/profile.php?id=100063251679439","article_modified_time":"2024-02-02T18:08:46+00:00","og_image":[{"width":601,"height":601,"url":"https:\/\/www.labopolis.com\/wp-content\/uploads\/2023\/07\/Bottle-Top-Dispenser-3-1-6.jpg","type":"image\/jpeg"}],"twitter_card":"summary_large_image","twitter_site":"@Labopolis","twitter_misc":{"Gesch\u00e4tzte Lesezeit":"1\u00a0Minute"},"schema":{"@context":"https:\/\/schema.org","@graph":[{"@type":"WebPage","@id":"https:\/\/www.labopolis.com\/producto\/capp-forte-dispensador-de-botellas\/","url":"https:\/\/www.labopolis.com\/producto\/capp-forte-dispensador-de-botellas\/","name":"Capp Forte - Dispensador de botellas - Labopolis","isPartOf":{"@id":"https:\/\/www.labopolis.com\/#website"},"primaryImageOfPage":{"@id":"https:\/\/www.labopolis.com\/producto\/capp-forte-dispensador-de-botellas\/#primaryimage"},"image":{"@id":"https:\/\/www.labopolis.com\/producto\/capp-forte-dispensador-de-botellas\/#primaryimage"},"thumbnailUrl":"https:\/\/www.labopolis.com\/wp-content\/uploads\/2023\/07\/Bottle-Top-Dispenser-3-1-6.jpg","datePublished":"2023-07-10T11:39:28+00:00","dateModified":"2024-02-02T18:08:46+00:00","description":"La opci\u00f3n ideal para el dispensado de bases, \u00e1cidos y solventes. Fabricado de materiales de alta resistencia, como PTFE, PFA, etc.","breadcrumb":{"@id":"https:\/\/www.labopolis.com\/producto\/capp-forte-dispensador-de-botellas\/#breadcrumb"},"inLanguage":"de","potentialAction":[{"@type":"ReadAction","target":["https:\/\/www.labopolis.com\/producto\/capp-forte-dispensador-de-botellas\/"]}]},{"@type":"ImageObject","inLanguage":"de","@id":"https:\/\/www.labopolis.com\/producto\/capp-forte-dispensador-de-botellas\/#primaryimage","url":"https:\/\/www.labopolis.com\/wp-content\/uploads\/2023\/07\/Bottle-Top-Dispenser-3-1-6.jpg","contentUrl":"https:\/\/www.labopolis.com\/wp-content\/uploads\/2023\/07\/Bottle-Top-Dispenser-3-1-6.jpg","width":601,"height":601},{"@type":"BreadcrumbList","@id":"https:\/\/www.labopolis.com\/producto\/capp-forte-dispensador-de-botellas\/#breadcrumb","itemListElement":[{"@type":"ListItem","position":1,"name":"Portada","item":"https:\/\/www.labopolis.com\/"},{"@type":"ListItem","position":2,"name":"Productos","item":"https:\/\/www.labopolis.com\/shop\/"},{"@type":"ListItem","position":3,"name":"Capp Forte &#8211; Dispensador de botellas"}]},{"@type":"WebSite","@id":"https:\/\/www.labopolis.com\/#website","url":"https:\/\/www.labopolis.com\/","name":"Labopolis","description":"","potentialAction":[{"@type":"SearchAction","target":{"@type":"EntryPoint","urlTemplate":"https:\/\/www.labopolis.com\/?s={search_term_string}"},"query-input":{"@type":"PropertyValueSpecification","valueRequired":true,"valueName":"search_term_string"}}],"inLanguage":"de"}]}},"_links":{"self":[{"href":"https:\/\/www.labopolis.com\/de\/wp-json\/wp\/v2\/product\/2480","targetHints":{"allow":["GET"]}}],"collection":[{"href":"https:\/\/www.labopolis.com\/de\/wp-json\/wp\/v2\/product"}],"about":[{"href":"https:\/\/www.labopolis.com\/de\/wp-json\/wp\/v2\/types\/product"}],"replies":[{"embeddable":true,"href":"https:\/\/www.labopolis.com\/de\/wp-json\/wp\/v2\/comments?post=2480"}],"wp:featuredmedia":[{"embeddable":true,"href":"https:\/\/www.labopolis.com\/de\/wp-json\/wp\/v2\/media\/11836"}],"wp:attachment":[{"href":"https:\/\/www.labopolis.com\/de\/wp-json\/wp\/v2\/media?parent=2480"}],"wp:term":[{"taxonomy":"product_brand","embeddable":true,"href":"https:\/\/www.labopolis.com\/de\/wp-json\/wp\/v2\/product_brand?post=2480"},{"taxonomy":"product_cat","embeddable":true,"href":"https:\/\/www.labopolis.com\/de\/wp-json\/wp\/v2\/product_cat?post=2480"},{"taxonomy":"product_tag","embeddable":true,"href":"https:\/\/www.labopolis.com\/de\/wp-json\/wp\/v2\/product_tag?post=2480"}],"curies":[{"name":"wp","href":"https:\/\/api.w.org\/{rel}","templated":true}]}}