{"id":2459,"date":"2023-07-10T11:39:17","date_gmt":"2023-07-10T11:39:17","guid":{"rendered":"https:\/\/www.labopolis.com\/?post_type=product&#038;p=2459"},"modified":"2024-02-02T18:02:33","modified_gmt":"2024-02-02T18:02:33","slug":"pipetas-electronicas-capp-maestro","status":"publish","type":"product","link":"https:\/\/www.labopolis.com\/de\/produkt\/pipetas-electronicas-capp-maestro\/","title":{"rendered":"Elektronische Pipetten - Capp Maestro"},"content":{"rendered":"<p>CAPPMaestro ist die elektronische Pipette, die alle Vorteile vereint, die der moderne Forscher braucht. Die Taste \"Favoriten\" ist die erste Funktion, die Sie auf dem OLED-Farbdisplay der CAPPMaestro sehen. Das OLED-Farbdisplay erm\u00f6glicht eine bessere optische Kontrolle w\u00e4hrend des Pipettierens, da es im Vergleich zu anderen LCD-Displays einen h\u00f6heren Kontrast und eine h\u00f6here Bildwiederholrate bietet.<br \/>\nDar\u00fcber hinaus verbraucht ein OLED-Display weniger Energie als andere Displays.<br \/>\nLeichte Konstruktion und schlankes, ergonomisches Design mit einem breiten Haken, der es erm\u00f6glicht, die Pipette in der Handfl\u00e4che zu halten, ohne dass man sie \"greifen\" muss.<br \/>\nDer CAPPMaestro-Spitzenauswerfer erm\u00f6glicht es Ihnen, Ihren Daumen abzust\u00fctzen.<br \/>\nLegen Sie einfach Ihren Daumen auf den Spitzenabwurf und bet\u00e4tigen Sie gleichzeitig vorsichtig den Pipettierknopf.<br \/>\nOptimieren Sie Ihre Chargenarbeit mit fortschrittlichen Funktionen wie Mehrfachdosierung, Verd\u00fcnnung und Mischen, die alle auf dem CAPPMaestro verf\u00fcgbar sind, w\u00e4hrend Sie durch die benutzerfreundliche Schnittstelle mit intuitiven, einfach zu bedienenden Grafiken navigieren.<br \/>\nF\u00fcr Ihre routinem\u00e4\u00dfigen Laborarbeiten k\u00f6nnen Sie mit CAPPMaestro Ihre Lieblingsprotokolle speichern und mit nur zwei Tasten zwischen ihnen wechseln.<br \/>\nWenn Sie den h\u00e4ufigen Batteriewechsel leid sind, sollten Sie das CAPPMaestro ausprobieren, das mit Lithiumbatterien arbeitet, die f\u00fcr eine lange Lebensdauer sorgen.<br \/>\nSie k\u00f6nnen diese elektronische Pipette auch w\u00e4hrend des Aufladens verwenden.<br \/>\nPasswort- und Kalibrierungsfunktionen sind verf\u00fcgbar.<\/p>","protected":false},"excerpt":{"rendered":"<p>Pipetas electr\u00f3nicas &#8211; Capp Maestro<\/p>\n<table>\n<tbody>\n<tr>\n<td class=\"textop\" style=\"font-weight: bold;\" align=\"center\">Referencia<\/td>\n<td class=\"textop\" style=\"font-weight: bold;\" align=\"center\">Descripci\u00f3n<\/td>\n<\/tr>\n<tr>\n<td class=\"textop\" style=\"font-weight: bold;\">M10-1<\/td>\n<td class=\"textop\">Pipeta electr\u00f3nica Capp Maestro, monocanal, 0,2-10\u00b5l<\/td>\n<\/tr>\n<tr>\n<td class=\"textop\" style=\"font-weight: bold;\">M100-1<\/td>\n<td class=\"textop\">Pipeta electr\u00f3nica Capp Maestro, monocanal, 5-100\u00b5l<\/td>\n<\/tr>\n<tr>\n<td class=\"textop\" style=\"font-weight: bold;\">M200-1<\/td>\n<td class=\"textop\">Pipeta electr\u00f3nica Capp Maestro, monocanal, 10-200\u00b5l<\/td>\n<\/tr>\n<tr>\n<td class=\"textop\" style=\"font-weight: bold;\">M1000-1<\/td>\n<td class=\"textop\">Pipeta electr\u00f3nica Capp Maestro, monocanal, 50-1000\u00b5l<\/td>\n<\/tr>\n<tr>\n<td class=\"textop\" style=\"font-weight: bold;\">M5000-1<\/td>\n<td class=\"textop\">Pipeta electr\u00f3nica Capp Maestro, monocanal, 500-5000\u00b5l<\/td>\n<\/tr>\n<\/tbody>\n<\/table>\n<p>[sv slug=\u00bbproductos\u00bb]<\/p>\n","protected":false},"featured_media":2474,"comment_status":"open","ping_status":"closed","template":"","meta":[],"product_brand":[],"product_cat":[159],"product_tag":[],"class_list":{"0":"post-2459","1":"product","2":"type-product","3":"status-publish","4":"has-post-thumbnail","6":"product_cat-pipetas","8":"first","9":"instock","10":"taxable","11":"shipping-taxable","12":"product-type-simple"},"yoast_head":"<!-- This site is optimized with the Yoast SEO plugin v27.2 - https:\/\/yoast.com\/product\/yoast-seo-wordpress\/ -->\n<title>Pipetas Electr\u00f3nicas - Capp Maestro - Labopolis<\/title>\n<meta name=\"description\" content=\"Pipetas electr\u00f3nicas - Capp Maestro    Referencia Descripci\u00f3n   M10-1 Pipeta electr\u00f3nica Capp Maestro, monocanal, 0,2-10\u00b5l   M100-1 Pipeta electr\u00f3nica Capp Maestro, monocanal, 5-100\u00b5l   M200-1 Pipeta electr\u00f3nica Capp Maestro, monocanal, 10-200\u00b5l   M1000-1 Pipeta electr\u00f3nica Capp Maestro, monocanal, 50-1000\u00b5l   M5000-1 Pipeta electr\u00f3nica Capp Maestro, monocanal, 500-5000\u00b5l\" \/>\n<meta name=\"robots\" content=\"index, follow, max-snippet:-1, max-image-preview:large, max-video-preview:-1\" \/>\n<link rel=\"canonical\" href=\"https:\/\/www.labopolis.com\/de\/produkt\/pipetas-electronicas-capp-maestro\/\" \/>\n<meta property=\"og:locale\" content=\"de_DE\" \/>\n<meta property=\"og:type\" content=\"article\" \/>\n<meta property=\"og:title\" content=\"Pipetas Electr\u00f3nicas - Capp Maestro - Labopolis\" \/>\n<meta property=\"og:description\" content=\"Pipetas electr\u00f3nicas - Capp Maestro    Referencia Descripci\u00f3n   M10-1 Pipeta electr\u00f3nica Capp Maestro, monocanal, 0,2-10\u00b5l   M100-1 Pipeta electr\u00f3nica Capp Maestro, monocanal, 5-100\u00b5l   M200-1 Pipeta electr\u00f3nica Capp Maestro, monocanal, 10-200\u00b5l   M1000-1 Pipeta electr\u00f3nica Capp Maestro, monocanal, 50-1000\u00b5l   M5000-1 Pipeta electr\u00f3nica Capp Maestro, monocanal, 500-5000\u00b5l\" \/>\n<meta property=\"og:url\" content=\"https:\/\/www.labopolis.com\/de\/produkt\/pipetas-electronicas-capp-maestro\/\" \/>\n<meta property=\"og:site_name\" content=\"Labopolis\" \/>\n<meta property=\"article:publisher\" content=\"https:\/\/www.facebook.com\/profile.php?id=100063251679439\" \/>\n<meta property=\"article:modified_time\" content=\"2024-02-02T18:02:33+00:00\" \/>\n<meta property=\"og:image\" content=\"https:\/\/www.labopolis.com\/wp-content\/uploads\/2023\/07\/CappMaestro.jpg\" \/>\n\t<meta property=\"og:image:width\" content=\"386\" \/>\n\t<meta property=\"og:image:height\" content=\"768\" \/>\n\t<meta property=\"og:image:type\" content=\"image\/jpeg\" \/>\n<meta name=\"twitter:card\" content=\"summary_large_image\" \/>\n<meta name=\"twitter:site\" content=\"@Labopolis\" \/>\n<meta name=\"twitter:label1\" content=\"Gesch\u00e4tzte Lesezeit\" \/>\n\t<meta name=\"twitter:data1\" content=\"1\u00a0Minute\" \/>\n<script type=\"application\/ld+json\" class=\"yoast-schema-graph\">{\"@context\":\"https:\/\/schema.org\",\"@graph\":[{\"@type\":\"WebPage\",\"@id\":\"https:\/\/www.labopolis.com\/producto\/pipetas-electronicas-capp-maestro\/\",\"url\":\"https:\/\/www.labopolis.com\/producto\/pipetas-electronicas-capp-maestro\/\",\"name\":\"Pipetas Electr\u00f3nicas - Capp Maestro - Labopolis\",\"isPartOf\":{\"@id\":\"https:\/\/www.labopolis.com\/#website\"},\"primaryImageOfPage\":{\"@id\":\"https:\/\/www.labopolis.com\/producto\/pipetas-electronicas-capp-maestro\/#primaryimage\"},\"image\":{\"@id\":\"https:\/\/www.labopolis.com\/producto\/pipetas-electronicas-capp-maestro\/#primaryimage\"},\"thumbnailUrl\":\"https:\/\/www.labopolis.com\/wp-content\/uploads\/2023\/07\/CappMaestro.jpg\",\"datePublished\":\"2023-07-10T11:39:17+00:00\",\"dateModified\":\"2024-02-02T18:02:33+00:00\",\"description\":\"Pipetas electr\u00f3nicas - Capp Maestro Referencia Descripci\u00f3n M10-1 Pipeta electr\u00f3nica Capp Maestro, monocanal, 0,2-10\u00b5l M100-1 Pipeta electr\u00f3nica Capp Maestro, monocanal, 5-100\u00b5l M200-1 Pipeta electr\u00f3nica Capp Maestro, monocanal, 10-200\u00b5l M1000-1 Pipeta electr\u00f3nica Capp Maestro, monocanal, 50-1000\u00b5l M5000-1 Pipeta electr\u00f3nica Capp Maestro, monocanal, 500-5000\u00b5l\",\"breadcrumb\":{\"@id\":\"https:\/\/www.labopolis.com\/producto\/pipetas-electronicas-capp-maestro\/#breadcrumb\"},\"inLanguage\":\"de\",\"potentialAction\":[{\"@type\":\"ReadAction\",\"target\":[\"https:\/\/www.labopolis.com\/producto\/pipetas-electronicas-capp-maestro\/\"]}]},{\"@type\":\"ImageObject\",\"inLanguage\":\"de\",\"@id\":\"https:\/\/www.labopolis.com\/producto\/pipetas-electronicas-capp-maestro\/#primaryimage\",\"url\":\"https:\/\/www.labopolis.com\/wp-content\/uploads\/2023\/07\/CappMaestro.jpg\",\"contentUrl\":\"https:\/\/www.labopolis.com\/wp-content\/uploads\/2023\/07\/CappMaestro.jpg\",\"width\":386,\"height\":768,\"caption\":\"Producto\"},{\"@type\":\"BreadcrumbList\",\"@id\":\"https:\/\/www.labopolis.com\/producto\/pipetas-electronicas-capp-maestro\/#breadcrumb\",\"itemListElement\":[{\"@type\":\"ListItem\",\"position\":1,\"name\":\"Portada\",\"item\":\"https:\/\/www.labopolis.com\/\"},{\"@type\":\"ListItem\",\"position\":2,\"name\":\"Productos\",\"item\":\"https:\/\/www.labopolis.com\/shop\/\"},{\"@type\":\"ListItem\",\"position\":3,\"name\":\"Pipetas Electr\u00f3nicas &#8211; Capp Maestro\"}]},{\"@type\":\"WebSite\",\"@id\":\"https:\/\/www.labopolis.com\/#website\",\"url\":\"https:\/\/www.labopolis.com\/\",\"name\":\"Labopolis\",\"description\":\"\",\"potentialAction\":[{\"@type\":\"SearchAction\",\"target\":{\"@type\":\"EntryPoint\",\"urlTemplate\":\"https:\/\/www.labopolis.com\/?s={search_term_string}\"},\"query-input\":{\"@type\":\"PropertyValueSpecification\",\"valueRequired\":true,\"valueName\":\"search_term_string\"}}],\"inLanguage\":\"de\"}]}<\/script>\n<!-- \/ Yoast SEO plugin. -->","yoast_head_json":{"title":"Pipetas Electr\u00f3nicas - Capp Maestro - Labopolis","description":"Pipetas electr\u00f3nicas - Capp Maestro    Referencia Descripci\u00f3n   M10-1 Pipeta electr\u00f3nica Capp Maestro, monocanal, 0,2-10\u00b5l   M100-1 Pipeta electr\u00f3nica Capp Maestro, monocanal, 5-100\u00b5l   M200-1 Pipeta electr\u00f3nica Capp Maestro, monocanal, 10-200\u00b5l   M1000-1 Pipeta electr\u00f3nica Capp Maestro, monocanal, 50-1000\u00b5l   M5000-1 Pipeta electr\u00f3nica Capp Maestro, monocanal, 500-5000\u00b5l","robots":{"index":"index","follow":"follow","max-snippet":"max-snippet:-1","max-image-preview":"max-image-preview:large","max-video-preview":"max-video-preview:-1"},"canonical":"https:\/\/www.labopolis.com\/de\/produkt\/pipetas-electronicas-capp-maestro\/","og_locale":"de_DE","og_type":"article","og_title":"Pipetas Electr\u00f3nicas - Capp Maestro - Labopolis","og_description":"Pipetas electr\u00f3nicas - Capp Maestro    Referencia Descripci\u00f3n   M10-1 Pipeta electr\u00f3nica Capp Maestro, monocanal, 0,2-10\u00b5l   M100-1 Pipeta electr\u00f3nica Capp Maestro, monocanal, 5-100\u00b5l   M200-1 Pipeta electr\u00f3nica Capp Maestro, monocanal, 10-200\u00b5l   M1000-1 Pipeta electr\u00f3nica Capp Maestro, monocanal, 50-1000\u00b5l   M5000-1 Pipeta electr\u00f3nica Capp Maestro, monocanal, 500-5000\u00b5l","og_url":"https:\/\/www.labopolis.com\/de\/produkt\/pipetas-electronicas-capp-maestro\/","og_site_name":"Labopolis","article_publisher":"https:\/\/www.facebook.com\/profile.php?id=100063251679439","article_modified_time":"2024-02-02T18:02:33+00:00","og_image":[{"width":386,"height":768,"url":"https:\/\/www.labopolis.com\/wp-content\/uploads\/2023\/07\/CappMaestro.jpg","type":"image\/jpeg"}],"twitter_card":"summary_large_image","twitter_site":"@Labopolis","twitter_misc":{"Gesch\u00e4tzte Lesezeit":"1\u00a0Minute"},"schema":{"@context":"https:\/\/schema.org","@graph":[{"@type":"WebPage","@id":"https:\/\/www.labopolis.com\/producto\/pipetas-electronicas-capp-maestro\/","url":"https:\/\/www.labopolis.com\/producto\/pipetas-electronicas-capp-maestro\/","name":"Pipetas Electr\u00f3nicas - Capp Maestro - Labopolis","isPartOf":{"@id":"https:\/\/www.labopolis.com\/#website"},"primaryImageOfPage":{"@id":"https:\/\/www.labopolis.com\/producto\/pipetas-electronicas-capp-maestro\/#primaryimage"},"image":{"@id":"https:\/\/www.labopolis.com\/producto\/pipetas-electronicas-capp-maestro\/#primaryimage"},"thumbnailUrl":"https:\/\/www.labopolis.com\/wp-content\/uploads\/2023\/07\/CappMaestro.jpg","datePublished":"2023-07-10T11:39:17+00:00","dateModified":"2024-02-02T18:02:33+00:00","description":"Pipetas electr\u00f3nicas - Capp Maestro Referencia Descripci\u00f3n M10-1 Pipeta electr\u00f3nica Capp Maestro, monocanal, 0,2-10\u00b5l M100-1 Pipeta electr\u00f3nica Capp Maestro, monocanal, 5-100\u00b5l M200-1 Pipeta electr\u00f3nica Capp Maestro, monocanal, 10-200\u00b5l M1000-1 Pipeta electr\u00f3nica Capp Maestro, monocanal, 50-1000\u00b5l M5000-1 Pipeta electr\u00f3nica Capp Maestro, monocanal, 500-5000\u00b5l","breadcrumb":{"@id":"https:\/\/www.labopolis.com\/producto\/pipetas-electronicas-capp-maestro\/#breadcrumb"},"inLanguage":"de","potentialAction":[{"@type":"ReadAction","target":["https:\/\/www.labopolis.com\/producto\/pipetas-electronicas-capp-maestro\/"]}]},{"@type":"ImageObject","inLanguage":"de","@id":"https:\/\/www.labopolis.com\/producto\/pipetas-electronicas-capp-maestro\/#primaryimage","url":"https:\/\/www.labopolis.com\/wp-content\/uploads\/2023\/07\/CappMaestro.jpg","contentUrl":"https:\/\/www.labopolis.com\/wp-content\/uploads\/2023\/07\/CappMaestro.jpg","width":386,"height":768,"caption":"Producto"},{"@type":"BreadcrumbList","@id":"https:\/\/www.labopolis.com\/producto\/pipetas-electronicas-capp-maestro\/#breadcrumb","itemListElement":[{"@type":"ListItem","position":1,"name":"Portada","item":"https:\/\/www.labopolis.com\/"},{"@type":"ListItem","position":2,"name":"Productos","item":"https:\/\/www.labopolis.com\/shop\/"},{"@type":"ListItem","position":3,"name":"Pipetas Electr\u00f3nicas &#8211; Capp Maestro"}]},{"@type":"WebSite","@id":"https:\/\/www.labopolis.com\/#website","url":"https:\/\/www.labopolis.com\/","name":"Labopolis","description":"","potentialAction":[{"@type":"SearchAction","target":{"@type":"EntryPoint","urlTemplate":"https:\/\/www.labopolis.com\/?s={search_term_string}"},"query-input":{"@type":"PropertyValueSpecification","valueRequired":true,"valueName":"search_term_string"}}],"inLanguage":"de"}]}},"_links":{"self":[{"href":"https:\/\/www.labopolis.com\/de\/wp-json\/wp\/v2\/product\/2459","targetHints":{"allow":["GET"]}}],"collection":[{"href":"https:\/\/www.labopolis.com\/de\/wp-json\/wp\/v2\/product"}],"about":[{"href":"https:\/\/www.labopolis.com\/de\/wp-json\/wp\/v2\/types\/product"}],"replies":[{"embeddable":true,"href":"https:\/\/www.labopolis.com\/de\/wp-json\/wp\/v2\/comments?post=2459"}],"wp:featuredmedia":[{"embeddable":true,"href":"https:\/\/www.labopolis.com\/de\/wp-json\/wp\/v2\/media\/2474"}],"wp:attachment":[{"href":"https:\/\/www.labopolis.com\/de\/wp-json\/wp\/v2\/media?parent=2459"}],"wp:term":[{"taxonomy":"product_brand","embeddable":true,"href":"https:\/\/www.labopolis.com\/de\/wp-json\/wp\/v2\/product_brand?post=2459"},{"taxonomy":"product_cat","embeddable":true,"href":"https:\/\/www.labopolis.com\/de\/wp-json\/wp\/v2\/product_cat?post=2459"},{"taxonomy":"product_tag","embeddable":true,"href":"https:\/\/www.labopolis.com\/de\/wp-json\/wp\/v2\/product_tag?post=2459"}],"curies":[{"name":"wp","href":"https:\/\/api.w.org\/{rel}","templated":true}]}}