{"id":2304,"date":"2023-07-10T11:38:18","date_gmt":"2023-07-10T11:38:18","guid":{"rendered":"https:\/\/www.labopolis.com\/?post_type=product&#038;p=2304"},"modified":"2025-12-28T17:30:12","modified_gmt":"2025-12-28T17:30:12","slug":"agitador-rotatorio-noria-rd-clips-a-elegir","status":"publish","type":"product","link":"https:\/\/www.labopolis.com\/de\/produkt\/agitador-rotatorio-noria-rd-clips-a-elegir\/","title":{"rendered":"Noria RD Rotationsr\u00fchrer + Auswahl an Clips"},"content":{"rendered":"<p>Rotationsr\u00fchrwerk Noria RD<br \/>\nModell: ANR100DE + Feste Clips Scheibe nach Wahl<\/p>\n<p>Digitaler, mikroprozessorgesteuerter, einstellbarer Wasserradr\u00fchrer zum Rotationsr\u00fchren verschiedener R\u00f6hrchentypen, von 6 bis 35 mm Durchmesser.<br \/>\nLCD-Display mit Anzeige der aktuellen Geschwindigkeit und Uhrzeit mit Alarm.<br \/>\nJe nach Bedarf an alle Rohrgr\u00f6\u00dfen anpassbar.<br \/>\nGeschwindigkeit \u00fcber Potentiometer einstellbar.<br \/>\nDie Schl\u00e4uche k\u00f6nnen eingesetzt und entfernt werden, ohne dass die Maschine angehalten werden muss.<br \/>\nVollst\u00e4ndig einstellbar von 0 bis 90\u00ba Neigung.<br \/>\nSanfter und progressiver Start und Stopp.<br \/>\nKratzfeste Oberfl\u00e4che mit chemikalienbest\u00e4ndiger Beschichtung.<\/p>","protected":false},"excerpt":{"rendered":"<p>Rotationsr\u00fchrwerk Noria RD<br \/>\nModell: ANR100DE + Feste Klammerscheibe Ihrer Wahl (siehe technisches Datenblatt f\u00fcr Zubeh\u00f6r)<\/p>\n<p><strong><em><a title=\"Technisches Datenblatt Noria RD\" href=\"https:\/\/www.labopolis.com\/wp-content\/uploads\/2015\/05\/NoriaRD.pdf\" target=\"_blank\" rel=\"noopener noreferrer\"><i class=\"fas fa-file-alt\"><\/i>\u00a0Technisches Datenblatt Noria RD<\/a><\/em><\/strong><\/p>","protected":false},"featured_media":1033,"comment_status":"open","ping_status":"closed","template":"","meta":[],"product_brand":[],"product_cat":[21,63,23],"product_tag":[64,43],"class_list":{"0":"post-2304","1":"product","2":"type-product","3":"status-publish","4":"has-post-thumbnail","6":"product_cat-agitadores","7":"product_cat-agitadores-rotatorios-rodillos","8":"product_cat-laboratorio","9":"product_tag-agitador-noria","10":"product_tag-agitadores","12":"first","13":"instock","14":"taxable","15":"shipping-taxable","16":"purchasable","17":"product-type-simple"},"yoast_head":"<!-- This site is optimized with the Yoast SEO plugin v27.2 - https:\/\/yoast.com\/product\/yoast-seo-wordpress\/ -->\n<title>Agitador Rotatorio Noria RD + Clips a elegir - Labopolis<\/title>\n<meta name=\"description\" content=\"Agitador Rotatorio Noria RD Modelo: ANR100DE + Disco Clips fijos a elegir (Ver Ficha t\u00e9cnica para accesorios)  \u00a0Ficha T\u00e9cnica Noria RD\" \/>\n<meta name=\"robots\" content=\"index, follow, max-snippet:-1, max-image-preview:large, max-video-preview:-1\" \/>\n<link rel=\"canonical\" href=\"https:\/\/www.labopolis.com\/de\/produkt\/agitador-rotatorio-noria-rd-clips-a-elegir\/\" \/>\n<meta property=\"og:locale\" content=\"de_DE\" \/>\n<meta property=\"og:type\" content=\"article\" \/>\n<meta property=\"og:title\" content=\"Agitador Rotatorio Noria RD + Clips a elegir - Labopolis\" \/>\n<meta property=\"og:description\" content=\"Agitador Rotatorio Noria RD Modelo: ANR100DE + Disco Clips fijos a elegir (Ver Ficha t\u00e9cnica para accesorios)  \u00a0Ficha T\u00e9cnica Noria RD\" \/>\n<meta property=\"og:url\" content=\"https:\/\/www.labopolis.com\/de\/produkt\/agitador-rotatorio-noria-rd-clips-a-elegir\/\" \/>\n<meta property=\"og:site_name\" content=\"Labopolis\" \/>\n<meta property=\"article:publisher\" content=\"https:\/\/www.facebook.com\/profile.php?id=100063251679439\" \/>\n<meta property=\"article:modified_time\" content=\"2025-12-28T17:30:12+00:00\" \/>\n<meta property=\"og:image\" content=\"https:\/\/www.labopolis.com\/wp-content\/uploads\/2023\/07\/NoriaRDigital.png\" \/>\n\t<meta property=\"og:image:width\" content=\"316\" \/>\n\t<meta property=\"og:image:height\" content=\"399\" \/>\n\t<meta property=\"og:image:type\" content=\"image\/png\" \/>\n<meta name=\"twitter:card\" content=\"summary_large_image\" \/>\n<meta name=\"twitter:site\" content=\"@Labopolis\" \/>\n<meta name=\"twitter:label1\" content=\"Gesch\u00e4tzte Lesezeit\" \/>\n\t<meta name=\"twitter:data1\" content=\"1\u00a0Minute\" \/>\n<script type=\"application\/ld+json\" class=\"yoast-schema-graph\">{\"@context\":\"https:\/\/schema.org\",\"@graph\":[{\"@type\":\"WebPage\",\"@id\":\"https:\/\/www.labopolis.com\/producto\/agitador-rotatorio-noria-rd-clips-a-elegir\/\",\"url\":\"https:\/\/www.labopolis.com\/producto\/agitador-rotatorio-noria-rd-clips-a-elegir\/\",\"name\":\"Agitador Rotatorio Noria RD + Clips a elegir - Labopolis\",\"isPartOf\":{\"@id\":\"https:\/\/www.labopolis.com\/#website\"},\"primaryImageOfPage\":{\"@id\":\"https:\/\/www.labopolis.com\/producto\/agitador-rotatorio-noria-rd-clips-a-elegir\/#primaryimage\"},\"image\":{\"@id\":\"https:\/\/www.labopolis.com\/producto\/agitador-rotatorio-noria-rd-clips-a-elegir\/#primaryimage\"},\"thumbnailUrl\":\"https:\/\/www.labopolis.com\/wp-content\/uploads\/2023\/07\/NoriaRDigital.png\",\"datePublished\":\"2023-07-10T11:38:18+00:00\",\"dateModified\":\"2025-12-28T17:30:12+00:00\",\"description\":\"Agitador Rotatorio Noria RD Modelo: ANR100DE + Disco Clips fijos a elegir (Ver Ficha t\u00e9cnica para accesorios) \u00a0Ficha T\u00e9cnica Noria RD\",\"breadcrumb\":{\"@id\":\"https:\/\/www.labopolis.com\/producto\/agitador-rotatorio-noria-rd-clips-a-elegir\/#breadcrumb\"},\"inLanguage\":\"de\",\"potentialAction\":[{\"@type\":\"ReadAction\",\"target\":[\"https:\/\/www.labopolis.com\/producto\/agitador-rotatorio-noria-rd-clips-a-elegir\/\"]}]},{\"@type\":\"ImageObject\",\"inLanguage\":\"de\",\"@id\":\"https:\/\/www.labopolis.com\/producto\/agitador-rotatorio-noria-rd-clips-a-elegir\/#primaryimage\",\"url\":\"https:\/\/www.labopolis.com\/wp-content\/uploads\/2023\/07\/NoriaRDigital.png\",\"contentUrl\":\"https:\/\/www.labopolis.com\/wp-content\/uploads\/2023\/07\/NoriaRDigital.png\",\"width\":316,\"height\":399,\"caption\":\"Producto\"},{\"@type\":\"BreadcrumbList\",\"@id\":\"https:\/\/www.labopolis.com\/producto\/agitador-rotatorio-noria-rd-clips-a-elegir\/#breadcrumb\",\"itemListElement\":[{\"@type\":\"ListItem\",\"position\":1,\"name\":\"Portada\",\"item\":\"https:\/\/www.labopolis.com\/\"},{\"@type\":\"ListItem\",\"position\":2,\"name\":\"Productos\",\"item\":\"https:\/\/www.labopolis.com\/shop\/\"},{\"@type\":\"ListItem\",\"position\":3,\"name\":\"Agitador Rotatorio Noria RD + Clips a elegir\"}]},{\"@type\":\"WebSite\",\"@id\":\"https:\/\/www.labopolis.com\/#website\",\"url\":\"https:\/\/www.labopolis.com\/\",\"name\":\"Labopolis\",\"description\":\"\",\"potentialAction\":[{\"@type\":\"SearchAction\",\"target\":{\"@type\":\"EntryPoint\",\"urlTemplate\":\"https:\/\/www.labopolis.com\/?s={search_term_string}\"},\"query-input\":{\"@type\":\"PropertyValueSpecification\",\"valueRequired\":true,\"valueName\":\"search_term_string\"}}],\"inLanguage\":\"de\"}]}<\/script>\n<!-- \/ Yoast SEO plugin. -->","yoast_head_json":{"title":"Rotierender Mischer Noria RD + Clips zur Auswahl - Labopolis","description":"Rotationsmischer Noria RD Modell: ANR100DE + Feststehende Klemmscheiben zur Auswahl (Siehe technisches Datenblatt f\u00fcr Zubeh\u00f6r) Technisches Datenblatt Noria RD","robots":{"index":"index","follow":"follow","max-snippet":"max-snippet:-1","max-image-preview":"max-image-preview:large","max-video-preview":"max-video-preview:-1"},"canonical":"https:\/\/www.labopolis.com\/de\/produkt\/agitador-rotatorio-noria-rd-clips-a-elegir\/","og_locale":"de_DE","og_type":"article","og_title":"Agitador Rotatorio Noria RD + Clips a elegir - Labopolis","og_description":"Agitador Rotatorio Noria RD Modelo: ANR100DE + Disco Clips fijos a elegir (Ver Ficha t\u00e9cnica para accesorios)  \u00a0Ficha T\u00e9cnica Noria RD","og_url":"https:\/\/www.labopolis.com\/de\/produkt\/agitador-rotatorio-noria-rd-clips-a-elegir\/","og_site_name":"Labopolis","article_publisher":"https:\/\/www.facebook.com\/profile.php?id=100063251679439","article_modified_time":"2025-12-28T17:30:12+00:00","og_image":[{"width":316,"height":399,"url":"https:\/\/www.labopolis.com\/wp-content\/uploads\/2023\/07\/NoriaRDigital.png","type":"image\/png"}],"twitter_card":"summary_large_image","twitter_site":"@Labopolis","twitter_misc":{"Gesch\u00e4tzte Lesezeit":"1\u00a0Minute"},"schema":{"@context":"https:\/\/schema.org","@graph":[{"@type":"WebPage","@id":"https:\/\/www.labopolis.com\/producto\/agitador-rotatorio-noria-rd-clips-a-elegir\/","url":"https:\/\/www.labopolis.com\/producto\/agitador-rotatorio-noria-rd-clips-a-elegir\/","name":"Rotierender Mischer Noria RD + Clips zur Auswahl - Labopolis","isPartOf":{"@id":"https:\/\/www.labopolis.com\/#website"},"primaryImageOfPage":{"@id":"https:\/\/www.labopolis.com\/producto\/agitador-rotatorio-noria-rd-clips-a-elegir\/#primaryimage"},"image":{"@id":"https:\/\/www.labopolis.com\/producto\/agitador-rotatorio-noria-rd-clips-a-elegir\/#primaryimage"},"thumbnailUrl":"https:\/\/www.labopolis.com\/wp-content\/uploads\/2023\/07\/NoriaRDigital.png","datePublished":"2023-07-10T11:38:18+00:00","dateModified":"2025-12-28T17:30:12+00:00","description":"Rotationsr\u00fcttler Noria RD Modell: ANR100DE + Wahlweise starre Klemmscheiben (Siehe technisches Datenblatt f\u00fcr Zubeh\u00f6r) Technisches Datenblatt Noria RD","breadcrumb":{"@id":"https:\/\/www.labopolis.com\/producto\/agitador-rotatorio-noria-rd-clips-a-elegir\/#breadcrumb"},"inLanguage":"de","potentialAction":[{"@type":"ReadAction","target":["https:\/\/www.labopolis.com\/producto\/agitador-rotatorio-noria-rd-clips-a-elegir\/"]}]},{"@type":"ImageObject","inLanguage":"de","@id":"https:\/\/www.labopolis.com\/producto\/agitador-rotatorio-noria-rd-clips-a-elegir\/#primaryimage","url":"https:\/\/www.labopolis.com\/wp-content\/uploads\/2023\/07\/NoriaRDigital.png","contentUrl":"https:\/\/www.labopolis.com\/wp-content\/uploads\/2023\/07\/NoriaRDigital.png","width":316,"height":399,"caption":"Producto"},{"@type":"BreadcrumbList","@id":"https:\/\/www.labopolis.com\/producto\/agitador-rotatorio-noria-rd-clips-a-elegir\/#breadcrumb","itemListElement":[{"@type":"ListItem","position":1,"name":"Portada","item":"https:\/\/www.labopolis.com\/"},{"@type":"ListItem","position":2,"name":"Productos","item":"https:\/\/www.labopolis.com\/shop\/"},{"@type":"ListItem","position":3,"name":"Agitador Rotatorio Noria RD + Clips a elegir"}]},{"@type":"WebSite","@id":"https:\/\/www.labopolis.com\/#website","url":"https:\/\/www.labopolis.com\/","name":"Labopolis","description":"","potentialAction":[{"@type":"SearchAction","target":{"@type":"EntryPoint","urlTemplate":"https:\/\/www.labopolis.com\/?s={search_term_string}"},"query-input":{"@type":"PropertyValueSpecification","valueRequired":true,"valueName":"search_term_string"}}],"inLanguage":"de"}]}},"_links":{"self":[{"href":"https:\/\/www.labopolis.com\/de\/wp-json\/wp\/v2\/product\/2304","targetHints":{"allow":["GET"]}}],"collection":[{"href":"https:\/\/www.labopolis.com\/de\/wp-json\/wp\/v2\/product"}],"about":[{"href":"https:\/\/www.labopolis.com\/de\/wp-json\/wp\/v2\/types\/product"}],"replies":[{"embeddable":true,"href":"https:\/\/www.labopolis.com\/de\/wp-json\/wp\/v2\/comments?post=2304"}],"wp:featuredmedia":[{"embeddable":true,"href":"https:\/\/www.labopolis.com\/de\/wp-json\/wp\/v2\/media\/1033"}],"wp:attachment":[{"href":"https:\/\/www.labopolis.com\/de\/wp-json\/wp\/v2\/media?parent=2304"}],"wp:term":[{"taxonomy":"product_brand","embeddable":true,"href":"https:\/\/www.labopolis.com\/de\/wp-json\/wp\/v2\/product_brand?post=2304"},{"taxonomy":"product_cat","embeddable":true,"href":"https:\/\/www.labopolis.com\/de\/wp-json\/wp\/v2\/product_cat?post=2304"},{"taxonomy":"product_tag","embeddable":true,"href":"https:\/\/www.labopolis.com\/de\/wp-json\/wp\/v2\/product_tag?post=2304"}],"curies":[{"name":"wp","href":"https:\/\/api.w.org\/{rel}","templated":true}]}}