{"id":2172,"date":"2023-07-10T11:37:41","date_gmt":"2023-07-10T11:37:41","guid":{"rendered":"https:\/\/www.labopolis.com\/?post_type=product&#038;p=2172"},"modified":"2025-06-03T08:44:29","modified_gmt":"2025-06-03T08:44:29","slug":"arcon-congelador-horizontal-86oc","status":"publish","type":"product","link":"https:\/\/www.labopolis.com\/de\/produkt\/arcon-congelador-horizontal-86oc\/","title":{"rendered":"Horizontale Gefriertruhe -86\u00baC"},"content":{"rendered":"<p><strong>Ultra-Tiefk\u00fchltruhe Horizontal -86\u00baC<\/strong><\/p>\n<table border=\"0\" align=\"left\">\n<tbody>\n<tr align=\"left\">\n<td width=\"35%\"><strong>REFERENZEN<\/strong><\/td>\n<td>LAB11<\/td>\n<td>\u00a0LAB31<\/td>\n<\/tr>\n<tr align=\"left\">\n<td width=\"35%\">\n<div><strong>Temperaturbereich:<\/strong><\/div>\n<\/td>\n<td>-50\u00baC \/ -86\u00baC<\/td>\n<td>-50\u00baC \/ -86\u00baC<\/td>\n<\/tr>\n<tr align=\"left\" valign=\"middle\">\n<td><strong>\u00c4u\u00dfere Abmessungen:<\/strong><\/td>\n<td>725 x 655 x 865 mm<\/td>\n<td>1305 x 655 x 865 mm<\/td>\n<\/tr>\n<tr align=\"left\" valign=\"middle\">\n<td><strong>Innere Abmessungen:<\/strong><\/td>\n<td>520 x 450 x 650 mm<\/td>\n<td>1100 x 450 x 650 mm<\/td>\n<\/tr>\n<tr align=\"left\" valign=\"middle\">\n<td>\n<div><strong>Leistung\/Spannung:<\/strong><\/div>\n<\/td>\n<td>480W \/ 220V-50Hz<\/td>\n<td>710 W \/ 220V-50Hz<\/td>\n<\/tr>\n<tr align=\"left\" valign=\"middle\">\n<td><strong>Abtauen:<\/strong><\/td>\n<td>Handbuch<\/td>\n<td>Handbuch<\/td>\n<\/tr>\n<tr align=\"left\" valign=\"middle\">\n<td><strong>Weitere Merkmale:<\/strong><\/td>\n<td colspan=\"2\">\n<ul>\n<li>Temperaturbereich -50 bis -86 Grad Celsius<\/li>\n<li>Au\u00dfen und innen in Wei\u00df<\/li>\n<li>Statischer Verdampfer und manuelle Abtauung<\/li>\n<li>100 mm dicke Isolierung<\/li>\n<li>Digitales Thermometer mit akustischem Alarm<\/li>\n<li>R\u00e4der und Schloss als Standard<\/li>\n<li>Potentialfreier Kontakt f\u00fcr Alarmanschluss<\/li>\n<li>HC-K\u00e4ltemittel<\/li>\n<li>Scharnierdeckel mit Schloss und Schl\u00fcssel<\/li>\n<\/ul>\n<\/td>\n<\/tr>\n<\/tbody>\n<\/table>\n<p>&nbsp;<\/p>","protected":false},"excerpt":{"rendered":"<p>Ultrak\u00fchler Horizontal bis zu -86\u00baC<br \/>\nTemperaturbereich von -50\u00b0C bis -86\u00b0C.<br \/>\nH\u00f6here Pr\u00e4zision bei der Temperaturregelung. Leichtere Einstellung des gew\u00fcnschten Temperaturbereichs.<\/p>","protected":false},"featured_media":14462,"comment_status":"open","ping_status":"closed","template":"","meta":[],"product_brand":[],"product_cat":[145,23],"product_tag":[],"class_list":{"0":"post-2172","1":"product","2":"type-product","3":"status-publish","4":"has-post-thumbnail","6":"product_cat-congeladores","7":"product_cat-laboratorio","9":"first","10":"instock","11":"taxable","12":"shipping-taxable","13":"purchasable","14":"product-type-variable"},"yoast_head":"<!-- This site is optimized with the Yoast SEO plugin v27.2 - https:\/\/yoast.com\/product\/yoast-seo-wordpress\/ -->\n<title>Arc\u00f3n congelador Horizontal -86\u00baC - Labopolis<\/title>\n<meta name=\"description\" content=\"Ultracongeladores Horizontal\u00a0hasta -86\u00baC Rango de temperaturas desde -50\u00b0C hasta -86\u00b0C. Mayor precisi\u00f3n en el control de la temperatura. Mayor facilidad para el ajuste del intervalo de temperaturas que deseamos conseguir.\" \/>\n<meta name=\"robots\" content=\"index, follow, max-snippet:-1, max-image-preview:large, max-video-preview:-1\" \/>\n<link rel=\"canonical\" href=\"https:\/\/www.labopolis.com\/de\/produkt\/arcon-congelador-horizontal-86oc\/\" \/>\n<meta property=\"og:locale\" content=\"de_DE\" \/>\n<meta property=\"og:type\" content=\"article\" \/>\n<meta property=\"og:title\" content=\"Arc\u00f3n congelador Horizontal -86\u00baC - Labopolis\" \/>\n<meta property=\"og:description\" content=\"Ultracongeladores Horizontal\u00a0hasta -86\u00baC Rango de temperaturas desde -50\u00b0C hasta -86\u00b0C. Mayor precisi\u00f3n en el control de la temperatura. Mayor facilidad para el ajuste del intervalo de temperaturas que deseamos conseguir.\" \/>\n<meta property=\"og:url\" content=\"https:\/\/www.labopolis.com\/de\/produkt\/arcon-congelador-horizontal-86oc\/\" \/>\n<meta property=\"og:site_name\" content=\"Labopolis\" \/>\n<meta property=\"article:publisher\" content=\"https:\/\/www.facebook.com\/profile.php?id=100063251679439\" \/>\n<meta property=\"article:modified_time\" content=\"2025-06-03T08:44:29+00:00\" \/>\n<meta property=\"og:image\" content=\"https:\/\/www.labopolis.com\/wp-content\/uploads\/2023\/07\/lab_11.jpg\" \/>\n\t<meta property=\"og:image:width\" content=\"636\" \/>\n\t<meta property=\"og:image:height\" content=\"700\" \/>\n\t<meta property=\"og:image:type\" content=\"image\/jpeg\" \/>\n<meta name=\"twitter:card\" content=\"summary_large_image\" \/>\n<meta name=\"twitter:site\" content=\"@Labopolis\" \/>\n<meta name=\"twitter:label1\" content=\"Gesch\u00e4tzte Lesezeit\" \/>\n\t<meta name=\"twitter:data1\" content=\"1\u00a0Minute\" \/>\n<script type=\"application\/ld+json\" class=\"yoast-schema-graph\">{\"@context\":\"https:\/\/schema.org\",\"@graph\":[{\"@type\":\"WebPage\",\"@id\":\"https:\/\/www.labopolis.com\/producto\/arcon-congelador-horizontal-86oc\/\",\"url\":\"https:\/\/www.labopolis.com\/producto\/arcon-congelador-horizontal-86oc\/\",\"name\":\"Arc\u00f3n congelador Horizontal -86\u00baC - Labopolis\",\"isPartOf\":{\"@id\":\"https:\/\/www.labopolis.com\/#website\"},\"primaryImageOfPage\":{\"@id\":\"https:\/\/www.labopolis.com\/producto\/arcon-congelador-horizontal-86oc\/#primaryimage\"},\"image\":{\"@id\":\"https:\/\/www.labopolis.com\/producto\/arcon-congelador-horizontal-86oc\/#primaryimage\"},\"thumbnailUrl\":\"https:\/\/www.labopolis.com\/wp-content\/uploads\/2023\/07\/lab_11.jpg\",\"datePublished\":\"2023-07-10T11:37:41+00:00\",\"dateModified\":\"2025-06-03T08:44:29+00:00\",\"description\":\"Ultracongeladores Horizontal\u00a0hasta -86\u00baC Rango de temperaturas desde -50\u00b0C hasta -86\u00b0C. Mayor precisi\u00f3n en el control de la temperatura. Mayor facilidad para el ajuste del intervalo de temperaturas que deseamos conseguir.\",\"breadcrumb\":{\"@id\":\"https:\/\/www.labopolis.com\/producto\/arcon-congelador-horizontal-86oc\/#breadcrumb\"},\"inLanguage\":\"de\",\"potentialAction\":[{\"@type\":\"ReadAction\",\"target\":[\"https:\/\/www.labopolis.com\/producto\/arcon-congelador-horizontal-86oc\/\"]}]},{\"@type\":\"ImageObject\",\"inLanguage\":\"de\",\"@id\":\"https:\/\/www.labopolis.com\/producto\/arcon-congelador-horizontal-86oc\/#primaryimage\",\"url\":\"https:\/\/www.labopolis.com\/wp-content\/uploads\/2023\/07\/lab_11.jpg\",\"contentUrl\":\"https:\/\/www.labopolis.com\/wp-content\/uploads\/2023\/07\/lab_11.jpg\",\"width\":636,\"height\":700},{\"@type\":\"BreadcrumbList\",\"@id\":\"https:\/\/www.labopolis.com\/producto\/arcon-congelador-horizontal-86oc\/#breadcrumb\",\"itemListElement\":[{\"@type\":\"ListItem\",\"position\":1,\"name\":\"Portada\",\"item\":\"https:\/\/www.labopolis.com\/\"},{\"@type\":\"ListItem\",\"position\":2,\"name\":\"Productos\",\"item\":\"https:\/\/www.labopolis.com\/shop\/\"},{\"@type\":\"ListItem\",\"position\":3,\"name\":\"Arc\u00f3n congelador Horizontal -86\u00baC\"}]},{\"@type\":\"WebSite\",\"@id\":\"https:\/\/www.labopolis.com\/#website\",\"url\":\"https:\/\/www.labopolis.com\/\",\"name\":\"Labopolis\",\"description\":\"\",\"potentialAction\":[{\"@type\":\"SearchAction\",\"target\":{\"@type\":\"EntryPoint\",\"urlTemplate\":\"https:\/\/www.labopolis.com\/?s={search_term_string}\"},\"query-input\":{\"@type\":\"PropertyValueSpecification\",\"valueRequired\":true,\"valueName\":\"search_term_string\"}}],\"inLanguage\":\"de\"}]}<\/script>\n<!-- \/ Yoast SEO plugin. -->","yoast_head_json":{"title":"Arc\u00f3n congelador Horizontal -86\u00baC - Labopolis","description":"Ultracongeladores Horizontal\u00a0hasta -86\u00baC Rango de temperaturas desde -50\u00b0C hasta -86\u00b0C. Mayor precisi\u00f3n en el control de la temperatura. Mayor facilidad para el ajuste del intervalo de temperaturas que deseamos conseguir.","robots":{"index":"index","follow":"follow","max-snippet":"max-snippet:-1","max-image-preview":"max-image-preview:large","max-video-preview":"max-video-preview:-1"},"canonical":"https:\/\/www.labopolis.com\/de\/produkt\/arcon-congelador-horizontal-86oc\/","og_locale":"de_DE","og_type":"article","og_title":"Arc\u00f3n congelador Horizontal -86\u00baC - Labopolis","og_description":"Ultracongeladores Horizontal\u00a0hasta -86\u00baC Rango de temperaturas desde -50\u00b0C hasta -86\u00b0C. Mayor precisi\u00f3n en el control de la temperatura. Mayor facilidad para el ajuste del intervalo de temperaturas que deseamos conseguir.","og_url":"https:\/\/www.labopolis.com\/de\/produkt\/arcon-congelador-horizontal-86oc\/","og_site_name":"Labopolis","article_publisher":"https:\/\/www.facebook.com\/profile.php?id=100063251679439","article_modified_time":"2025-06-03T08:44:29+00:00","og_image":[{"width":636,"height":700,"url":"https:\/\/www.labopolis.com\/wp-content\/uploads\/2023\/07\/lab_11.jpg","type":"image\/jpeg"}],"twitter_card":"summary_large_image","twitter_site":"@Labopolis","twitter_misc":{"Gesch\u00e4tzte Lesezeit":"1\u00a0Minute"},"schema":{"@context":"https:\/\/schema.org","@graph":[{"@type":"WebPage","@id":"https:\/\/www.labopolis.com\/producto\/arcon-congelador-horizontal-86oc\/","url":"https:\/\/www.labopolis.com\/producto\/arcon-congelador-horizontal-86oc\/","name":"Arc\u00f3n congelador Horizontal -86\u00baC - Labopolis","isPartOf":{"@id":"https:\/\/www.labopolis.com\/#website"},"primaryImageOfPage":{"@id":"https:\/\/www.labopolis.com\/producto\/arcon-congelador-horizontal-86oc\/#primaryimage"},"image":{"@id":"https:\/\/www.labopolis.com\/producto\/arcon-congelador-horizontal-86oc\/#primaryimage"},"thumbnailUrl":"https:\/\/www.labopolis.com\/wp-content\/uploads\/2023\/07\/lab_11.jpg","datePublished":"2023-07-10T11:37:41+00:00","dateModified":"2025-06-03T08:44:29+00:00","description":"Ultracongeladores Horizontal\u00a0hasta -86\u00baC Rango de temperaturas desde -50\u00b0C hasta -86\u00b0C. Mayor precisi\u00f3n en el control de la temperatura. Mayor facilidad para el ajuste del intervalo de temperaturas que deseamos conseguir.","breadcrumb":{"@id":"https:\/\/www.labopolis.com\/producto\/arcon-congelador-horizontal-86oc\/#breadcrumb"},"inLanguage":"de","potentialAction":[{"@type":"ReadAction","target":["https:\/\/www.labopolis.com\/producto\/arcon-congelador-horizontal-86oc\/"]}]},{"@type":"ImageObject","inLanguage":"de","@id":"https:\/\/www.labopolis.com\/producto\/arcon-congelador-horizontal-86oc\/#primaryimage","url":"https:\/\/www.labopolis.com\/wp-content\/uploads\/2023\/07\/lab_11.jpg","contentUrl":"https:\/\/www.labopolis.com\/wp-content\/uploads\/2023\/07\/lab_11.jpg","width":636,"height":700},{"@type":"BreadcrumbList","@id":"https:\/\/www.labopolis.com\/producto\/arcon-congelador-horizontal-86oc\/#breadcrumb","itemListElement":[{"@type":"ListItem","position":1,"name":"Portada","item":"https:\/\/www.labopolis.com\/"},{"@type":"ListItem","position":2,"name":"Productos","item":"https:\/\/www.labopolis.com\/shop\/"},{"@type":"ListItem","position":3,"name":"Arc\u00f3n congelador Horizontal -86\u00baC"}]},{"@type":"WebSite","@id":"https:\/\/www.labopolis.com\/#website","url":"https:\/\/www.labopolis.com\/","name":"Labopolis","description":"","potentialAction":[{"@type":"SearchAction","target":{"@type":"EntryPoint","urlTemplate":"https:\/\/www.labopolis.com\/?s={search_term_string}"},"query-input":{"@type":"PropertyValueSpecification","valueRequired":true,"valueName":"search_term_string"}}],"inLanguage":"de"}]}},"_links":{"self":[{"href":"https:\/\/www.labopolis.com\/de\/wp-json\/wp\/v2\/product\/2172","targetHints":{"allow":["GET"]}}],"collection":[{"href":"https:\/\/www.labopolis.com\/de\/wp-json\/wp\/v2\/product"}],"about":[{"href":"https:\/\/www.labopolis.com\/de\/wp-json\/wp\/v2\/types\/product"}],"replies":[{"embeddable":true,"href":"https:\/\/www.labopolis.com\/de\/wp-json\/wp\/v2\/comments?post=2172"}],"wp:featuredmedia":[{"embeddable":true,"href":"https:\/\/www.labopolis.com\/de\/wp-json\/wp\/v2\/media\/14462"}],"wp:attachment":[{"href":"https:\/\/www.labopolis.com\/de\/wp-json\/wp\/v2\/media?parent=2172"}],"wp:term":[{"taxonomy":"product_brand","embeddable":true,"href":"https:\/\/www.labopolis.com\/de\/wp-json\/wp\/v2\/product_brand?post=2172"},{"taxonomy":"product_cat","embeddable":true,"href":"https:\/\/www.labopolis.com\/de\/wp-json\/wp\/v2\/product_cat?post=2172"},{"taxonomy":"product_tag","embeddable":true,"href":"https:\/\/www.labopolis.com\/de\/wp-json\/wp\/v2\/product_tag?post=2172"}],"curies":[{"name":"wp","href":"https:\/\/api.w.org\/{rel}","templated":true}]}}