{"id":2152,"date":"2023-07-10T11:37:30","date_gmt":"2023-07-10T11:37:30","guid":{"rendered":"https:\/\/www.labopolis.com\/?post_type=product&#038;p=2152"},"modified":"2026-03-20T14:33:43","modified_gmt":"2026-03-20T14:33:43","slug":"camaras-climaticas-con-iluminacion","status":"publish","type":"product","link":"https:\/\/www.labopolis.com\/de\/produkt\/camaras-climaticas-con-iluminacion\/","title":{"rendered":"Beleuchtete Klimakammern"},"content":{"rendered":"<p><span style=\"color: #000000;\">TEMPERATURA<br \/>\nRango de temperatura +4\u00ba C a +50\u00baC.<br \/>\n\u2022Sonda Pt100, con una resoluci\u00f3n de +\/- 0.1\u00baC.<br \/>\n\u2022Homogeneidad de + \/-1.0\u00baC en el interior de la c\u00e1mara a 37\u00baC.<br \/>\n\u2022Estabilidad de +\/-0.5\u00baC en el interior de la c\u00e1mara a 37\u00baC.<br \/>\n\u2022Termostato de seguridad, protege las muestras contra temperaturas extremas.<br \/>\n\u2022Sistemas independientes de enfriamiento y calentamiento.<br \/>\n\u2022Tropicalizaci\u00f3n, funcionamiento en \u00e1reas de trabajo con temperatura de hasta +32\u00baC.<\/span><\/p>\n<p><span style=\"color: #000000;\">HUMEDAD<br \/>\n\u2022Rango de Humedad 30% a 90% (HR) (+\/-2%), en un rango de temperatura +19\u00baC a +40\u00baC.<br \/>\n\u2022Sonda electr\u00f3nica (4-20mA) con una exactitud de +\/-2% (HR)<br \/>\n\u2022Sistema de secado mediante condensaci\u00f3n por refrigeraci\u00f3n.<br \/>\n\u2022Generador de humedad por ultrasonido introduciendo en la c\u00e1mara gotas microsc\u00f3picas de agua a temperatura ambiente.<\/span><\/p>\n<p><span style=\"color: #000000;\">LUZ LED<\/span><br \/>\n<span style=\"color: #000000;\">\u2022Dise\u00f1adas especialmente para c\u00e1maras clim\u00e1ticas.<\/span><br \/>\n<span style=\"color: #000000;\">\u2022Vertical y horizontal.<\/span><br \/>\n<span style=\"color: #000000;\">\u2022Rango de longitud de onda en el espectro de la luz solar: 380 &#8211; 720nm.<\/span><br \/>\n<span style=\"color: #000000;\">\u2022Regulables en intensidad, con posibilidad de programar amanecer y atardecer.<\/span><br \/>\n<span style=\"color: #000000;\">\u2022Dise\u00f1o flexible para aplicaciones de laboratorio y biotecnolog\u00eda.<\/span><br \/>\n<span style=\"color: #000000;\">\u2022Resistentes al agua y a salpicaduras.<\/span><\/p>","protected":false},"excerpt":{"rendered":"<p>C\u00c1MARA CLIM\u00c1TICA SERIE E<br \/>\nPara aplicaciones de incubaci\u00f3n con o sin humedad y fotoperiodo LED, dise\u00f1adas para su uso en conservaci\u00f3n, gen\u00e9tica, entomolog\u00eda, germinaci\u00f3n in-vitro, curado de alimentos, cr\u00eda de insectos y ensayos de laboratorio tanto en el campo de la biotecnolog\u00eda como en el de la producci\u00f3n agraria.<\/p>\n<table style=\"border-collapse: collapse; width: 100%;\" border=\"1\" cellspacing=\"0\" cellpadding=\"8\">\n<thead>\n<tr>\n<th>MODELO<\/th>\n<th>E-501<\/th>\n<th>E-1002<\/th>\n<\/tr>\n<\/thead>\n<tbody>\n<tr>\n<td>Dimensiones en mm (Ancho x Fondo x Alto)<\/td>\n<td>Exteriores: 690x950x2000<br \/>\nInteriores: 600x690x1410<\/td>\n<td>Exteriores: 1385x1000x2000<br \/>\nInteriores: (2\u00d7600) x690x1410<\/td>\n<\/tr>\n<tr>\n<td>Volumen \u00fatil<\/td>\n<td>375L<\/td>\n<td>750L<\/td>\n<\/tr>\n<tr>\n<td>Sistema de almacenamiento<\/td>\n<td>3 bandejas<\/td>\n<td>6 bandejas<\/td>\n<\/tr>\n<\/tbody>\n<\/table>\n<p>[sv slug=\u00bbproductos\u00bb]<\/p>\n","protected":false},"featured_media":16921,"comment_status":"open","ping_status":"closed","template":"","meta":[],"product_brand":[],"product_cat":[144,23],"product_tag":[],"class_list":{"0":"post-2152","1":"product","2":"type-product","3":"status-publish","4":"has-post-thumbnail","6":"product_cat-camaras-con-iluminacion","7":"product_cat-laboratorio","9":"first","10":"instock","11":"taxable","12":"shipping-taxable","13":"product-type-simple"},"yoast_head":"<!-- This site is optimized with the Yoast SEO plugin v27.2 - https:\/\/yoast.com\/product\/yoast-seo-wordpress\/ -->\n<title>C\u00e1maras Clim\u00e1ticas con Iluminaci\u00f3n - Labopolis<\/title>\n<meta name=\"description\" content=\"C\u00c1MARA CLIM\u00c1TICA SERIE E Para aplicaciones de incubaci\u00f3n con o sin humedad y fotoperiodo LED, dise\u00f1adas para su uso en conservaci\u00f3n, gen\u00e9tica, entomolog\u00eda, germinaci\u00f3n in-vitro, curado de alimentos, cr\u00eda de insectos y ensayos de laboratorio tanto en el campo de la biotecnolog\u00eda como en el de la producci\u00f3n agraria.    MODELO E-501 E-1002     Dimensiones en mm (Ancho x Fondo x Alto) Exteriores: 690x950x2000 Interiores: 600x690x1410 Exteriores: 1385x1000x2000 Interiores: (2\u00d7600) x690x1410   Volumen \u00fatil 375L 750L   Sistema de almacenamiento 3 bandejas 6 bandejas\" \/>\n<meta name=\"robots\" content=\"index, follow, max-snippet:-1, max-image-preview:large, max-video-preview:-1\" \/>\n<link rel=\"canonical\" href=\"https:\/\/www.labopolis.com\/de\/produkt\/camaras-climaticas-con-iluminacion\/\" \/>\n<meta property=\"og:locale\" content=\"de_DE\" \/>\n<meta property=\"og:type\" content=\"article\" \/>\n<meta property=\"og:title\" content=\"C\u00e1maras Clim\u00e1ticas con Iluminaci\u00f3n - Labopolis\" \/>\n<meta property=\"og:description\" content=\"C\u00c1MARA CLIM\u00c1TICA SERIE E Para aplicaciones de incubaci\u00f3n con o sin humedad y fotoperiodo LED, dise\u00f1adas para su uso en conservaci\u00f3n, gen\u00e9tica, entomolog\u00eda, germinaci\u00f3n in-vitro, curado de alimentos, cr\u00eda de insectos y ensayos de laboratorio tanto en el campo de la biotecnolog\u00eda como en el de la producci\u00f3n agraria.    MODELO E-501 E-1002     Dimensiones en mm (Ancho x Fondo x Alto) Exteriores: 690x950x2000 Interiores: 600x690x1410 Exteriores: 1385x1000x2000 Interiores: (2\u00d7600) x690x1410   Volumen \u00fatil 375L 750L   Sistema de almacenamiento 3 bandejas 6 bandejas\" \/>\n<meta property=\"og:url\" content=\"https:\/\/www.labopolis.com\/de\/produkt\/camaras-climaticas-con-iluminacion\/\" \/>\n<meta property=\"og:site_name\" content=\"Labopolis\" \/>\n<meta property=\"article:publisher\" content=\"https:\/\/www.facebook.com\/profile.php?id=100063251679439\" \/>\n<meta property=\"article:modified_time\" content=\"2026-03-20T14:33:43+00:00\" \/>\n<meta property=\"og:image\" content=\"https:\/\/www.labopolis.com\/wp-content\/uploads\/2023\/07\/E-501_LR.jpg\" \/>\n\t<meta property=\"og:image:width\" content=\"1200\" \/>\n\t<meta property=\"og:image:height\" content=\"1600\" \/>\n\t<meta property=\"og:image:type\" content=\"image\/jpeg\" \/>\n<meta name=\"twitter:card\" content=\"summary_large_image\" \/>\n<meta name=\"twitter:site\" content=\"@Labopolis\" \/>\n<meta name=\"twitter:label1\" content=\"Gesch\u00e4tzte Lesezeit\" \/>\n\t<meta name=\"twitter:data1\" content=\"1\u00a0Minute\" \/>\n<script type=\"application\/ld+json\" class=\"yoast-schema-graph\">{\"@context\":\"https:\/\/schema.org\",\"@graph\":[{\"@type\":\"WebPage\",\"@id\":\"https:\/\/www.labopolis.com\/producto\/camaras-climaticas-con-iluminacion\/\",\"url\":\"https:\/\/www.labopolis.com\/producto\/camaras-climaticas-con-iluminacion\/\",\"name\":\"C\u00e1maras Clim\u00e1ticas con Iluminaci\u00f3n - Labopolis\",\"isPartOf\":{\"@id\":\"https:\/\/www.labopolis.com\/#website\"},\"primaryImageOfPage\":{\"@id\":\"https:\/\/www.labopolis.com\/producto\/camaras-climaticas-con-iluminacion\/#primaryimage\"},\"image\":{\"@id\":\"https:\/\/www.labopolis.com\/producto\/camaras-climaticas-con-iluminacion\/#primaryimage\"},\"thumbnailUrl\":\"https:\/\/www.labopolis.com\/wp-content\/uploads\/2023\/07\/E-501_LR.jpg\",\"datePublished\":\"2023-07-10T11:37:30+00:00\",\"dateModified\":\"2026-03-20T14:33:43+00:00\",\"description\":\"C\u00c1MARA CLIM\u00c1TICA SERIE E Para aplicaciones de incubaci\u00f3n con o sin humedad y fotoperiodo LED, dise\u00f1adas para su uso en conservaci\u00f3n, gen\u00e9tica, entomolog\u00eda, germinaci\u00f3n in-vitro, curado de alimentos, cr\u00eda de insectos y ensayos de laboratorio tanto en el campo de la biotecnolog\u00eda como en el de la producci\u00f3n agraria. MODELO E-501 E-1002 Dimensiones en mm (Ancho x Fondo x Alto) Exteriores: 690x950x2000 Interiores: 600x690x1410 Exteriores: 1385x1000x2000 Interiores: (2\u00d7600) x690x1410 Volumen \u00fatil 375L 750L Sistema de almacenamiento 3 bandejas 6 bandejas\",\"breadcrumb\":{\"@id\":\"https:\/\/www.labopolis.com\/producto\/camaras-climaticas-con-iluminacion\/#breadcrumb\"},\"inLanguage\":\"de\",\"potentialAction\":[{\"@type\":\"ReadAction\",\"target\":[\"https:\/\/www.labopolis.com\/producto\/camaras-climaticas-con-iluminacion\/\"]}]},{\"@type\":\"ImageObject\",\"inLanguage\":\"de\",\"@id\":\"https:\/\/www.labopolis.com\/producto\/camaras-climaticas-con-iluminacion\/#primaryimage\",\"url\":\"https:\/\/www.labopolis.com\/wp-content\/uploads\/2023\/07\/E-501_LR.jpg\",\"contentUrl\":\"https:\/\/www.labopolis.com\/wp-content\/uploads\/2023\/07\/E-501_LR.jpg\",\"width\":1200,\"height\":1600,\"caption\":\"C\u00e1maras clim\u00e1ticas E-501\"},{\"@type\":\"BreadcrumbList\",\"@id\":\"https:\/\/www.labopolis.com\/producto\/camaras-climaticas-con-iluminacion\/#breadcrumb\",\"itemListElement\":[{\"@type\":\"ListItem\",\"position\":1,\"name\":\"Portada\",\"item\":\"https:\/\/www.labopolis.com\/\"},{\"@type\":\"ListItem\",\"position\":2,\"name\":\"Productos\",\"item\":\"https:\/\/www.labopolis.com\/shop\/\"},{\"@type\":\"ListItem\",\"position\":3,\"name\":\"C\u00e1maras Clim\u00e1ticas con Iluminaci\u00f3n\"}]},{\"@type\":\"WebSite\",\"@id\":\"https:\/\/www.labopolis.com\/#website\",\"url\":\"https:\/\/www.labopolis.com\/\",\"name\":\"Labopolis\",\"description\":\"\",\"potentialAction\":[{\"@type\":\"SearchAction\",\"target\":{\"@type\":\"EntryPoint\",\"urlTemplate\":\"https:\/\/www.labopolis.com\/?s={search_term_string}\"},\"query-input\":{\"@type\":\"PropertyValueSpecification\",\"valueRequired\":true,\"valueName\":\"search_term_string\"}}],\"inLanguage\":\"de\"}]}<\/script>\n<!-- \/ Yoast SEO plugin. -->","yoast_head_json":{"title":"C\u00e1maras Clim\u00e1ticas con Iluminaci\u00f3n - Labopolis","description":"C\u00c1MARA CLIM\u00c1TICA SERIE E Para aplicaciones de incubaci\u00f3n con o sin humedad y fotoperiodo LED, dise\u00f1adas para su uso en conservaci\u00f3n, gen\u00e9tica, entomolog\u00eda, germinaci\u00f3n in-vitro, curado de alimentos, cr\u00eda de insectos y ensayos de laboratorio tanto en el campo de la biotecnolog\u00eda como en el de la producci\u00f3n agraria.    MODELO E-501 E-1002     Dimensiones en mm (Ancho x Fondo x Alto) Exteriores: 690x950x2000 Interiores: 600x690x1410 Exteriores: 1385x1000x2000 Interiores: (2\u00d7600) x690x1410   Volumen \u00fatil 375L 750L   Sistema de almacenamiento 3 bandejas 6 bandejas","robots":{"index":"index","follow":"follow","max-snippet":"max-snippet:-1","max-image-preview":"max-image-preview:large","max-video-preview":"max-video-preview:-1"},"canonical":"https:\/\/www.labopolis.com\/de\/produkt\/camaras-climaticas-con-iluminacion\/","og_locale":"de_DE","og_type":"article","og_title":"C\u00e1maras Clim\u00e1ticas con Iluminaci\u00f3n - Labopolis","og_description":"C\u00c1MARA CLIM\u00c1TICA SERIE E Para aplicaciones de incubaci\u00f3n con o sin humedad y fotoperiodo LED, dise\u00f1adas para su uso en conservaci\u00f3n, gen\u00e9tica, entomolog\u00eda, germinaci\u00f3n in-vitro, curado de alimentos, cr\u00eda de insectos y ensayos de laboratorio tanto en el campo de la biotecnolog\u00eda como en el de la producci\u00f3n agraria.    MODELO E-501 E-1002     Dimensiones en mm (Ancho x Fondo x Alto) Exteriores: 690x950x2000 Interiores: 600x690x1410 Exteriores: 1385x1000x2000 Interiores: (2\u00d7600) x690x1410   Volumen \u00fatil 375L 750L   Sistema de almacenamiento 3 bandejas 6 bandejas","og_url":"https:\/\/www.labopolis.com\/de\/produkt\/camaras-climaticas-con-iluminacion\/","og_site_name":"Labopolis","article_publisher":"https:\/\/www.facebook.com\/profile.php?id=100063251679439","article_modified_time":"2026-03-20T14:33:43+00:00","og_image":[{"width":1200,"height":1600,"url":"https:\/\/www.labopolis.com\/wp-content\/uploads\/2023\/07\/E-501_LR.jpg","type":"image\/jpeg"}],"twitter_card":"summary_large_image","twitter_site":"@Labopolis","twitter_misc":{"Gesch\u00e4tzte Lesezeit":"1\u00a0Minute"},"schema":{"@context":"https:\/\/schema.org","@graph":[{"@type":"WebPage","@id":"https:\/\/www.labopolis.com\/producto\/camaras-climaticas-con-iluminacion\/","url":"https:\/\/www.labopolis.com\/producto\/camaras-climaticas-con-iluminacion\/","name":"C\u00e1maras Clim\u00e1ticas con Iluminaci\u00f3n - Labopolis","isPartOf":{"@id":"https:\/\/www.labopolis.com\/#website"},"primaryImageOfPage":{"@id":"https:\/\/www.labopolis.com\/producto\/camaras-climaticas-con-iluminacion\/#primaryimage"},"image":{"@id":"https:\/\/www.labopolis.com\/producto\/camaras-climaticas-con-iluminacion\/#primaryimage"},"thumbnailUrl":"https:\/\/www.labopolis.com\/wp-content\/uploads\/2023\/07\/E-501_LR.jpg","datePublished":"2023-07-10T11:37:30+00:00","dateModified":"2026-03-20T14:33:43+00:00","description":"C\u00c1MARA CLIM\u00c1TICA SERIE E Para aplicaciones de incubaci\u00f3n con o sin humedad y fotoperiodo LED, dise\u00f1adas para su uso en conservaci\u00f3n, gen\u00e9tica, entomolog\u00eda, germinaci\u00f3n in-vitro, curado de alimentos, cr\u00eda de insectos y ensayos de laboratorio tanto en el campo de la biotecnolog\u00eda como en el de la producci\u00f3n agraria. MODELO E-501 E-1002 Dimensiones en mm (Ancho x Fondo x Alto) Exteriores: 690x950x2000 Interiores: 600x690x1410 Exteriores: 1385x1000x2000 Interiores: (2\u00d7600) x690x1410 Volumen \u00fatil 375L 750L Sistema de almacenamiento 3 bandejas 6 bandejas","breadcrumb":{"@id":"https:\/\/www.labopolis.com\/producto\/camaras-climaticas-con-iluminacion\/#breadcrumb"},"inLanguage":"de","potentialAction":[{"@type":"ReadAction","target":["https:\/\/www.labopolis.com\/producto\/camaras-climaticas-con-iluminacion\/"]}]},{"@type":"ImageObject","inLanguage":"de","@id":"https:\/\/www.labopolis.com\/producto\/camaras-climaticas-con-iluminacion\/#primaryimage","url":"https:\/\/www.labopolis.com\/wp-content\/uploads\/2023\/07\/E-501_LR.jpg","contentUrl":"https:\/\/www.labopolis.com\/wp-content\/uploads\/2023\/07\/E-501_LR.jpg","width":1200,"height":1600,"caption":"C\u00e1maras clim\u00e1ticas E-501"},{"@type":"BreadcrumbList","@id":"https:\/\/www.labopolis.com\/producto\/camaras-climaticas-con-iluminacion\/#breadcrumb","itemListElement":[{"@type":"ListItem","position":1,"name":"Portada","item":"https:\/\/www.labopolis.com\/"},{"@type":"ListItem","position":2,"name":"Productos","item":"https:\/\/www.labopolis.com\/shop\/"},{"@type":"ListItem","position":3,"name":"C\u00e1maras Clim\u00e1ticas con Iluminaci\u00f3n"}]},{"@type":"WebSite","@id":"https:\/\/www.labopolis.com\/#website","url":"https:\/\/www.labopolis.com\/","name":"Labopolis","description":"","potentialAction":[{"@type":"SearchAction","target":{"@type":"EntryPoint","urlTemplate":"https:\/\/www.labopolis.com\/?s={search_term_string}"},"query-input":{"@type":"PropertyValueSpecification","valueRequired":true,"valueName":"search_term_string"}}],"inLanguage":"de"}]}},"_links":{"self":[{"href":"https:\/\/www.labopolis.com\/de\/wp-json\/wp\/v2\/product\/2152","targetHints":{"allow":["GET"]}}],"collection":[{"href":"https:\/\/www.labopolis.com\/de\/wp-json\/wp\/v2\/product"}],"about":[{"href":"https:\/\/www.labopolis.com\/de\/wp-json\/wp\/v2\/types\/product"}],"replies":[{"embeddable":true,"href":"https:\/\/www.labopolis.com\/de\/wp-json\/wp\/v2\/comments?post=2152"}],"wp:featuredmedia":[{"embeddable":true,"href":"https:\/\/www.labopolis.com\/de\/wp-json\/wp\/v2\/media\/16921"}],"wp:attachment":[{"href":"https:\/\/www.labopolis.com\/de\/wp-json\/wp\/v2\/media?parent=2152"}],"wp:term":[{"taxonomy":"product_brand","embeddable":true,"href":"https:\/\/www.labopolis.com\/de\/wp-json\/wp\/v2\/product_brand?post=2152"},{"taxonomy":"product_cat","embeddable":true,"href":"https:\/\/www.labopolis.com\/de\/wp-json\/wp\/v2\/product_cat?post=2152"},{"taxonomy":"product_tag","embeddable":true,"href":"https:\/\/www.labopolis.com\/de\/wp-json\/wp\/v2\/product_tag?post=2152"}],"curies":[{"name":"wp","href":"https:\/\/api.w.org\/{rel}","templated":true}]}}