{"id":2137,"date":"2023-07-10T11:37:29","date_gmt":"2023-07-10T11:37:29","guid":{"rendered":"https:\/\/www.labopolis.com\/?post_type=product&#038;p=2137"},"modified":"2025-09-18T10:08:15","modified_gmt":"2025-09-18T10:08:15","slug":"tarros-duquesas","status":"publish","type":"product","link":"https:\/\/www.labopolis.com\/de\/produkt\/tarros-duquesas\/","title":{"rendered":"Duchess Gl\u00e4ser 250 ml"},"content":{"rendered":"<p>Zylindrische Weithalsgl\u00e4ser (Duchesse) aus Polyethylen, weithalsig mit Schraubverschluss und Obturator, unsteril. K\u00f6rper und Obturator in transluzenter Naturfarbe und Deckel in schwarzer Farbe. Sie k\u00f6nnen nicht autoklaviert werden, f\u00fcr diesen Zweck sind sterile Referenzen erh\u00e4ltlich.<\/p>\n<p>Ref.: 202802. Duchess Weithalsflasche. Unsteril. Fassungsverm\u00f6gen 250ml. \u00d8 Innere \u00d6ffnung: 54mm - Gesamth\u00f6he: 100mm.<br \/>\n<strong>Preis pro Box 73 St\u00fcck Preis solange der Vorrat reicht<\/strong><\/p>","protected":false},"excerpt":{"rendered":"<p>Ref. 202802: Weithalsgl\u00e4ser (Duchesses). Unsteril. Fassungsverm\u00f6gen 250ml. \u00d8 Innere \u00d6ffnung: 54mm - Gesamth\u00f6he: 100mm.<br \/>\n<strong>Preis pro Box 73 St\u00fcck Preis solange der Vorrat reicht<\/strong><br \/>\n**<\/p>","protected":false},"featured_media":2160,"comment_status":"open","ping_status":"closed","template":"","meta":[],"product_brand":[],"product_cat":[134,23,31],"product_tag":[135,136,137],"class_list":{"0":"post-2137","1":"product","2":"type-product","3":"status-publish","4":"has-post-thumbnail","6":"product_cat-fungibles","7":"product_cat-laboratorio","8":"product_cat-outlet-ofertas","9":"product_tag-duquesas","10":"product_tag-duquesas-polietileno","11":"product_tag-tarros-polietileno","13":"first","14":"instock","15":"sold-individually","16":"taxable","17":"shipping-taxable","18":"purchasable","19":"product-type-simple"},"yoast_head":"<!-- This site is optimized with the Yoast SEO plugin v27.2 - https:\/\/yoast.com\/product\/yoast-seo-wordpress\/ -->\n<title>Tarros duquesas 250 ml - Labopolis<\/title>\n<meta name=\"description\" content=\"Ref.: 202802. Tarros boca ancha (Duquesas). No est\u00e9riles. Capacidad de 250ml. \u00d8 Interior boca: 54mm - Altura total: 100mm. Precio por Caja 73 uds. Precio hasta fin existencias\" \/>\n<meta name=\"robots\" content=\"index, follow, max-snippet:-1, max-image-preview:large, max-video-preview:-1\" \/>\n<link rel=\"canonical\" href=\"https:\/\/www.labopolis.com\/de\/produkt\/tarros-duquesas\/\" \/>\n<meta property=\"og:locale\" content=\"de_DE\" \/>\n<meta property=\"og:type\" content=\"article\" \/>\n<meta property=\"og:title\" content=\"Tarros duquesas 250 ml - Labopolis\" \/>\n<meta property=\"og:description\" content=\"Ref.: 202802. Tarros boca ancha (Duquesas). No est\u00e9riles. Capacidad de 250ml. \u00d8 Interior boca: 54mm - Altura total: 100mm. Precio por Caja 73 uds. Precio hasta fin existencias\" \/>\n<meta property=\"og:url\" content=\"https:\/\/www.labopolis.com\/de\/produkt\/tarros-duquesas\/\" \/>\n<meta property=\"og:site_name\" content=\"Labopolis\" \/>\n<meta property=\"article:publisher\" content=\"https:\/\/www.facebook.com\/profile.php?id=100063251679439\" \/>\n<meta property=\"article:modified_time\" content=\"2025-09-18T10:08:15+00:00\" \/>\n<meta property=\"og:image\" content=\"https:\/\/www.labopolis.com\/wp-content\/uploads\/2023\/07\/202818-10.png\" \/>\n\t<meta property=\"og:image:width\" content=\"500\" \/>\n\t<meta property=\"og:image:height\" content=\"453\" \/>\n\t<meta property=\"og:image:type\" content=\"image\/png\" \/>\n<meta name=\"twitter:card\" content=\"summary_large_image\" \/>\n<meta name=\"twitter:site\" content=\"@Labopolis\" \/>\n<script type=\"application\/ld+json\" class=\"yoast-schema-graph\">{\"@context\":\"https:\/\/schema.org\",\"@graph\":[{\"@type\":\"WebPage\",\"@id\":\"https:\/\/www.labopolis.com\/producto\/tarros-duquesas\/\",\"url\":\"https:\/\/www.labopolis.com\/producto\/tarros-duquesas\/\",\"name\":\"Tarros duquesas 250 ml - Labopolis\",\"isPartOf\":{\"@id\":\"https:\/\/www.labopolis.com\/#website\"},\"primaryImageOfPage\":{\"@id\":\"https:\/\/www.labopolis.com\/producto\/tarros-duquesas\/#primaryimage\"},\"image\":{\"@id\":\"https:\/\/www.labopolis.com\/producto\/tarros-duquesas\/#primaryimage\"},\"thumbnailUrl\":\"https:\/\/www.labopolis.com\/wp-content\/uploads\/2023\/07\/202818-10.png\",\"datePublished\":\"2023-07-10T11:37:29+00:00\",\"dateModified\":\"2025-09-18T10:08:15+00:00\",\"description\":\"Ref.: 202802. Tarros boca ancha (Duquesas). No est\u00e9riles. Capacidad de 250ml. \u00d8 Interior boca: 54mm - Altura total: 100mm. Precio por Caja 73 uds. Precio hasta fin existencias\",\"breadcrumb\":{\"@id\":\"https:\/\/www.labopolis.com\/producto\/tarros-duquesas\/#breadcrumb\"},\"inLanguage\":\"de\",\"potentialAction\":[{\"@type\":\"ReadAction\",\"target\":[\"https:\/\/www.labopolis.com\/producto\/tarros-duquesas\/\"]}]},{\"@type\":\"ImageObject\",\"inLanguage\":\"de\",\"@id\":\"https:\/\/www.labopolis.com\/producto\/tarros-duquesas\/#primaryimage\",\"url\":\"https:\/\/www.labopolis.com\/wp-content\/uploads\/2023\/07\/202818-10.png\",\"contentUrl\":\"https:\/\/www.labopolis.com\/wp-content\/uploads\/2023\/07\/202818-10.png\",\"width\":500,\"height\":453,\"caption\":\"Producto\"},{\"@type\":\"BreadcrumbList\",\"@id\":\"https:\/\/www.labopolis.com\/producto\/tarros-duquesas\/#breadcrumb\",\"itemListElement\":[{\"@type\":\"ListItem\",\"position\":1,\"name\":\"Portada\",\"item\":\"https:\/\/www.labopolis.com\/\"},{\"@type\":\"ListItem\",\"position\":2,\"name\":\"Productos\",\"item\":\"https:\/\/www.labopolis.com\/shop\/\"},{\"@type\":\"ListItem\",\"position\":3,\"name\":\"Tarros duquesas 250 ml\"}]},{\"@type\":\"WebSite\",\"@id\":\"https:\/\/www.labopolis.com\/#website\",\"url\":\"https:\/\/www.labopolis.com\/\",\"name\":\"Labopolis\",\"description\":\"\",\"potentialAction\":[{\"@type\":\"SearchAction\",\"target\":{\"@type\":\"EntryPoint\",\"urlTemplate\":\"https:\/\/www.labopolis.com\/?s={search_term_string}\"},\"query-input\":{\"@type\":\"PropertyValueSpecification\",\"valueRequired\":true,\"valueName\":\"search_term_string\"}}],\"inLanguage\":\"de\"}]}<\/script>\n<!-- \/ Yoast SEO plugin. -->","yoast_head_json":{"title":"Tarros duquesas 250 ml - Labopolis","description":"Ref.: 202802. Tarros boca ancha (Duquesas). No est\u00e9riles. Capacidad de 250ml. \u00d8 Interior boca: 54mm - Altura total: 100mm. Precio por Caja 73 uds. Precio hasta fin existencias","robots":{"index":"index","follow":"follow","max-snippet":"max-snippet:-1","max-image-preview":"max-image-preview:large","max-video-preview":"max-video-preview:-1"},"canonical":"https:\/\/www.labopolis.com\/de\/produkt\/tarros-duquesas\/","og_locale":"de_DE","og_type":"article","og_title":"Tarros duquesas 250 ml - Labopolis","og_description":"Ref.: 202802. Tarros boca ancha (Duquesas). No est\u00e9riles. Capacidad de 250ml. \u00d8 Interior boca: 54mm - Altura total: 100mm. Precio por Caja 73 uds. Precio hasta fin existencias","og_url":"https:\/\/www.labopolis.com\/de\/produkt\/tarros-duquesas\/","og_site_name":"Labopolis","article_publisher":"https:\/\/www.facebook.com\/profile.php?id=100063251679439","article_modified_time":"2025-09-18T10:08:15+00:00","og_image":[{"width":500,"height":453,"url":"https:\/\/www.labopolis.com\/wp-content\/uploads\/2023\/07\/202818-10.png","type":"image\/png"}],"twitter_card":"summary_large_image","twitter_site":"@Labopolis","schema":{"@context":"https:\/\/schema.org","@graph":[{"@type":"WebPage","@id":"https:\/\/www.labopolis.com\/producto\/tarros-duquesas\/","url":"https:\/\/www.labopolis.com\/producto\/tarros-duquesas\/","name":"Tarros duquesas 250 ml - Labopolis","isPartOf":{"@id":"https:\/\/www.labopolis.com\/#website"},"primaryImageOfPage":{"@id":"https:\/\/www.labopolis.com\/producto\/tarros-duquesas\/#primaryimage"},"image":{"@id":"https:\/\/www.labopolis.com\/producto\/tarros-duquesas\/#primaryimage"},"thumbnailUrl":"https:\/\/www.labopolis.com\/wp-content\/uploads\/2023\/07\/202818-10.png","datePublished":"2023-07-10T11:37:29+00:00","dateModified":"2025-09-18T10:08:15+00:00","description":"Ref.: 202802. Tarros boca ancha (Duquesas). No est\u00e9riles. Capacidad de 250ml. \u00d8 Interior boca: 54mm - Altura total: 100mm. Precio por Caja 73 uds. Precio hasta fin existencias","breadcrumb":{"@id":"https:\/\/www.labopolis.com\/producto\/tarros-duquesas\/#breadcrumb"},"inLanguage":"de","potentialAction":[{"@type":"ReadAction","target":["https:\/\/www.labopolis.com\/producto\/tarros-duquesas\/"]}]},{"@type":"ImageObject","inLanguage":"de","@id":"https:\/\/www.labopolis.com\/producto\/tarros-duquesas\/#primaryimage","url":"https:\/\/www.labopolis.com\/wp-content\/uploads\/2023\/07\/202818-10.png","contentUrl":"https:\/\/www.labopolis.com\/wp-content\/uploads\/2023\/07\/202818-10.png","width":500,"height":453,"caption":"Producto"},{"@type":"BreadcrumbList","@id":"https:\/\/www.labopolis.com\/producto\/tarros-duquesas\/#breadcrumb","itemListElement":[{"@type":"ListItem","position":1,"name":"Portada","item":"https:\/\/www.labopolis.com\/"},{"@type":"ListItem","position":2,"name":"Productos","item":"https:\/\/www.labopolis.com\/shop\/"},{"@type":"ListItem","position":3,"name":"Tarros duquesas 250 ml"}]},{"@type":"WebSite","@id":"https:\/\/www.labopolis.com\/#website","url":"https:\/\/www.labopolis.com\/","name":"Labopolis","description":"","potentialAction":[{"@type":"SearchAction","target":{"@type":"EntryPoint","urlTemplate":"https:\/\/www.labopolis.com\/?s={search_term_string}"},"query-input":{"@type":"PropertyValueSpecification","valueRequired":true,"valueName":"search_term_string"}}],"inLanguage":"de"}]}},"_links":{"self":[{"href":"https:\/\/www.labopolis.com\/de\/wp-json\/wp\/v2\/product\/2137","targetHints":{"allow":["GET"]}}],"collection":[{"href":"https:\/\/www.labopolis.com\/de\/wp-json\/wp\/v2\/product"}],"about":[{"href":"https:\/\/www.labopolis.com\/de\/wp-json\/wp\/v2\/types\/product"}],"replies":[{"embeddable":true,"href":"https:\/\/www.labopolis.com\/de\/wp-json\/wp\/v2\/comments?post=2137"}],"wp:featuredmedia":[{"embeddable":true,"href":"https:\/\/www.labopolis.com\/de\/wp-json\/wp\/v2\/media\/2160"}],"wp:attachment":[{"href":"https:\/\/www.labopolis.com\/de\/wp-json\/wp\/v2\/media?parent=2137"}],"wp:term":[{"taxonomy":"product_brand","embeddable":true,"href":"https:\/\/www.labopolis.com\/de\/wp-json\/wp\/v2\/product_brand?post=2137"},{"taxonomy":"product_cat","embeddable":true,"href":"https:\/\/www.labopolis.com\/de\/wp-json\/wp\/v2\/product_cat?post=2137"},{"taxonomy":"product_tag","embeddable":true,"href":"https:\/\/www.labopolis.com\/de\/wp-json\/wp\/v2\/product_tag?post=2137"}],"curies":[{"name":"wp","href":"https:\/\/api.w.org\/{rel}","templated":true}]}}