{"id":14362,"date":"2025-02-25T12:41:12","date_gmt":"2025-02-25T12:41:12","guid":{"rendered":"https:\/\/www.labopolis.com\/?post_type=product&#038;p=14362"},"modified":"2026-02-05T10:49:13","modified_gmt":"2026-02-05T10:49:13","slug":"incubador-de-co2","status":"publish","type":"product","link":"https:\/\/www.labopolis.com\/de\/produkt\/incubador-de-co2\/","title":{"rendered":"CO2-Inkubator"},"content":{"rendered":"<p>Der neue Inkubator von\u00a0<strong>CO<sub>2<\/sub>\u00a0Inkubator<\/strong>\u00a0\"Direct Heat, ausgestattet mit einem automatischen Dekontaminationszyklus, wurde entwickelt, um eine stabile Umgebung zu bieten, die perfekt an die Zell- und Gewebekultur angepasst ist und die anspruchsvollsten Anforderungen derjenigen ber\u00fccksichtigt, die in diesem Bereich arbeiten, sei es in kontinuierlicher oder Batch-Kultur.<br \/>\n<strong>Cruma CO<sub>2<\/sub>\u00a0Inkubator<\/strong>\u00a0h\u00e4lt den prozentualen Anteil der CO<sub>2<\/sub>\u00a0und gleichzeitig die Gleichm\u00e4\u00dfigkeit der Temperatur und die hohe Luftfeuchtigkeit zu gew\u00e4hrleisten, die f\u00fcr die Stabilit\u00e4t der Umgebung erforderlich sind, die f\u00fcr besonders kritische Anwendungen wie IVF- und Ibridom-Kulturen ben\u00f6tigt wird.<\/p>\n<p>Gro\u00dfes Fassungsverm\u00f6gen von 188,6 Litern, was einem effektiv nutzbaren Raum von <strong>140 Liter<\/strong>\u00a0(ein Wert, der sich in einem Verh\u00e4ltnis zwischen Kapazit\u00e4t und Nutzfl\u00e4che niederschl\u00e4gt, das kein anderer Wettbewerber bieten kann), dank der besonderen Konstruktion des Regals und des Systems mit 4 F\u00e4chern, das eine Auflagefl\u00e4che von 0,23 m2 auf jedem Fachboden gew\u00e4hrleistet.<\/p>\n<p>Temperaturgenauigkeit und -pr\u00e4zision werden durch 4 unabh\u00e4ngig voneinander kontrollierte und validierte direkte Heizelemente gew\u00e4hrleistet, die an allen 6 Seiten der Kammer angebracht sind und die Temperatur mit einer Standardabweichung von 0,1 Grad vom Sollwert messen und regeln k\u00f6nnen. Der CO2-Anteil wird durch einen hochmodernen IR-Sensor genau eingehalten.<\/p>\n<p>Die Luftfeuchtigkeit wird im 95% durch eine 2,5 Liter fassende Edelstahlwanne konstant gehalten, die durch ein am Boden angebrachtes Element beheizt wird. Dar\u00fcber hinaus ist das Ger\u00e4t mit einem programmierbaren Dekontaminationszyklus \"auf Anfrage\" ausgestattet, der absolute Sicherheit gew\u00e4hrleistet.<\/p>\n<p>Programmierbare Alarme \"Au\u00dferhalb des Bereichs\" Parameter<br \/>\nAuto-Reset f\u00fcr die Wiederherstellung des Kamerazustands<br \/>\nAlphanumerisches Display mit 2\u00d724 Zeichen zur Anzeige der<br \/>\nKonfigurationsmodi und Statusinformationen<br \/>\nTemperaturanzeige in Zehnteln von \u00b0C<br \/>\nProgrammierbare Tasten zur Parametereinstellung<br \/>\nTasten zum Bl\u00e4ttern in den Men\u00fcs<br \/>\n% CO2-Werte in 0,1%-Schritten.<\/p>","protected":false},"excerpt":{"rendered":"<p>CO2-Inkubator<\/p>\n<table class=\"easy-table easy-table-default\">\n<tbody>\n<tr>\n<td><strong>Modell<\/strong><\/td>\n<td><b>CO2-Inkubator<\/b><\/td>\n<\/tr>\n<tr>\n<td>Innenma\u00dfe (Breite\/Tiefe\/H\u00f6he)<\/td>\n<td>530x690x500<\/td>\n<\/tr>\n<tr>\n<td>Au\u00dfenma\u00dfe (Breite\/Tiefe\/H\u00f6he)<\/td>\n<td>680x896x746<\/td>\n<\/tr>\n<tr>\n<td>Stromverbrauch insgesamt<\/td>\n<td>1,5 Kw<\/td>\n<\/tr>\n<tr>\n<td>Spannung - Perioden<\/td>\n<td>110-220 V \/ 50-60 Hz<\/td>\n<\/tr>\n<tr>\n<td>Gewicht<\/td>\n<td>102 kg<\/td>\n<\/tr>\n<tr>\n<td>Volumen der Box<\/td>\n<td>0.89 m3<\/td>\n<\/tr>\n<tr>\n<td>B\u00fcrgschaft<\/td>\n<td>2 Jahre<\/td>\n<\/tr>\n<\/tbody>\n<\/table>","protected":false},"featured_media":14363,"comment_status":"open","ping_status":"closed","template":"","meta":[],"product_brand":[],"product_cat":[117,23],"product_tag":[],"class_list":{"0":"post-14362","1":"product","2":"type-product","3":"status-publish","4":"has-post-thumbnail","6":"product_cat-camaras-incubadoras","7":"product_cat-laboratorio","9":"first","10":"instock","11":"taxable","12":"shipping-taxable","13":"purchasable","14":"product-type-simple"},"yoast_head":"<!-- This site is optimized with the Yoast SEO plugin v27.2 - https:\/\/yoast.com\/product\/yoast-seo-wordpress\/ -->\n<title>Incubador de CO2 - Labopolis<\/title>\n<meta name=\"description\" content=\"C\u00e1mara incubadora refrigerada transparente (metacrilato Pexigl\u00e1s\u00ae) de sobremesa con puerta frontal, controlada por microprocesador.\" \/>\n<meta name=\"robots\" content=\"index, follow, max-snippet:-1, max-image-preview:large, max-video-preview:-1\" \/>\n<link rel=\"canonical\" href=\"https:\/\/www.labopolis.com\/de\/produkt\/incubador-de-co2\/\" \/>\n<meta property=\"og:locale\" content=\"de_DE\" \/>\n<meta property=\"og:type\" content=\"article\" \/>\n<meta property=\"og:title\" content=\"Incubador de CO2 - Labopolis\" \/>\n<meta property=\"og:description\" content=\"C\u00e1mara incubadora refrigerada transparente (metacrilato Pexigl\u00e1s\u00ae) de sobremesa con puerta frontal, controlada por microprocesador.\" \/>\n<meta property=\"og:url\" content=\"https:\/\/www.labopolis.com\/de\/produkt\/incubador-de-co2\/\" \/>\n<meta property=\"og:site_name\" content=\"Labopolis\" \/>\n<meta property=\"article:publisher\" content=\"https:\/\/www.facebook.com\/profile.php?id=100063251679439\" \/>\n<meta property=\"article:modified_time\" content=\"2026-02-05T10:49:13+00:00\" \/>\n<meta property=\"og:image\" content=\"https:\/\/www.labopolis.com\/wp-content\/uploads\/2025\/02\/INCUBADOR-CO2.png\" \/>\n\t<meta property=\"og:image:width\" content=\"701\" \/>\n\t<meta property=\"og:image:height\" content=\"927\" \/>\n\t<meta property=\"og:image:type\" content=\"image\/png\" \/>\n<meta name=\"twitter:card\" content=\"summary_large_image\" \/>\n<meta name=\"twitter:site\" content=\"@Labopolis\" \/>\n<meta name=\"twitter:label1\" content=\"Gesch\u00e4tzte Lesezeit\" \/>\n\t<meta name=\"twitter:data1\" content=\"2\u00a0Minuten\" \/>\n<script type=\"application\/ld+json\" class=\"yoast-schema-graph\">{\"@context\":\"https:\/\/schema.org\",\"@graph\":[{\"@type\":\"WebPage\",\"@id\":\"https:\/\/www.labopolis.com\/producto\/incubador-de-co2\/\",\"url\":\"https:\/\/www.labopolis.com\/producto\/incubador-de-co2\/\",\"name\":\"Incubador de CO2 - Labopolis\",\"isPartOf\":{\"@id\":\"https:\/\/www.labopolis.com\/#website\"},\"primaryImageOfPage\":{\"@id\":\"https:\/\/www.labopolis.com\/producto\/incubador-de-co2\/#primaryimage\"},\"image\":{\"@id\":\"https:\/\/www.labopolis.com\/producto\/incubador-de-co2\/#primaryimage\"},\"thumbnailUrl\":\"https:\/\/www.labopolis.com\/wp-content\/uploads\/2025\/02\/INCUBADOR-CO2.png\",\"datePublished\":\"2025-02-25T12:41:12+00:00\",\"dateModified\":\"2026-02-05T10:49:13+00:00\",\"description\":\"C\u00e1mara incubadora refrigerada transparente (metacrilato Pexigl\u00e1s\u00ae) de sobremesa con puerta frontal, controlada por microprocesador.\",\"breadcrumb\":{\"@id\":\"https:\/\/www.labopolis.com\/producto\/incubador-de-co2\/#breadcrumb\"},\"inLanguage\":\"de\",\"potentialAction\":[{\"@type\":\"ReadAction\",\"target\":[\"https:\/\/www.labopolis.com\/producto\/incubador-de-co2\/\"]}]},{\"@type\":\"ImageObject\",\"inLanguage\":\"de\",\"@id\":\"https:\/\/www.labopolis.com\/producto\/incubador-de-co2\/#primaryimage\",\"url\":\"https:\/\/www.labopolis.com\/wp-content\/uploads\/2025\/02\/INCUBADOR-CO2.png\",\"contentUrl\":\"https:\/\/www.labopolis.com\/wp-content\/uploads\/2025\/02\/INCUBADOR-CO2.png\",\"width\":701,\"height\":927},{\"@type\":\"BreadcrumbList\",\"@id\":\"https:\/\/www.labopolis.com\/producto\/incubador-de-co2\/#breadcrumb\",\"itemListElement\":[{\"@type\":\"ListItem\",\"position\":1,\"name\":\"Portada\",\"item\":\"https:\/\/www.labopolis.com\/\"},{\"@type\":\"ListItem\",\"position\":2,\"name\":\"Productos\",\"item\":\"https:\/\/www.labopolis.com\/shop\/\"},{\"@type\":\"ListItem\",\"position\":3,\"name\":\"Incubador de CO2\"}]},{\"@type\":\"WebSite\",\"@id\":\"https:\/\/www.labopolis.com\/#website\",\"url\":\"https:\/\/www.labopolis.com\/\",\"name\":\"Labopolis\",\"description\":\"\",\"potentialAction\":[{\"@type\":\"SearchAction\",\"target\":{\"@type\":\"EntryPoint\",\"urlTemplate\":\"https:\/\/www.labopolis.com\/?s={search_term_string}\"},\"query-input\":{\"@type\":\"PropertyValueSpecification\",\"valueRequired\":true,\"valueName\":\"search_term_string\"}}],\"inLanguage\":\"de\"}]}<\/script>\n<!-- \/ Yoast SEO plugin. -->","yoast_head_json":{"title":"Incubador de CO2 - Labopolis","description":"Transparenter K\u00fchlbrutschrank (Pexiglas\u00ae-Methacrylat) mit Frontt\u00fcr, mikroprozessorgesteuert.","robots":{"index":"index","follow":"follow","max-snippet":"max-snippet:-1","max-image-preview":"max-image-preview:large","max-video-preview":"max-video-preview:-1"},"canonical":"https:\/\/www.labopolis.com\/de\/produkt\/incubador-de-co2\/","og_locale":"de_DE","og_type":"article","og_title":"Incubador de CO2 - Labopolis","og_description":"C\u00e1mara incubadora refrigerada transparente (metacrilato Pexigl\u00e1s\u00ae) de sobremesa con puerta frontal, controlada por microprocesador.","og_url":"https:\/\/www.labopolis.com\/de\/produkt\/incubador-de-co2\/","og_site_name":"Labopolis","article_publisher":"https:\/\/www.facebook.com\/profile.php?id=100063251679439","article_modified_time":"2026-02-05T10:49:13+00:00","og_image":[{"width":701,"height":927,"url":"https:\/\/www.labopolis.com\/wp-content\/uploads\/2025\/02\/INCUBADOR-CO2.png","type":"image\/png"}],"twitter_card":"summary_large_image","twitter_site":"@Labopolis","twitter_misc":{"Gesch\u00e4tzte Lesezeit":"2\u00a0Minuten"},"schema":{"@context":"https:\/\/schema.org","@graph":[{"@type":"WebPage","@id":"https:\/\/www.labopolis.com\/producto\/incubador-de-co2\/","url":"https:\/\/www.labopolis.com\/producto\/incubador-de-co2\/","name":"Incubador de CO2 - Labopolis","isPartOf":{"@id":"https:\/\/www.labopolis.com\/#website"},"primaryImageOfPage":{"@id":"https:\/\/www.labopolis.com\/producto\/incubador-de-co2\/#primaryimage"},"image":{"@id":"https:\/\/www.labopolis.com\/producto\/incubador-de-co2\/#primaryimage"},"thumbnailUrl":"https:\/\/www.labopolis.com\/wp-content\/uploads\/2025\/02\/INCUBADOR-CO2.png","datePublished":"2025-02-25T12:41:12+00:00","dateModified":"2026-02-05T10:49:13+00:00","description":"Transparenter K\u00fchlbrutschrank (Pexiglas\u00ae-Methacrylat) mit Frontt\u00fcr, mikroprozessorgesteuert.","breadcrumb":{"@id":"https:\/\/www.labopolis.com\/producto\/incubador-de-co2\/#breadcrumb"},"inLanguage":"de","potentialAction":[{"@type":"ReadAction","target":["https:\/\/www.labopolis.com\/producto\/incubador-de-co2\/"]}]},{"@type":"ImageObject","inLanguage":"de","@id":"https:\/\/www.labopolis.com\/producto\/incubador-de-co2\/#primaryimage","url":"https:\/\/www.labopolis.com\/wp-content\/uploads\/2025\/02\/INCUBADOR-CO2.png","contentUrl":"https:\/\/www.labopolis.com\/wp-content\/uploads\/2025\/02\/INCUBADOR-CO2.png","width":701,"height":927},{"@type":"BreadcrumbList","@id":"https:\/\/www.labopolis.com\/producto\/incubador-de-co2\/#breadcrumb","itemListElement":[{"@type":"ListItem","position":1,"name":"Portada","item":"https:\/\/www.labopolis.com\/"},{"@type":"ListItem","position":2,"name":"Productos","item":"https:\/\/www.labopolis.com\/shop\/"},{"@type":"ListItem","position":3,"name":"Incubador de CO2"}]},{"@type":"WebSite","@id":"https:\/\/www.labopolis.com\/#website","url":"https:\/\/www.labopolis.com\/","name":"Labopolis","description":"","potentialAction":[{"@type":"SearchAction","target":{"@type":"EntryPoint","urlTemplate":"https:\/\/www.labopolis.com\/?s={search_term_string}"},"query-input":{"@type":"PropertyValueSpecification","valueRequired":true,"valueName":"search_term_string"}}],"inLanguage":"de"}]}},"_links":{"self":[{"href":"https:\/\/www.labopolis.com\/de\/wp-json\/wp\/v2\/product\/14362","targetHints":{"allow":["GET"]}}],"collection":[{"href":"https:\/\/www.labopolis.com\/de\/wp-json\/wp\/v2\/product"}],"about":[{"href":"https:\/\/www.labopolis.com\/de\/wp-json\/wp\/v2\/types\/product"}],"replies":[{"embeddable":true,"href":"https:\/\/www.labopolis.com\/de\/wp-json\/wp\/v2\/comments?post=14362"}],"wp:featuredmedia":[{"embeddable":true,"href":"https:\/\/www.labopolis.com\/de\/wp-json\/wp\/v2\/media\/14363"}],"wp:attachment":[{"href":"https:\/\/www.labopolis.com\/de\/wp-json\/wp\/v2\/media?parent=14362"}],"wp:term":[{"taxonomy":"product_brand","embeddable":true,"href":"https:\/\/www.labopolis.com\/de\/wp-json\/wp\/v2\/product_brand?post=14362"},{"taxonomy":"product_cat","embeddable":true,"href":"https:\/\/www.labopolis.com\/de\/wp-json\/wp\/v2\/product_cat?post=14362"},{"taxonomy":"product_tag","embeddable":true,"href":"https:\/\/www.labopolis.com\/de\/wp-json\/wp\/v2\/product_tag?post=14362"}],"curies":[{"name":"wp","href":"https:\/\/api.w.org\/{rel}","templated":true}]}}