{"id":1382,"date":"2023-07-10T11:33:39","date_gmt":"2023-07-10T11:33:39","guid":{"rendered":"https:\/\/www.labopolis.com\/?post_type=product&#038;p=1382"},"modified":"2025-01-27T12:01:19","modified_gmt":"2025-01-27T12:01:19","slug":"estufas-desecacion-por-aire-forzado-a-300oc","status":"publish","type":"product","link":"https:\/\/www.labopolis.com\/de\/produkt\/estufas-desecacion-por-aire-forzado-a-300oc\/","title":{"rendered":"Gebl\u00e4se-Trocken\u00f6fen bei 300\u00b0C"},"content":{"rendered":"<p>Trocknungs\u00f6fen mit Zwangsluftumw\u00e4lzung 300\u00ba C, einschlie\u00dflich:<br \/>\n- Horizontale Zwangsumw\u00e4lzung der Luft <strong>(mit L\u00fcfterdrehzahlregler MODELLE LSN11)<\/strong><br \/>\n- Abluftsteuerventil (Steuerung \u00fcber die Frontplatte)<br \/>\n- Kammer aus rostfreiem Stahl<br \/>\n- Hermetische T\u00fcrverriegelung<br \/>\n- Mikroprozessorgesteuerter Temperaturregler<br \/>\n- Akustisches Signal zum Programmende<br \/>\n- \u00dcberhitzungsschutz - nicht einstellbarer OTP (optional kann ein einstellbarer OTP eingebaut werden)<br \/>\n- L\u00fcfterdrehzahlregler<br \/>\n- Enth\u00e4lt 3 Standardb\u00f6den, au\u00dfer Modell 20\/300, das 2 B\u00f6den enth\u00e4lt.<br \/>\n- Hochwertige umweltfreundliche W\u00e4rmed\u00e4mmung<br \/>\n- Geringer Stromverbrauch<br \/>\n- Kurze Aufw\u00e4rm-\/Abk\u00fchlzeit<br \/>\n- Hoher Grad an Pr\u00e4zision<br \/>\n- Au\u00dfen pulverbeschichtet (RAL 1015 und RAL 1017)<\/p>\n<p>Die Modelle sind standardm\u00e4\u00dfig mit einem nicht programmierbaren OMROM E5CC Temperaturregler mit 1 Programm und 2 Stufen ausgestattet, k\u00f6nnen aber optional mit programmierbaren Temperaturreglern wie dem OMROM E5CC-T mit 8 Programmen und 32 Stufen bestellt werden. Andere Optionen wie PC RS232\/RS-485\/USB Anschluss und Software, Eurotherm 3216i einstellbarer \u00dcbertemperaturschutz, digitale Zeitschaltuhr, etc. k\u00f6nnen zu diesen Modellen hinzugef\u00fcgt werden.<\/p>","protected":false},"excerpt":{"rendered":"<p><strong>Modelle bis zu 300\u00baC mit Umluft und Gebl\u00e4sedrehzahlregler<\/strong>:<\/p>\n<p>20\/300 LSN11 - Fassungsverm\u00f6gen 20 Liter - forcierte Umluft - Edelstahlkammer<br \/>\n60\/300 LSN11 - Fassungsverm\u00f6gen 60 Liter - forcierte Luftumw\u00e4lzung - Edelstahlkammer<br \/>\n120\/300 LSN11 - Fassungsverm\u00f6gen 120 Liter - forcierte Luftumw\u00e4lzung - Edelstahlkammer<br \/>\n220\/300 LSN11 - Fassungsverm\u00f6gen 220 Liter - forcierte Umluft - Edelstahlkammer<br \/>\n420\/300 LSN11 - Fassungsverm\u00f6gen 420 Liter - forcierte Luftumw\u00e4lzung - Edelstahlkammer<\/p>\n<p><strong>Modelle bis 300\u00baC mit Umluft ohne L\u00fcfterdrehzahlregler:<br \/>\n<\/strong><\/p>\n<p>20\/300 LSN41 - Fassungsverm\u00f6gen 20 Liter - forcierte Luftumw\u00e4lzung - Edelstahlkammer<br \/>\n60\/300 LSN41 - Fassungsverm\u00f6gen 60 Liter - forcierte Umluft - Edelstahlkammer<br \/>\n120\/300 LSN41 - Fassungsverm\u00f6gen 120 Liter - forcierte Luftumw\u00e4lzung - Edelstahlkammer<br \/>\n220\/300 LSN41 - Fassungsverm\u00f6gen 220 Liter - forcierte Luftumw\u00e4lzung - Edelstahlkammer<br \/>\n420\/300 LSN41 - Fassungsverm\u00f6gen 420 Liter - forcierte Umluft - Edelstahlkammer<\/p>\n<p><a class=\"ficha-tecnica-es\" href=\"https:\/\/www.labopolis.com\/wp-content\/uploads\/2016\/01\/Linea-Estufas-300_ES-3.pdf\" target=\"_blank\" rel=\"attachment wp-att-4031 noopener noreferrer\"><strong><i class=\"fas fa-file-alt\"><\/i>\u00a0<em>Technisches Datenblatt Trocknungs\u00f6fen 300\u00ba C<\/em><\/strong><\/a><\/p>\n<p><a class=\"ficha-tecnica-en\" href=\"https:\/\/www.labopolis.com\/wp-content\/uploads\/2024\/10\/Line-of-ovens-300_EN.pdf\" target=\"_blank\" rel=\"noopener\"><strong><i class=\"fas fa-file-alt\"><\/i> Technische Datenbl\u00e4tter \u00d6fen<em>\u00a0300\u00ba C<\/em><\/strong><\/a><\/p>","protected":false},"featured_media":1401,"comment_status":"open","ping_status":"closed","template":"","meta":[],"product_brand":[],"product_cat":[122,23],"product_tag":[123,124,125,126],"class_list":{"0":"post-1382","1":"product","2":"type-product","3":"status-publish","4":"has-post-thumbnail","6":"product_cat-estufas","7":"product_cat-laboratorio","8":"product_tag-estufa-desecacion-aire-forzado","9":"product_tag-estufa-desecacion-conveccion-natural","10":"product_tag-estufa-desecacion-laboratorio","11":"product_tag-estufas-desecacion","13":"first","14":"instock","15":"taxable","16":"shipping-taxable","17":"purchasable","18":"product-type-variable"},"yoast_head":"<!-- This site is optimized with the Yoast SEO plugin v27.2 - https:\/\/yoast.com\/product\/yoast-seo-wordpress\/ -->\n<title>Estufas Desecaci\u00f3n por Aire Forzado a 300\u00baC - Labopolis<\/title>\n<meta name=\"description\" content=\"Estufas de desecaci\u00f3n por aire forzado con y sin controlador de velocidad del ventilador, para trabajar en temperaturas de hasta 300\u00baC\" \/>\n<meta name=\"robots\" content=\"index, follow, max-snippet:-1, max-image-preview:large, max-video-preview:-1\" \/>\n<link rel=\"canonical\" href=\"https:\/\/www.labopolis.com\/de\/produkt\/estufas-desecacion-por-aire-forzado-a-300oc\/\" \/>\n<meta property=\"og:locale\" content=\"de_DE\" \/>\n<meta property=\"og:type\" content=\"article\" \/>\n<meta property=\"og:title\" content=\"Estufas Desecaci\u00f3n por Aire Forzado a 300\u00baC - Labopolis\" \/>\n<meta property=\"og:description\" content=\"Estufas de desecaci\u00f3n por aire forzado con y sin controlador de velocidad del ventilador, para trabajar en temperaturas de hasta 300\u00baC\" \/>\n<meta property=\"og:url\" content=\"https:\/\/www.labopolis.com\/de\/produkt\/estufas-desecacion-por-aire-forzado-a-300oc\/\" \/>\n<meta property=\"og:site_name\" content=\"Labopolis\" \/>\n<meta property=\"article:publisher\" content=\"https:\/\/www.facebook.com\/profile.php?id=100063251679439\" \/>\n<meta property=\"article:modified_time\" content=\"2025-01-27T12:01:19+00:00\" \/>\n<meta property=\"og:image\" content=\"https:\/\/www.labopolis.com\/wp-content\/uploads\/2023\/07\/20-300LSN11.jpg\" \/>\n\t<meta property=\"og:image:width\" content=\"224\" \/>\n\t<meta property=\"og:image:height\" content=\"238\" \/>\n\t<meta property=\"og:image:type\" content=\"image\/jpeg\" \/>\n<meta name=\"twitter:card\" content=\"summary_large_image\" \/>\n<meta name=\"twitter:site\" content=\"@Labopolis\" \/>\n<meta name=\"twitter:label1\" content=\"Gesch\u00e4tzte Lesezeit\" \/>\n\t<meta name=\"twitter:data1\" content=\"1\u00a0Minute\" \/>\n<script type=\"application\/ld+json\" class=\"yoast-schema-graph\">{\"@context\":\"https:\/\/schema.org\",\"@graph\":[{\"@type\":\"WebPage\",\"@id\":\"https:\/\/www.labopolis.com\/producto\/estufas-desecacion-por-aire-forzado-a-300oc\/\",\"url\":\"https:\/\/www.labopolis.com\/producto\/estufas-desecacion-por-aire-forzado-a-300oc\/\",\"name\":\"Estufas Desecaci\u00f3n por Aire Forzado a 300\u00baC - Labopolis\",\"isPartOf\":{\"@id\":\"https:\/\/www.labopolis.com\/#website\"},\"primaryImageOfPage\":{\"@id\":\"https:\/\/www.labopolis.com\/producto\/estufas-desecacion-por-aire-forzado-a-300oc\/#primaryimage\"},\"image\":{\"@id\":\"https:\/\/www.labopolis.com\/producto\/estufas-desecacion-por-aire-forzado-a-300oc\/#primaryimage\"},\"thumbnailUrl\":\"https:\/\/www.labopolis.com\/wp-content\/uploads\/2023\/07\/20-300LSN11.jpg\",\"datePublished\":\"2023-07-10T11:33:39+00:00\",\"dateModified\":\"2025-01-27T12:01:19+00:00\",\"description\":\"Estufas de desecaci\u00f3n por aire forzado con y sin controlador de velocidad del ventilador, para trabajar en temperaturas de hasta 300\u00baC\",\"breadcrumb\":{\"@id\":\"https:\/\/www.labopolis.com\/producto\/estufas-desecacion-por-aire-forzado-a-300oc\/#breadcrumb\"},\"inLanguage\":\"de\",\"potentialAction\":[{\"@type\":\"ReadAction\",\"target\":[\"https:\/\/www.labopolis.com\/producto\/estufas-desecacion-por-aire-forzado-a-300oc\/\"]}]},{\"@type\":\"ImageObject\",\"inLanguage\":\"de\",\"@id\":\"https:\/\/www.labopolis.com\/producto\/estufas-desecacion-por-aire-forzado-a-300oc\/#primaryimage\",\"url\":\"https:\/\/www.labopolis.com\/wp-content\/uploads\/2023\/07\/20-300LSN11.jpg\",\"contentUrl\":\"https:\/\/www.labopolis.com\/wp-content\/uploads\/2023\/07\/20-300LSN11.jpg\",\"width\":224,\"height\":238,\"caption\":\"Producto\"},{\"@type\":\"BreadcrumbList\",\"@id\":\"https:\/\/www.labopolis.com\/producto\/estufas-desecacion-por-aire-forzado-a-300oc\/#breadcrumb\",\"itemListElement\":[{\"@type\":\"ListItem\",\"position\":1,\"name\":\"Portada\",\"item\":\"https:\/\/www.labopolis.com\/\"},{\"@type\":\"ListItem\",\"position\":2,\"name\":\"Productos\",\"item\":\"https:\/\/www.labopolis.com\/shop\/\"},{\"@type\":\"ListItem\",\"position\":3,\"name\":\"Estufas Desecaci\u00f3n por Aire Forzado a 300\u00baC\"}]},{\"@type\":\"WebSite\",\"@id\":\"https:\/\/www.labopolis.com\/#website\",\"url\":\"https:\/\/www.labopolis.com\/\",\"name\":\"Labopolis\",\"description\":\"\",\"potentialAction\":[{\"@type\":\"SearchAction\",\"target\":{\"@type\":\"EntryPoint\",\"urlTemplate\":\"https:\/\/www.labopolis.com\/?s={search_term_string}\"},\"query-input\":{\"@type\":\"PropertyValueSpecification\",\"valueRequired\":true,\"valueName\":\"search_term_string\"}}],\"inLanguage\":\"de\"}]}<\/script>\n<!-- \/ Yoast SEO plugin. -->","yoast_head_json":{"title":"Estufas Desecaci\u00f3n por Aire Forzado a 300\u00baC - Labopolis","description":"Estufas de desecaci\u00f3n por aire forzado con y sin controlador de velocidad del ventilador, para trabajar en temperaturas de hasta 300\u00baC","robots":{"index":"index","follow":"follow","max-snippet":"max-snippet:-1","max-image-preview":"max-image-preview:large","max-video-preview":"max-video-preview:-1"},"canonical":"https:\/\/www.labopolis.com\/de\/produkt\/estufas-desecacion-por-aire-forzado-a-300oc\/","og_locale":"de_DE","og_type":"article","og_title":"Estufas Desecaci\u00f3n por Aire Forzado a 300\u00baC - Labopolis","og_description":"Estufas de desecaci\u00f3n por aire forzado con y sin controlador de velocidad del ventilador, para trabajar en temperaturas de hasta 300\u00baC","og_url":"https:\/\/www.labopolis.com\/de\/produkt\/estufas-desecacion-por-aire-forzado-a-300oc\/","og_site_name":"Labopolis","article_publisher":"https:\/\/www.facebook.com\/profile.php?id=100063251679439","article_modified_time":"2025-01-27T12:01:19+00:00","og_image":[{"width":224,"height":238,"url":"https:\/\/www.labopolis.com\/wp-content\/uploads\/2023\/07\/20-300LSN11.jpg","type":"image\/jpeg"}],"twitter_card":"summary_large_image","twitter_site":"@Labopolis","twitter_misc":{"Gesch\u00e4tzte Lesezeit":"1\u00a0Minute"},"schema":{"@context":"https:\/\/schema.org","@graph":[{"@type":"WebPage","@id":"https:\/\/www.labopolis.com\/producto\/estufas-desecacion-por-aire-forzado-a-300oc\/","url":"https:\/\/www.labopolis.com\/producto\/estufas-desecacion-por-aire-forzado-a-300oc\/","name":"Estufas Desecaci\u00f3n por Aire Forzado a 300\u00baC - Labopolis","isPartOf":{"@id":"https:\/\/www.labopolis.com\/#website"},"primaryImageOfPage":{"@id":"https:\/\/www.labopolis.com\/producto\/estufas-desecacion-por-aire-forzado-a-300oc\/#primaryimage"},"image":{"@id":"https:\/\/www.labopolis.com\/producto\/estufas-desecacion-por-aire-forzado-a-300oc\/#primaryimage"},"thumbnailUrl":"https:\/\/www.labopolis.com\/wp-content\/uploads\/2023\/07\/20-300LSN11.jpg","datePublished":"2023-07-10T11:33:39+00:00","dateModified":"2025-01-27T12:01:19+00:00","description":"Estufas de desecaci\u00f3n por aire forzado con y sin controlador de velocidad del ventilador, para trabajar en temperaturas de hasta 300\u00baC","breadcrumb":{"@id":"https:\/\/www.labopolis.com\/producto\/estufas-desecacion-por-aire-forzado-a-300oc\/#breadcrumb"},"inLanguage":"de","potentialAction":[{"@type":"ReadAction","target":["https:\/\/www.labopolis.com\/producto\/estufas-desecacion-por-aire-forzado-a-300oc\/"]}]},{"@type":"ImageObject","inLanguage":"de","@id":"https:\/\/www.labopolis.com\/producto\/estufas-desecacion-por-aire-forzado-a-300oc\/#primaryimage","url":"https:\/\/www.labopolis.com\/wp-content\/uploads\/2023\/07\/20-300LSN11.jpg","contentUrl":"https:\/\/www.labopolis.com\/wp-content\/uploads\/2023\/07\/20-300LSN11.jpg","width":224,"height":238,"caption":"Producto"},{"@type":"BreadcrumbList","@id":"https:\/\/www.labopolis.com\/producto\/estufas-desecacion-por-aire-forzado-a-300oc\/#breadcrumb","itemListElement":[{"@type":"ListItem","position":1,"name":"Portada","item":"https:\/\/www.labopolis.com\/"},{"@type":"ListItem","position":2,"name":"Productos","item":"https:\/\/www.labopolis.com\/shop\/"},{"@type":"ListItem","position":3,"name":"Estufas Desecaci\u00f3n por Aire Forzado a 300\u00baC"}]},{"@type":"WebSite","@id":"https:\/\/www.labopolis.com\/#website","url":"https:\/\/www.labopolis.com\/","name":"Labopolis","description":"","potentialAction":[{"@type":"SearchAction","target":{"@type":"EntryPoint","urlTemplate":"https:\/\/www.labopolis.com\/?s={search_term_string}"},"query-input":{"@type":"PropertyValueSpecification","valueRequired":true,"valueName":"search_term_string"}}],"inLanguage":"de"}]}},"_links":{"self":[{"href":"https:\/\/www.labopolis.com\/de\/wp-json\/wp\/v2\/product\/1382","targetHints":{"allow":["GET"]}}],"collection":[{"href":"https:\/\/www.labopolis.com\/de\/wp-json\/wp\/v2\/product"}],"about":[{"href":"https:\/\/www.labopolis.com\/de\/wp-json\/wp\/v2\/types\/product"}],"replies":[{"embeddable":true,"href":"https:\/\/www.labopolis.com\/de\/wp-json\/wp\/v2\/comments?post=1382"}],"wp:featuredmedia":[{"embeddable":true,"href":"https:\/\/www.labopolis.com\/de\/wp-json\/wp\/v2\/media\/1401"}],"wp:attachment":[{"href":"https:\/\/www.labopolis.com\/de\/wp-json\/wp\/v2\/media?parent=1382"}],"wp:term":[{"taxonomy":"product_brand","embeddable":true,"href":"https:\/\/www.labopolis.com\/de\/wp-json\/wp\/v2\/product_brand?post=1382"},{"taxonomy":"product_cat","embeddable":true,"href":"https:\/\/www.labopolis.com\/de\/wp-json\/wp\/v2\/product_cat?post=1382"},{"taxonomy":"product_tag","embeddable":true,"href":"https:\/\/www.labopolis.com\/de\/wp-json\/wp\/v2\/product_tag?post=1382"}],"curies":[{"name":"wp","href":"https:\/\/api.w.org\/{rel}","templated":true}]}}