{"id":1347,"date":"2023-07-10T11:33:30","date_gmt":"2023-07-10T11:33:30","guid":{"rendered":"https:\/\/www.labopolis.com\/?post_type=product&#038;p=1347"},"modified":"2025-01-27T12:17:44","modified_gmt":"2025-01-27T12:17:44","slug":"hornos-electricos-alta-temperatura-con-camara-de-fibra","status":"publish","type":"product","link":"https:\/\/www.labopolis.com\/de\/produkt\/hornos-electricos-alta-temperatura-con-camara-de-fibra\/","title":{"rendered":"Hochtemperatur-Elektro\u00f6fen mit Faserkammer"},"content":{"rendered":"<p>Hochtemperaturofen mit Faserkammer. Modelle mit Temperaturen von 1100\u00baC, 1200\u00baC und 1300\u00baC. Seitliche T\u00fcr\u00f6ffnung.<br \/>\nGrundausstattung<br \/>\n- Einteilige Kammer aus isolierenden Fasern<br \/>\n- Mikroprozessor-Temperaturregler OMRON E5CC<br \/>\n- Heizelemente in der Faser der Kammer (f\u00fcr Modelle bis zu 1100\u00b0C)<br \/>\n- Keramische Platten<br \/>\n- Hochwertiges, umweltfreundliches W\u00e4rmed\u00e4mmmaterial<br \/>\n- Geringer Stromverbrauch<br \/>\n- Schnelle Aufw\u00e4rmphase<br \/>\n- Hoher Grad an Pr\u00e4zision<br \/>\n- Au\u00dfen pulverbeschichtet (RAL 7035)<\/p>\n<p>Die Modelle sind standardm\u00e4\u00dfig mit einem nicht programmierbaren Temperaturregler OMROM E5CC mit 1 Programm und 2 Stufen ausgestattet, k\u00f6nnen aber optional mit programmierbaren Temperaturreglern wie dem OMROM E5CC-T mit 8 Programmen und 32 Stufen bestellt werden. Diese Modelle k\u00f6nnen mit weiteren Optionen wie Summer, PC-Anschluss, \u00dcbertemperaturschutz, Zeitschaltuhr usw. ausgestattet werden.<\/p>","protected":false},"excerpt":{"rendered":"<p>Hochtemperatur-Elektro\u00f6fen mit Faserkammer<\/p>\n<p><strong><em><a class=\"ficha-tecnica-es\" href=\"https:\/\/www.labopolis.com\/wp-content\/uploads\/2015\/03\/Hornos_fibra_Alta_Temperatura.pdf\" target=\"_blank\" rel=\"noopener noreferrer\"><i class=\"fas fa-file-alt\"><\/i>\u00a0Technisches Datenblatt \u00d6fen mit Hochtemperatur-Faserkammer<\/a><br \/>\n<a class=\"ficha-tecnica-en\" href=\"https:\/\/www.labopolis.com\/wp-content\/uploads\/2024\/10\/Hornos_fibra_Alta_Temperatura_EN.pdf\" target=\"_blank\" rel=\"noopener\"><i class=\"fas fa-file-alt\"><\/i> Technisches Datenblatt Hochtemperatur-Muffel\u00f6fen<\/a><\/em><\/strong><\/p>","protected":false},"featured_media":1369,"comment_status":"open","ping_status":"closed","template":"","meta":[],"product_brand":[],"product_cat":[30,23],"product_tag":[],"class_list":{"0":"post-1347","1":"product","2":"type-product","3":"status-publish","4":"has-post-thumbnail","6":"product_cat-hornos","7":"product_cat-laboratorio","9":"first","10":"instock","11":"taxable","12":"shipping-taxable","13":"purchasable","14":"product-type-variable"},"yoast_head":"<!-- This site is optimized with the Yoast SEO plugin v27.2 - https:\/\/yoast.com\/product\/yoast-seo-wordpress\/ -->\n<title>Hornos el\u00e9ctricos Alta Temperatura con c\u00e1mara de fibra - Labopolis<\/title>\n<meta name=\"description\" content=\"Hornos el\u00e9ctricos Alta Temperatura con c\u00e1mara de fibra  \u00a0Ficha T\u00e9cnica Hornos con c\u00e1mara de fibra Alta Temperatura  Technical Datasheet High Temperature Muffle furnaces\" \/>\n<meta name=\"robots\" content=\"index, follow, max-snippet:-1, max-image-preview:large, max-video-preview:-1\" \/>\n<link rel=\"canonical\" href=\"https:\/\/www.labopolis.com\/de\/produkt\/hornos-electricos-alta-temperatura-con-camara-de-fibra\/\" \/>\n<meta property=\"og:locale\" content=\"de_DE\" \/>\n<meta property=\"og:type\" content=\"article\" \/>\n<meta property=\"og:title\" content=\"Hornos el\u00e9ctricos Alta Temperatura con c\u00e1mara de fibra - Labopolis\" \/>\n<meta property=\"og:description\" content=\"Hornos el\u00e9ctricos Alta Temperatura con c\u00e1mara de fibra  \u00a0Ficha T\u00e9cnica Hornos con c\u00e1mara de fibra Alta Temperatura  Technical Datasheet High Temperature Muffle furnaces\" \/>\n<meta property=\"og:url\" content=\"https:\/\/www.labopolis.com\/de\/produkt\/hornos-electricos-alta-temperatura-con-camara-de-fibra\/\" \/>\n<meta property=\"og:site_name\" content=\"Labopolis\" \/>\n<meta property=\"article:publisher\" content=\"https:\/\/www.facebook.com\/profile.php?id=100063251679439\" \/>\n<meta property=\"article:modified_time\" content=\"2025-01-27T12:17:44+00:00\" \/>\n<meta property=\"og:image\" content=\"https:\/\/www.labopolis.com\/wp-content\/uploads\/2023\/07\/80-1100LSF01FIB.jpg\" \/>\n\t<meta property=\"og:image:width\" content=\"391\" \/>\n\t<meta property=\"og:image:height\" content=\"387\" \/>\n\t<meta property=\"og:image:type\" content=\"image\/jpeg\" \/>\n<meta name=\"twitter:card\" content=\"summary_large_image\" \/>\n<meta name=\"twitter:site\" content=\"@Labopolis\" \/>\n<meta name=\"twitter:label1\" content=\"Gesch\u00e4tzte Lesezeit\" \/>\n\t<meta name=\"twitter:data1\" content=\"1\u00a0Minute\" \/>\n<script type=\"application\/ld+json\" class=\"yoast-schema-graph\">{\"@context\":\"https:\/\/schema.org\",\"@graph\":[{\"@type\":\"WebPage\",\"@id\":\"https:\/\/www.labopolis.com\/producto\/hornos-electricos-alta-temperatura-con-camara-de-fibra\/\",\"url\":\"https:\/\/www.labopolis.com\/producto\/hornos-electricos-alta-temperatura-con-camara-de-fibra\/\",\"name\":\"Hornos el\u00e9ctricos Alta Temperatura con c\u00e1mara de fibra - Labopolis\",\"isPartOf\":{\"@id\":\"https:\/\/www.labopolis.com\/#website\"},\"primaryImageOfPage\":{\"@id\":\"https:\/\/www.labopolis.com\/producto\/hornos-electricos-alta-temperatura-con-camara-de-fibra\/#primaryimage\"},\"image\":{\"@id\":\"https:\/\/www.labopolis.com\/producto\/hornos-electricos-alta-temperatura-con-camara-de-fibra\/#primaryimage\"},\"thumbnailUrl\":\"https:\/\/www.labopolis.com\/wp-content\/uploads\/2023\/07\/80-1100LSF01FIB.jpg\",\"datePublished\":\"2023-07-10T11:33:30+00:00\",\"dateModified\":\"2025-01-27T12:17:44+00:00\",\"description\":\"Hornos el\u00e9ctricos Alta Temperatura con c\u00e1mara de fibra \u00a0Ficha T\u00e9cnica Hornos con c\u00e1mara de fibra Alta Temperatura Technical Datasheet High Temperature Muffle furnaces\",\"breadcrumb\":{\"@id\":\"https:\/\/www.labopolis.com\/producto\/hornos-electricos-alta-temperatura-con-camara-de-fibra\/#breadcrumb\"},\"inLanguage\":\"de\",\"potentialAction\":[{\"@type\":\"ReadAction\",\"target\":[\"https:\/\/www.labopolis.com\/producto\/hornos-electricos-alta-temperatura-con-camara-de-fibra\/\"]}]},{\"@type\":\"ImageObject\",\"inLanguage\":\"de\",\"@id\":\"https:\/\/www.labopolis.com\/producto\/hornos-electricos-alta-temperatura-con-camara-de-fibra\/#primaryimage\",\"url\":\"https:\/\/www.labopolis.com\/wp-content\/uploads\/2023\/07\/80-1100LSF01FIB.jpg\",\"contentUrl\":\"https:\/\/www.labopolis.com\/wp-content\/uploads\/2023\/07\/80-1100LSF01FIB.jpg\",\"width\":391,\"height\":387,\"caption\":\"Producto\"},{\"@type\":\"BreadcrumbList\",\"@id\":\"https:\/\/www.labopolis.com\/producto\/hornos-electricos-alta-temperatura-con-camara-de-fibra\/#breadcrumb\",\"itemListElement\":[{\"@type\":\"ListItem\",\"position\":1,\"name\":\"Portada\",\"item\":\"https:\/\/www.labopolis.com\/\"},{\"@type\":\"ListItem\",\"position\":2,\"name\":\"Productos\",\"item\":\"https:\/\/www.labopolis.com\/shop\/\"},{\"@type\":\"ListItem\",\"position\":3,\"name\":\"Hornos el\u00e9ctricos Alta Temperatura con c\u00e1mara de fibra\"}]},{\"@type\":\"WebSite\",\"@id\":\"https:\/\/www.labopolis.com\/#website\",\"url\":\"https:\/\/www.labopolis.com\/\",\"name\":\"Labopolis\",\"description\":\"\",\"potentialAction\":[{\"@type\":\"SearchAction\",\"target\":{\"@type\":\"EntryPoint\",\"urlTemplate\":\"https:\/\/www.labopolis.com\/?s={search_term_string}\"},\"query-input\":{\"@type\":\"PropertyValueSpecification\",\"valueRequired\":true,\"valueName\":\"search_term_string\"}}],\"inLanguage\":\"de\"}]}<\/script>\n<!-- \/ Yoast SEO plugin. -->","yoast_head_json":{"title":"Hornos el\u00e9ctricos Alta Temperatura con c\u00e1mara de fibra - Labopolis","description":"Hornos el\u00e9ctricos Alta Temperatura con c\u00e1mara de fibra  \u00a0Ficha T\u00e9cnica Hornos con c\u00e1mara de fibra Alta Temperatura  Technical Datasheet High Temperature Muffle furnaces","robots":{"index":"index","follow":"follow","max-snippet":"max-snippet:-1","max-image-preview":"max-image-preview:large","max-video-preview":"max-video-preview:-1"},"canonical":"https:\/\/www.labopolis.com\/de\/produkt\/hornos-electricos-alta-temperatura-con-camara-de-fibra\/","og_locale":"de_DE","og_type":"article","og_title":"Hornos el\u00e9ctricos Alta Temperatura con c\u00e1mara de fibra - Labopolis","og_description":"Hornos el\u00e9ctricos Alta Temperatura con c\u00e1mara de fibra  \u00a0Ficha T\u00e9cnica Hornos con c\u00e1mara de fibra Alta Temperatura  Technical Datasheet High Temperature Muffle furnaces","og_url":"https:\/\/www.labopolis.com\/de\/produkt\/hornos-electricos-alta-temperatura-con-camara-de-fibra\/","og_site_name":"Labopolis","article_publisher":"https:\/\/www.facebook.com\/profile.php?id=100063251679439","article_modified_time":"2025-01-27T12:17:44+00:00","og_image":[{"width":391,"height":387,"url":"https:\/\/www.labopolis.com\/wp-content\/uploads\/2023\/07\/80-1100LSF01FIB.jpg","type":"image\/jpeg"}],"twitter_card":"summary_large_image","twitter_site":"@Labopolis","twitter_misc":{"Gesch\u00e4tzte Lesezeit":"1\u00a0Minute"},"schema":{"@context":"https:\/\/schema.org","@graph":[{"@type":"WebPage","@id":"https:\/\/www.labopolis.com\/producto\/hornos-electricos-alta-temperatura-con-camara-de-fibra\/","url":"https:\/\/www.labopolis.com\/producto\/hornos-electricos-alta-temperatura-con-camara-de-fibra\/","name":"Hornos el\u00e9ctricos Alta Temperatura con c\u00e1mara de fibra - Labopolis","isPartOf":{"@id":"https:\/\/www.labopolis.com\/#website"},"primaryImageOfPage":{"@id":"https:\/\/www.labopolis.com\/producto\/hornos-electricos-alta-temperatura-con-camara-de-fibra\/#primaryimage"},"image":{"@id":"https:\/\/www.labopolis.com\/producto\/hornos-electricos-alta-temperatura-con-camara-de-fibra\/#primaryimage"},"thumbnailUrl":"https:\/\/www.labopolis.com\/wp-content\/uploads\/2023\/07\/80-1100LSF01FIB.jpg","datePublished":"2023-07-10T11:33:30+00:00","dateModified":"2025-01-27T12:17:44+00:00","description":"Hornos el\u00e9ctricos Alta Temperatura con c\u00e1mara de fibra \u00a0Ficha T\u00e9cnica Hornos con c\u00e1mara de fibra Alta Temperatura Technical Datasheet High Temperature Muffle furnaces","breadcrumb":{"@id":"https:\/\/www.labopolis.com\/producto\/hornos-electricos-alta-temperatura-con-camara-de-fibra\/#breadcrumb"},"inLanguage":"de","potentialAction":[{"@type":"ReadAction","target":["https:\/\/www.labopolis.com\/producto\/hornos-electricos-alta-temperatura-con-camara-de-fibra\/"]}]},{"@type":"ImageObject","inLanguage":"de","@id":"https:\/\/www.labopolis.com\/producto\/hornos-electricos-alta-temperatura-con-camara-de-fibra\/#primaryimage","url":"https:\/\/www.labopolis.com\/wp-content\/uploads\/2023\/07\/80-1100LSF01FIB.jpg","contentUrl":"https:\/\/www.labopolis.com\/wp-content\/uploads\/2023\/07\/80-1100LSF01FIB.jpg","width":391,"height":387,"caption":"Producto"},{"@type":"BreadcrumbList","@id":"https:\/\/www.labopolis.com\/producto\/hornos-electricos-alta-temperatura-con-camara-de-fibra\/#breadcrumb","itemListElement":[{"@type":"ListItem","position":1,"name":"Portada","item":"https:\/\/www.labopolis.com\/"},{"@type":"ListItem","position":2,"name":"Productos","item":"https:\/\/www.labopolis.com\/shop\/"},{"@type":"ListItem","position":3,"name":"Hornos el\u00e9ctricos Alta Temperatura con c\u00e1mara de fibra"}]},{"@type":"WebSite","@id":"https:\/\/www.labopolis.com\/#website","url":"https:\/\/www.labopolis.com\/","name":"Labopolis","description":"","potentialAction":[{"@type":"SearchAction","target":{"@type":"EntryPoint","urlTemplate":"https:\/\/www.labopolis.com\/?s={search_term_string}"},"query-input":{"@type":"PropertyValueSpecification","valueRequired":true,"valueName":"search_term_string"}}],"inLanguage":"de"}]}},"_links":{"self":[{"href":"https:\/\/www.labopolis.com\/de\/wp-json\/wp\/v2\/product\/1347","targetHints":{"allow":["GET"]}}],"collection":[{"href":"https:\/\/www.labopolis.com\/de\/wp-json\/wp\/v2\/product"}],"about":[{"href":"https:\/\/www.labopolis.com\/de\/wp-json\/wp\/v2\/types\/product"}],"replies":[{"embeddable":true,"href":"https:\/\/www.labopolis.com\/de\/wp-json\/wp\/v2\/comments?post=1347"}],"wp:featuredmedia":[{"embeddable":true,"href":"https:\/\/www.labopolis.com\/de\/wp-json\/wp\/v2\/media\/1369"}],"wp:attachment":[{"href":"https:\/\/www.labopolis.com\/de\/wp-json\/wp\/v2\/media?parent=1347"}],"wp:term":[{"taxonomy":"product_brand","embeddable":true,"href":"https:\/\/www.labopolis.com\/de\/wp-json\/wp\/v2\/product_brand?post=1347"},{"taxonomy":"product_cat","embeddable":true,"href":"https:\/\/www.labopolis.com\/de\/wp-json\/wp\/v2\/product_cat?post=1347"},{"taxonomy":"product_tag","embeddable":true,"href":"https:\/\/www.labopolis.com\/de\/wp-json\/wp\/v2\/product_tag?post=1347"}],"curies":[{"name":"wp","href":"https:\/\/api.w.org\/{rel}","templated":true}]}}