{"id":1339,"date":"2023-07-10T11:33:29","date_gmt":"2023-07-10T11:33:29","guid":{"rendered":"https:\/\/www.labopolis.com\/?post_type=product&#038;p=1339"},"modified":"2025-12-22T12:15:33","modified_gmt":"2025-12-22T12:15:33","slug":"centrifugas-biocen-22-biocen-22r","status":"publish","type":"product","link":"https:\/\/www.labopolis.com\/de\/produkt\/centrifugas-biocen-22-biocen-22r\/","title":{"rendered":"Zentrifugen BIOCEN 22 - BIOCEN 22R"},"content":{"rendered":"<p>Die Mikrozentrifuge Biocen 22 und Biocen 22R ist das perfekte Ger\u00e4t f\u00fcr das moderne Labor. Sie wurde f\u00fcr die optimale Handhabung von Mikror\u00f6hrchen entwickelt und kann bis zu 24 x 2,2 ml R\u00f6hrchen, 32 x 0,2 ml R\u00f6hrchen, Mini-Preps und sogar Spin-S\u00e4ulen zentrifugieren.<br \/>\nEs zeichnet sich durch seine geringe Gr\u00f6\u00dfe, hohe Geschwindigkeit und hohe Kapazit\u00e4t aus.<br \/>\nAusgestattet mit einem wartungsfreien Motor, der es erm\u00f6glicht, eine Drehzahl von bis zu 14.000 U\/min mit einer relativen Geschwindigkeit von 19.174 x g zu erreichen, und der den Zentrifugationsprozess durch die Optimierung der verschiedenen Phasen, die sanfte und kurze Beschleunigung, die auf den eingegebenen Parametern basierende Zentrifugation und die schnelle Abbremsung erleichtert.<br \/>\nTastatur mit digitalen Anzeigen von Zeit und Geschwindigkeit einstellbar von:<br \/>\nZeit von 1 bis 99 Minuten und unbestimmte Zeit, in Schritten von 1 Minute. Geschwindigkeit: in Bruchteilen von 100 U\/min und F.C.R. von 100 x g.<br \/>\nTaste f\u00fcr schnelles Drehen, die es erm\u00f6glicht, die maximale Geschwindigkeit (oder die gew\u00e4hlte) zu erreichen, solange sie gedr\u00fcckt gehalten wird, f\u00fcr Kl\u00e4rungsprozesse.<br \/>\nWiederholung der zuletzt eingegebenen Werte.<br \/>\nStart des Countdowns bei Erreichen von R.P.M. oder ab Zeit 0.<br \/>\nAnzeige der aktuellen Parameter.<br \/>\nKontrollleuchten f\u00fcr Kurzzeit, Deckel offen, Start\/Stop, RCF\/RPM.<br \/>\nW\u00e4hlbares Radio.<br \/>\nProgrammierbare \u00d6ffnung: automatisch am Ende des Zyklus oder manuell durch Dr\u00fccken der Taste auf dem Bedienfeld.<\/p>\n<p>Spannung: 220-240 V 50-60 Hz*.<br \/>\nZubeh\u00f6r nicht enthalten**<\/p>\n<p>*Andere Spannungen auf Anfrage<br \/>\n**Para los accesorios y rotores de estos modelos pedir oferta<\/p>\n<p>Maximales Fassungsverm\u00f6gen: 24 x 2 ml \/ 12 x 5 ml.<br \/>\nMax. Geschwindigkeit: 21.885 xg \/ 15.000 RPM<\/p>","protected":false},"excerpt":{"rendered":"<p>Mikrozentrifuge Biocen 22 und Biocen 22 R (gek\u00fchlt)<\/p>\n<p><strong><em><a class=\"ficha-tecnica-es\" href=\"https:\/\/www.labopolis.com\/wp-content\/uploads\/2023\/07\/Catalogo_Biocen_22_ESP.pdf\" target=\"_blank\" rel=\"noopener\"><i class=\"fas fa-file-alt\"><\/i>\u00a0Biocen 22 Technisches Datenblatt<\/a><\/em><\/strong><\/p>\n<p><strong><em><a class=\"ficha-tecnica-es\" href=\"https:\/\/www.labopolis.com\/wp-content\/uploads\/2023\/07\/Catalogo_Biocen_22_R_ESP.pdf\" target=\"_blank\" rel=\"noopener\"><i class=\"fas fa-file-alt\"><\/i>\u00a0Biocen 22 R Technisches Datenblatt<\/a><\/em><\/strong><\/p>\n<p><strong><em><a class=\"ficha-tecnica-en\" href=\"https:\/\/www.labopolis.com\/wp-content\/uploads\/2023\/07\/Catalogue_Biocen_22_ENG.pdf\" target=\"_blank\" rel=\"noopener\"><i class=\"fas fa-file-alt\"><\/i> Technisches Datenblatt Biocen 22<\/a><\/em><\/strong><\/p>\n<p><strong><em><a class=\"ficha-tecnica-en\" href=\"https:\/\/www.labopolis.com\/wp-content\/uploads\/2023\/07\/Catalogue_Biocen_22_R_ENG.pdf\" target=\"_blank\" rel=\"noopener\"><i class=\"fas fa-file-alt\"><\/i> Technisches Datenblatt Biocen 22 R<\/a><\/em><\/strong><\/p>","protected":false},"featured_media":14783,"comment_status":"open","ping_status":"closed","template":"","meta":[],"product_brand":[],"product_cat":[121,23],"product_tag":[],"class_list":{"0":"post-1339","1":"product","2":"type-product","3":"status-publish","4":"has-post-thumbnail","6":"product_cat-centrifugas","7":"product_cat-laboratorio","9":"first","10":"instock","11":"taxable","12":"shipping-taxable","13":"product-type-simple"},"yoast_head":"<!-- This site is optimized with the Yoast SEO plugin v27.2 - https:\/\/yoast.com\/product\/yoast-seo-wordpress\/ -->\n<title>Centrifugas BIOCEN 22 - BIOCEN 22R - Labopolis<\/title>\n<meta name=\"description\" content=\"Microcentr\u00edfuga Biocen 22 y \u00a0Biocen 22 R (Refrigerada)  \u00a0Ficha T\u00e9cnica Biocen 22  \u00a0Ficha T\u00e9cnica Biocen 22 R   Technical Datasheet Biocen 22   Technical Datasheet Biocen 22 R\" \/>\n<meta name=\"robots\" content=\"index, follow, max-snippet:-1, max-image-preview:large, max-video-preview:-1\" \/>\n<link rel=\"canonical\" href=\"https:\/\/www.labopolis.com\/de\/produkt\/centrifugas-biocen-22-biocen-22r\/\" \/>\n<meta property=\"og:locale\" content=\"de_DE\" \/>\n<meta property=\"og:type\" content=\"article\" \/>\n<meta property=\"og:title\" content=\"Centrifugas BIOCEN 22 - BIOCEN 22R - Labopolis\" \/>\n<meta property=\"og:description\" content=\"Microcentr\u00edfuga Biocen 22 y \u00a0Biocen 22 R (Refrigerada)  \u00a0Ficha T\u00e9cnica Biocen 22  \u00a0Ficha T\u00e9cnica Biocen 22 R   Technical Datasheet Biocen 22   Technical Datasheet Biocen 22 R\" \/>\n<meta property=\"og:url\" content=\"https:\/\/www.labopolis.com\/de\/produkt\/centrifugas-biocen-22-biocen-22r\/\" \/>\n<meta property=\"og:site_name\" content=\"Labopolis\" \/>\n<meta property=\"article:publisher\" content=\"https:\/\/www.facebook.com\/profile.php?id=100063251679439\" \/>\n<meta property=\"article:modified_time\" content=\"2025-12-22T12:15:33+00:00\" \/>\n<meta name=\"twitter:card\" content=\"summary_large_image\" \/>\n<meta name=\"twitter:site\" content=\"@Labopolis\" \/>\n<meta name=\"twitter:label1\" content=\"Gesch\u00e4tzte Lesezeit\" \/>\n\t<meta name=\"twitter:data1\" content=\"2\u00a0Minuten\" \/>\n<script type=\"application\/ld+json\" class=\"yoast-schema-graph\">{\"@context\":\"https:\/\/schema.org\",\"@graph\":[{\"@type\":\"WebPage\",\"@id\":\"https:\/\/www.labopolis.com\/producto\/centrifugas-biocen-22-biocen-22r\/\",\"url\":\"https:\/\/www.labopolis.com\/producto\/centrifugas-biocen-22-biocen-22r\/\",\"name\":\"Centrifugas BIOCEN 22 - BIOCEN 22R - Labopolis\",\"isPartOf\":{\"@id\":\"https:\/\/www.labopolis.com\/#website\"},\"primaryImageOfPage\":{\"@id\":\"https:\/\/www.labopolis.com\/producto\/centrifugas-biocen-22-biocen-22r\/#primaryimage\"},\"image\":{\"@id\":\"https:\/\/www.labopolis.com\/producto\/centrifugas-biocen-22-biocen-22r\/#primaryimage\"},\"thumbnailUrl\":\"https:\/\/www.labopolis.com\/wp-content\/uploads\/2023\/07\/Biocen_22.avif\",\"datePublished\":\"2023-07-10T11:33:29+00:00\",\"dateModified\":\"2025-12-22T12:15:33+00:00\",\"description\":\"Microcentr\u00edfuga Biocen 22 y \u00a0Biocen 22 R (Refrigerada) \u00a0Ficha T\u00e9cnica Biocen 22 \u00a0Ficha T\u00e9cnica Biocen 22 R Technical Datasheet Biocen 22 Technical Datasheet Biocen 22 R\",\"breadcrumb\":{\"@id\":\"https:\/\/www.labopolis.com\/producto\/centrifugas-biocen-22-biocen-22r\/#breadcrumb\"},\"inLanguage\":\"de\",\"potentialAction\":[{\"@type\":\"ReadAction\",\"target\":[\"https:\/\/www.labopolis.com\/producto\/centrifugas-biocen-22-biocen-22r\/\"]}]},{\"@type\":\"ImageObject\",\"inLanguage\":\"de\",\"@id\":\"https:\/\/www.labopolis.com\/producto\/centrifugas-biocen-22-biocen-22r\/#primaryimage\",\"url\":\"https:\/\/www.labopolis.com\/wp-content\/uploads\/2023\/07\/Biocen_22.avif\",\"contentUrl\":\"https:\/\/www.labopolis.com\/wp-content\/uploads\/2023\/07\/Biocen_22.avif\",\"width\":878,\"height\":1024,\"caption\":\"Centrifuga Biocen 22\"},{\"@type\":\"BreadcrumbList\",\"@id\":\"https:\/\/www.labopolis.com\/producto\/centrifugas-biocen-22-biocen-22r\/#breadcrumb\",\"itemListElement\":[{\"@type\":\"ListItem\",\"position\":1,\"name\":\"Portada\",\"item\":\"https:\/\/www.labopolis.com\/\"},{\"@type\":\"ListItem\",\"position\":2,\"name\":\"Productos\",\"item\":\"https:\/\/www.labopolis.com\/shop\/\"},{\"@type\":\"ListItem\",\"position\":3,\"name\":\"Centrifugas BIOCEN 22 &#8211; BIOCEN 22R\"}]},{\"@type\":\"WebSite\",\"@id\":\"https:\/\/www.labopolis.com\/#website\",\"url\":\"https:\/\/www.labopolis.com\/\",\"name\":\"Labopolis\",\"description\":\"\",\"potentialAction\":[{\"@type\":\"SearchAction\",\"target\":{\"@type\":\"EntryPoint\",\"urlTemplate\":\"https:\/\/www.labopolis.com\/?s={search_term_string}\"},\"query-input\":{\"@type\":\"PropertyValueSpecification\",\"valueRequired\":true,\"valueName\":\"search_term_string\"}}],\"inLanguage\":\"de\"}]}<\/script>\n<!-- \/ Yoast SEO plugin. -->","yoast_head_json":{"title":"Centrifugas BIOCEN 22 - BIOCEN 22R - Labopolis","description":"Microcentr\u00edfuga Biocen 22 y \u00a0Biocen 22 R (Refrigerada)  \u00a0Ficha T\u00e9cnica Biocen 22  \u00a0Ficha T\u00e9cnica Biocen 22 R   Technical Datasheet Biocen 22   Technical Datasheet Biocen 22 R","robots":{"index":"index","follow":"follow","max-snippet":"max-snippet:-1","max-image-preview":"max-image-preview:large","max-video-preview":"max-video-preview:-1"},"canonical":"https:\/\/www.labopolis.com\/de\/produkt\/centrifugas-biocen-22-biocen-22r\/","og_locale":"de_DE","og_type":"article","og_title":"Centrifugas BIOCEN 22 - BIOCEN 22R - Labopolis","og_description":"Microcentr\u00edfuga Biocen 22 y \u00a0Biocen 22 R (Refrigerada)  \u00a0Ficha T\u00e9cnica Biocen 22  \u00a0Ficha T\u00e9cnica Biocen 22 R   Technical Datasheet Biocen 22   Technical Datasheet Biocen 22 R","og_url":"https:\/\/www.labopolis.com\/de\/produkt\/centrifugas-biocen-22-biocen-22r\/","og_site_name":"Labopolis","article_publisher":"https:\/\/www.facebook.com\/profile.php?id=100063251679439","article_modified_time":"2025-12-22T12:15:33+00:00","twitter_card":"summary_large_image","twitter_site":"@Labopolis","twitter_misc":{"Gesch\u00e4tzte Lesezeit":"2\u00a0Minuten"},"schema":{"@context":"https:\/\/schema.org","@graph":[{"@type":"WebPage","@id":"https:\/\/www.labopolis.com\/producto\/centrifugas-biocen-22-biocen-22r\/","url":"https:\/\/www.labopolis.com\/producto\/centrifugas-biocen-22-biocen-22r\/","name":"Centrifugas BIOCEN 22 - BIOCEN 22R - Labopolis","isPartOf":{"@id":"https:\/\/www.labopolis.com\/#website"},"primaryImageOfPage":{"@id":"https:\/\/www.labopolis.com\/producto\/centrifugas-biocen-22-biocen-22r\/#primaryimage"},"image":{"@id":"https:\/\/www.labopolis.com\/producto\/centrifugas-biocen-22-biocen-22r\/#primaryimage"},"thumbnailUrl":"https:\/\/www.labopolis.com\/wp-content\/uploads\/2023\/07\/Biocen_22.avif","datePublished":"2023-07-10T11:33:29+00:00","dateModified":"2025-12-22T12:15:33+00:00","description":"Microcentr\u00edfuga Biocen 22 y \u00a0Biocen 22 R (Refrigerada) \u00a0Ficha T\u00e9cnica Biocen 22 \u00a0Ficha T\u00e9cnica Biocen 22 R Technical Datasheet Biocen 22 Technical Datasheet Biocen 22 R","breadcrumb":{"@id":"https:\/\/www.labopolis.com\/producto\/centrifugas-biocen-22-biocen-22r\/#breadcrumb"},"inLanguage":"de","potentialAction":[{"@type":"ReadAction","target":["https:\/\/www.labopolis.com\/producto\/centrifugas-biocen-22-biocen-22r\/"]}]},{"@type":"ImageObject","inLanguage":"de","@id":"https:\/\/www.labopolis.com\/producto\/centrifugas-biocen-22-biocen-22r\/#primaryimage","url":"https:\/\/www.labopolis.com\/wp-content\/uploads\/2023\/07\/Biocen_22.avif","contentUrl":"https:\/\/www.labopolis.com\/wp-content\/uploads\/2023\/07\/Biocen_22.avif","width":878,"height":1024,"caption":"Centrifuga Biocen 22"},{"@type":"BreadcrumbList","@id":"https:\/\/www.labopolis.com\/producto\/centrifugas-biocen-22-biocen-22r\/#breadcrumb","itemListElement":[{"@type":"ListItem","position":1,"name":"Portada","item":"https:\/\/www.labopolis.com\/"},{"@type":"ListItem","position":2,"name":"Productos","item":"https:\/\/www.labopolis.com\/shop\/"},{"@type":"ListItem","position":3,"name":"Centrifugas BIOCEN 22 &#8211; BIOCEN 22R"}]},{"@type":"WebSite","@id":"https:\/\/www.labopolis.com\/#website","url":"https:\/\/www.labopolis.com\/","name":"Labopolis","description":"","potentialAction":[{"@type":"SearchAction","target":{"@type":"EntryPoint","urlTemplate":"https:\/\/www.labopolis.com\/?s={search_term_string}"},"query-input":{"@type":"PropertyValueSpecification","valueRequired":true,"valueName":"search_term_string"}}],"inLanguage":"de"}]}},"_links":{"self":[{"href":"https:\/\/www.labopolis.com\/de\/wp-json\/wp\/v2\/product\/1339","targetHints":{"allow":["GET"]}}],"collection":[{"href":"https:\/\/www.labopolis.com\/de\/wp-json\/wp\/v2\/product"}],"about":[{"href":"https:\/\/www.labopolis.com\/de\/wp-json\/wp\/v2\/types\/product"}],"replies":[{"embeddable":true,"href":"https:\/\/www.labopolis.com\/de\/wp-json\/wp\/v2\/comments?post=1339"}],"wp:featuredmedia":[{"embeddable":true,"href":"https:\/\/www.labopolis.com\/de\/wp-json\/wp\/v2\/media\/14783"}],"wp:attachment":[{"href":"https:\/\/www.labopolis.com\/de\/wp-json\/wp\/v2\/media?parent=1339"}],"wp:term":[{"taxonomy":"product_brand","embeddable":true,"href":"https:\/\/www.labopolis.com\/de\/wp-json\/wp\/v2\/product_brand?post=1339"},{"taxonomy":"product_cat","embeddable":true,"href":"https:\/\/www.labopolis.com\/de\/wp-json\/wp\/v2\/product_cat?post=1339"},{"taxonomy":"product_tag","embeddable":true,"href":"https:\/\/www.labopolis.com\/de\/wp-json\/wp\/v2\/product_tag?post=1339"}],"curies":[{"name":"wp","href":"https:\/\/api.w.org\/{rel}","templated":true}]}}