{"id":1338,"date":"2023-07-10T11:33:29","date_gmt":"2023-07-10T11:33:29","guid":{"rendered":"https:\/\/www.labopolis.com\/?post_type=product&#038;p=1338"},"modified":"2025-09-18T10:43:57","modified_gmt":"2025-09-18T10:43:57","slug":"centrifuga-plasma-22","status":"publish","type":"product","link":"https:\/\/www.labopolis.com\/de\/produkt\/centrifuga-plasma-22\/","title":{"rendered":"Plasma 22 Zentrifuge"},"content":{"rendered":"<p>Die Plasma 22-Zentrifuge kann mit zwei Programmen zur Gewinnung von pl\u00e4ttchenreichem Plasma entsprechend den verschiedenen Kapazit\u00e4ten der Entnahmer\u00f6hrchen konfiguriert werden, wobei freie Positionen im Speicher die \u00c4nderung dieser Werte erm\u00f6glichen. Dieser Vorteil erm\u00f6glicht es dem Benutzer, das Ergebnis in Abh\u00e4ngigkeit von der Variabilit\u00e4t der Patientenprobe zu optimieren. Ein weiterer Vorteil dieses Ger\u00e4ts ist das einfache Ausbalancieren der R\u00f6hrchen: Die Zentrifuge verf\u00fcgt \u00fcber einen einzigen Rotor und einen einzigen Satz von Adaptern, so dass alle 8 Positionen in einer einzigen Zentrifugation verwendet werden k\u00f6nnen, unabh\u00e4ngig von dem Volumen, mit dem gearbeitet wird.<br \/>\n-Max. 3.000 U\/min f\u00fcr 8 R\u00f6hrchen \u00e0 15 ml.<br \/>\n-Erleichtert den Prozess durch Speicherung der Spinwerte im Speicher.<br \/>\n-Durchsatz: 8 Proben in nur 8 Minuten - Autoklavierbare Rotoren und Reduzierst\u00fccke.<br \/>\n-kleine Gr\u00f6\u00dfe.<br \/>\n-Die oszillierende Zentrifugation erleichtert die Extraktion der Schicht mit der h\u00f6chsten Thrombozytenkonzentration.<br \/>\n-Hergestellt nach den Vorschriften f\u00fcr Medizinprodukte.<br \/>\nSpannung: 220-240 V 50-60 Hz*.<\/p>\n<p>*Andere Spannungen auf Anfrage<\/p>","protected":false},"excerpt":{"rendered":"<p>Plasma 22 Zentrifuge. Zubeh\u00f6r nicht enthalten.<br \/>\nMaximales Fassungsverm\u00f6gen: 8 x 9\/15 ml.<br \/>\nMax. Geschwindigkeit: 1.288 xg \/ 3.000 RPM<\/p>\n<p>CE 156 PLASMA 22, 220-240 V 50-60 Hz<\/p>\n<p>ZUBEH\u00d6R:<br \/>\nRT 237 Ausschwingrotor f\u00fcr 8 x 9\/15 ml R\u00f6hrchen<br \/>\nRE 474 8 Adapter f\u00fcr 8 x 5 ml R\u00f6hrchen<\/p>\n<p><strong><em><a class=\"ficha-tecnica-es\" href=\"https:\/\/www.labopolis.com\/wp-content\/uploads\/2025\/02\/Catalogo_Plasma_22_ESP.pdf\" target=\"_blank\" rel=\"noopener\"><i class=\"fas fa-file-alt\"><\/i>\u00a0Plasma 22 Technisches Datenblatt<\/a><br \/>\n<a class=\"ficha-tecnica-en\" href=\"https:\/\/www.labopolis.com\/wp-content\/uploads\/2025\/02\/Catalogue_Plasma_22_ENG.pdf\" target=\"_blank\" rel=\"noopener\"><i class=\"fas fa-file-alt\"><\/i> Technisches Datenblatt Plasma 22<\/a><\/em><\/strong><\/p>","protected":false},"featured_media":14803,"comment_status":"open","ping_status":"closed","template":"","meta":[],"product_brand":[],"product_cat":[121,23],"product_tag":[],"class_list":{"0":"post-1338","1":"product","2":"type-product","3":"status-publish","4":"has-post-thumbnail","6":"product_cat-centrifugas","7":"product_cat-laboratorio","9":"first","10":"instock","11":"taxable","12":"shipping-taxable","13":"product-type-simple"},"yoast_head":"<!-- This site is optimized with the Yoast SEO plugin v27.2 - https:\/\/yoast.com\/product\/yoast-seo-wordpress\/ -->\n<title>Centr\u00edfuga Plasma 22 - Labopolis<\/title>\n<meta name=\"description\" content=\"Centr\u00edfuga Plasma 22. Accesorios no incluidos. Max. capacity: 8 x 9\/15 ml. Max. speed: 1.288 xg \/ 3.000 RPM  CE 156 PLASMA 22, 220-240 V 50-60 Hz  ACCESORIOS: RT 237 Rotor Oscilante para 8 tubos de 9\/15 ml RE 474 8 adaptadores para 8 tubos de 5 ml  \u00a0Ficha T\u00e9cnica Plasma 22  Technical Datasheet Plasma 22\" \/>\n<meta name=\"robots\" content=\"index, follow, max-snippet:-1, max-image-preview:large, max-video-preview:-1\" \/>\n<link rel=\"canonical\" href=\"https:\/\/www.labopolis.com\/de\/produkt\/centrifuga-plasma-22\/\" \/>\n<meta property=\"og:locale\" content=\"de_DE\" \/>\n<meta property=\"og:type\" content=\"article\" \/>\n<meta property=\"og:title\" content=\"Centr\u00edfuga Plasma 22 - Labopolis\" \/>\n<meta property=\"og:description\" content=\"Centr\u00edfuga Plasma 22. Accesorios no incluidos. Max. capacity: 8 x 9\/15 ml. Max. speed: 1.288 xg \/ 3.000 RPM  CE 156 PLASMA 22, 220-240 V 50-60 Hz  ACCESORIOS: RT 237 Rotor Oscilante para 8 tubos de 9\/15 ml RE 474 8 adaptadores para 8 tubos de 5 ml  \u00a0Ficha T\u00e9cnica Plasma 22  Technical Datasheet Plasma 22\" \/>\n<meta property=\"og:url\" content=\"https:\/\/www.labopolis.com\/de\/produkt\/centrifuga-plasma-22\/\" \/>\n<meta property=\"og:site_name\" content=\"Labopolis\" \/>\n<meta property=\"article:publisher\" content=\"https:\/\/www.facebook.com\/profile.php?id=100063251679439\" \/>\n<meta property=\"article:modified_time\" content=\"2025-09-18T10:43:57+00:00\" \/>\n<meta name=\"twitter:card\" content=\"summary_large_image\" \/>\n<meta name=\"twitter:site\" content=\"@Labopolis\" \/>\n<meta name=\"twitter:label1\" content=\"Gesch\u00e4tzte Lesezeit\" \/>\n\t<meta name=\"twitter:data1\" content=\"1\u00a0Minute\" \/>\n<script type=\"application\/ld+json\" class=\"yoast-schema-graph\">{\"@context\":\"https:\/\/schema.org\",\"@graph\":[{\"@type\":\"WebPage\",\"@id\":\"https:\/\/www.labopolis.com\/producto\/centrifuga-plasma-22\/\",\"url\":\"https:\/\/www.labopolis.com\/producto\/centrifuga-plasma-22\/\",\"name\":\"Centr\u00edfuga Plasma 22 - Labopolis\",\"isPartOf\":{\"@id\":\"https:\/\/www.labopolis.com\/#website\"},\"primaryImageOfPage\":{\"@id\":\"https:\/\/www.labopolis.com\/producto\/centrifuga-plasma-22\/#primaryimage\"},\"image\":{\"@id\":\"https:\/\/www.labopolis.com\/producto\/centrifuga-plasma-22\/#primaryimage\"},\"thumbnailUrl\":\"https:\/\/www.labopolis.com\/wp-content\/uploads\/2023\/07\/Plasma_22.avif\",\"datePublished\":\"2023-07-10T11:33:29+00:00\",\"dateModified\":\"2025-09-18T10:43:57+00:00\",\"description\":\"Centr\u00edfuga Plasma 22. Accesorios no incluidos. Max. capacity: 8 x 9\/15 ml. Max. speed: 1.288 xg \/ 3.000 RPM CE 156 PLASMA 22, 220-240 V 50-60 Hz ACCESORIOS: RT 237 Rotor Oscilante para 8 tubos de 9\/15 ml RE 474 8 adaptadores para 8 tubos de 5 ml \u00a0Ficha T\u00e9cnica Plasma 22 Technical Datasheet Plasma 22\",\"breadcrumb\":{\"@id\":\"https:\/\/www.labopolis.com\/producto\/centrifuga-plasma-22\/#breadcrumb\"},\"inLanguage\":\"de\",\"potentialAction\":[{\"@type\":\"ReadAction\",\"target\":[\"https:\/\/www.labopolis.com\/producto\/centrifuga-plasma-22\/\"]}]},{\"@type\":\"ImageObject\",\"inLanguage\":\"de\",\"@id\":\"https:\/\/www.labopolis.com\/producto\/centrifuga-plasma-22\/#primaryimage\",\"url\":\"https:\/\/www.labopolis.com\/wp-content\/uploads\/2023\/07\/Plasma_22.avif\",\"contentUrl\":\"https:\/\/www.labopolis.com\/wp-content\/uploads\/2023\/07\/Plasma_22.avif\",\"width\":931,\"height\":1024,\"caption\":\"Centrifuga Plasma\"},{\"@type\":\"BreadcrumbList\",\"@id\":\"https:\/\/www.labopolis.com\/producto\/centrifuga-plasma-22\/#breadcrumb\",\"itemListElement\":[{\"@type\":\"ListItem\",\"position\":1,\"name\":\"Portada\",\"item\":\"https:\/\/www.labopolis.com\/\"},{\"@type\":\"ListItem\",\"position\":2,\"name\":\"Productos\",\"item\":\"https:\/\/www.labopolis.com\/shop\/\"},{\"@type\":\"ListItem\",\"position\":3,\"name\":\"Centr\u00edfuga Plasma 22\"}]},{\"@type\":\"WebSite\",\"@id\":\"https:\/\/www.labopolis.com\/#website\",\"url\":\"https:\/\/www.labopolis.com\/\",\"name\":\"Labopolis\",\"description\":\"\",\"potentialAction\":[{\"@type\":\"SearchAction\",\"target\":{\"@type\":\"EntryPoint\",\"urlTemplate\":\"https:\/\/www.labopolis.com\/?s={search_term_string}\"},\"query-input\":{\"@type\":\"PropertyValueSpecification\",\"valueRequired\":true,\"valueName\":\"search_term_string\"}}],\"inLanguage\":\"de\"}]}<\/script>\n<!-- \/ Yoast SEO plugin. -->","yoast_head_json":{"title":"Plasma 22 Zentrifuge - Labopolis","description":"Plasma 22 Zentrifuge. Zubeh\u00f6r nicht enthalten. Max. Kapazit\u00e4t: 8 x 9\/15 ml. Geschwindigkeit: 1.288 xg \/ 3.000 RPM CE 156 PLASMA 22, 220-240 V 50-60 Hz ZUBEH\u00d6R: RT 237 Oszillierender Rotor f\u00fcr 8 x 9\/15 ml R\u00f6hrchen RE 474 8 Adapter f\u00fcr 8 x 5 ml R\u00f6hrchen Plasma 22 Technisches Datenblatt Plasma 22","robots":{"index":"index","follow":"follow","max-snippet":"max-snippet:-1","max-image-preview":"max-image-preview:large","max-video-preview":"max-video-preview:-1"},"canonical":"https:\/\/www.labopolis.com\/de\/produkt\/centrifuga-plasma-22\/","og_locale":"de_DE","og_type":"article","og_title":"Centr\u00edfuga Plasma 22 - Labopolis","og_description":"Centr\u00edfuga Plasma 22. Accesorios no incluidos. Max. capacity: 8 x 9\/15 ml. Max. speed: 1.288 xg \/ 3.000 RPM  CE 156 PLASMA 22, 220-240 V 50-60 Hz  ACCESORIOS: RT 237 Rotor Oscilante para 8 tubos de 9\/15 ml RE 474 8 adaptadores para 8 tubos de 5 ml  \u00a0Ficha T\u00e9cnica Plasma 22  Technical Datasheet Plasma 22","og_url":"https:\/\/www.labopolis.com\/de\/produkt\/centrifuga-plasma-22\/","og_site_name":"Labopolis","article_publisher":"https:\/\/www.facebook.com\/profile.php?id=100063251679439","article_modified_time":"2025-09-18T10:43:57+00:00","twitter_card":"summary_large_image","twitter_site":"@Labopolis","twitter_misc":{"Gesch\u00e4tzte Lesezeit":"1\u00a0Minute"},"schema":{"@context":"https:\/\/schema.org","@graph":[{"@type":"WebPage","@id":"https:\/\/www.labopolis.com\/producto\/centrifuga-plasma-22\/","url":"https:\/\/www.labopolis.com\/producto\/centrifuga-plasma-22\/","name":"Plasma 22 Zentrifuge - Labopolis","isPartOf":{"@id":"https:\/\/www.labopolis.com\/#website"},"primaryImageOfPage":{"@id":"https:\/\/www.labopolis.com\/producto\/centrifuga-plasma-22\/#primaryimage"},"image":{"@id":"https:\/\/www.labopolis.com\/producto\/centrifuga-plasma-22\/#primaryimage"},"thumbnailUrl":"https:\/\/www.labopolis.com\/wp-content\/uploads\/2023\/07\/Plasma_22.avif","datePublished":"2023-07-10T11:33:29+00:00","dateModified":"2025-09-18T10:43:57+00:00","description":"Plasma 22 Zentrifuge. Zubeh\u00f6r nicht enthalten. Max. Kapazit\u00e4t: 8 x 9\/15 ml. Geschwindigkeit: 1.288 xg \/ 3.000 RPM CE 156 PLASMA 22, 220-240 V 50-60 Hz ZUBEH\u00d6R: RT 237 Oszillierender Rotor f\u00fcr 8 x 9\/15 ml R\u00f6hrchen RE 474 8 Adapter f\u00fcr 8 x 5 ml R\u00f6hrchen Plasma 22 Technisches Datenblatt Plasma 22","breadcrumb":{"@id":"https:\/\/www.labopolis.com\/producto\/centrifuga-plasma-22\/#breadcrumb"},"inLanguage":"de","potentialAction":[{"@type":"ReadAction","target":["https:\/\/www.labopolis.com\/producto\/centrifuga-plasma-22\/"]}]},{"@type":"ImageObject","inLanguage":"de","@id":"https:\/\/www.labopolis.com\/producto\/centrifuga-plasma-22\/#primaryimage","url":"https:\/\/www.labopolis.com\/wp-content\/uploads\/2023\/07\/Plasma_22.avif","contentUrl":"https:\/\/www.labopolis.com\/wp-content\/uploads\/2023\/07\/Plasma_22.avif","width":931,"height":1024,"caption":"Centrifuga Plasma"},{"@type":"BreadcrumbList","@id":"https:\/\/www.labopolis.com\/producto\/centrifuga-plasma-22\/#breadcrumb","itemListElement":[{"@type":"ListItem","position":1,"name":"Portada","item":"https:\/\/www.labopolis.com\/"},{"@type":"ListItem","position":2,"name":"Productos","item":"https:\/\/www.labopolis.com\/shop\/"},{"@type":"ListItem","position":3,"name":"Centr\u00edfuga Plasma 22"}]},{"@type":"WebSite","@id":"https:\/\/www.labopolis.com\/#website","url":"https:\/\/www.labopolis.com\/","name":"Labopolis","description":"","potentialAction":[{"@type":"SearchAction","target":{"@type":"EntryPoint","urlTemplate":"https:\/\/www.labopolis.com\/?s={search_term_string}"},"query-input":{"@type":"PropertyValueSpecification","valueRequired":true,"valueName":"search_term_string"}}],"inLanguage":"de"}]}},"_links":{"self":[{"href":"https:\/\/www.labopolis.com\/de\/wp-json\/wp\/v2\/product\/1338","targetHints":{"allow":["GET"]}}],"collection":[{"href":"https:\/\/www.labopolis.com\/de\/wp-json\/wp\/v2\/product"}],"about":[{"href":"https:\/\/www.labopolis.com\/de\/wp-json\/wp\/v2\/types\/product"}],"replies":[{"embeddable":true,"href":"https:\/\/www.labopolis.com\/de\/wp-json\/wp\/v2\/comments?post=1338"}],"wp:featuredmedia":[{"embeddable":true,"href":"https:\/\/www.labopolis.com\/de\/wp-json\/wp\/v2\/media\/14803"}],"wp:attachment":[{"href":"https:\/\/www.labopolis.com\/de\/wp-json\/wp\/v2\/media?parent=1338"}],"wp:term":[{"taxonomy":"product_brand","embeddable":true,"href":"https:\/\/www.labopolis.com\/de\/wp-json\/wp\/v2\/product_brand?post=1338"},{"taxonomy":"product_cat","embeddable":true,"href":"https:\/\/www.labopolis.com\/de\/wp-json\/wp\/v2\/product_cat?post=1338"},{"taxonomy":"product_tag","embeddable":true,"href":"https:\/\/www.labopolis.com\/de\/wp-json\/wp\/v2\/product_tag?post=1338"}],"curies":[{"name":"wp","href":"https:\/\/api.w.org\/{rel}","templated":true}]}}