{"id":1083,"date":"2023-07-10T11:32:23","date_gmt":"2023-07-10T11:32:23","guid":{"rendered":"https:\/\/www.labopolis.com\/?post_type=product&#038;p=1083"},"modified":"2025-12-28T16:58:41","modified_gmt":"2025-12-28T16:58:41","slug":"bano-termostatizado-digital-con-agitacion-horizontal-bath-shaker","status":"publish","type":"product","link":"https:\/\/www.labopolis.com\/de\/produkt\/bano-termostatizado-digital-con-agitacion-horizontal-bath-shaker\/","title":{"rendered":"Digitales thermostatisch gesteuertes Bad mit horizontalem R\u00fchrwerk Badesch\u00fcttler"},"content":{"rendered":"<p>Digitales thermostatisch gesteuertes Bad mit horizontalem R\u00fchrwerk Badesch\u00fcttler<br \/>\nModell BS127E: 27 l. 100\u00ba C<br \/>\nModell BS145E: 45 l. 100\u00ba C<\/p>\n<p>Thermostatisiertes Bad mit horizontaler (hin- und hergehender) Bewegung, mikroprozessorgesteuert.<br \/>\nDer mobile Innentank aus Edelstahl AISI 304 und das \u00e4u\u00dfere Metallgeh\u00e4use sind mit Epoxidharz gesch\u00fctzt und sehr widerstandsf\u00e4hig gegen aggressive Umgebungen.<br \/>\nDigitales hintergrundbeleuchtetes LCD-Display mit Anzeige der gew\u00e4hlten und aktuellen Temperatur- und Geschwindigkeitswerte.<br \/>\nMembran-Druckknopfsteuerung.<br \/>\nTemperaturregelung durch Mikroprozessor, mit internem Pt100-F\u00fchler, unter Verwendung des Temperaturregelalgorithmus \u201cARA V2\u201d mit \u201cFuzzy-Logic\u201d-Technologie.<br \/>\nAkustischer \u00dcbertemperatur-Sicherheitsalarm, der das Heizsystem zum Schutz des Pr\u00fcflings abschaltet.<br \/>\nSpeichert die zuletzt verwendeten Daten.<br \/>\nSpritzwassergesch\u00fctzter Hauptschalter.<br \/>\nEntleerungsstutzen und Griffe f\u00fcr einfachen Transport.<\/p>","protected":false},"excerpt":{"rendered":"<p>Digitales thermostatisch gesteuertes Bad mit horizontalem R\u00fchrwerk Badesch\u00fcttler<br \/>\nModell BS127E: 27 l. 100\u00ba C<br \/>\nModell BS145E: 45 l. 100\u00ba C<br \/>\nZubeh\u00f6r nicht enthalten<\/p>\n<p><strong><em><a href=\"https:\/\/www.labopolis.com\/wp-content\/uploads\/2015\/05\/BathShaker.pdf\" target=\"_blank\" rel=\"attachment wp-att-1625 noopener\"><i class=\"fas fa-file-alt\"><\/i>\u00a0BathShaker Technisches Datenblatt<\/a><\/em><\/strong><\/p>","protected":false},"featured_media":1112,"comment_status":"open","ping_status":"closed","template":"","meta":[],"product_brand":[],"product_cat":[75,76,23],"product_tag":[],"class_list":{"0":"post-1083","1":"product","2":"type-product","3":"status-publish","4":"has-post-thumbnail","6":"product_cat-banos","7":"product_cat-banos-con-agitacion","8":"product_cat-laboratorio","10":"first","11":"instock","12":"taxable","13":"shipping-taxable","14":"purchasable","15":"product-type-variable"},"yoast_head":"<!-- This site is optimized with the Yoast SEO plugin v27.2 - https:\/\/yoast.com\/product\/yoast-seo-wordpress\/ -->\n<title>Ba\u00f1o termostatizado digital con agitaci\u00f3n horizontal Bath Shaker - Labopolis<\/title>\n<meta name=\"description\" content=\"Ba\u00f1o termostatizado con agitaci\u00f3n horizontal (de vaiv\u00e9n), controlado por microprocesador y sonda Pt-100 integrada. Fabricado en Espa\u00f1a\" \/>\n<meta name=\"robots\" content=\"index, follow, max-snippet:-1, max-image-preview:large, max-video-preview:-1\" \/>\n<link rel=\"canonical\" href=\"https:\/\/www.labopolis.com\/de\/produkt\/bano-termostatizado-digital-con-agitacion-horizontal-bath-shaker\/\" \/>\n<meta property=\"og:locale\" content=\"de_DE\" \/>\n<meta property=\"og:type\" content=\"article\" \/>\n<meta property=\"og:title\" content=\"Ba\u00f1o termostatizado digital con agitaci\u00f3n horizontal Bath Shaker - Labopolis\" \/>\n<meta property=\"og:description\" content=\"Ba\u00f1o termostatizado con agitaci\u00f3n horizontal (de vaiv\u00e9n), controlado por microprocesador y sonda Pt-100 integrada. Fabricado en Espa\u00f1a\" \/>\n<meta property=\"og:url\" content=\"https:\/\/www.labopolis.com\/de\/produkt\/bano-termostatizado-digital-con-agitacion-horizontal-bath-shaker\/\" \/>\n<meta property=\"og:site_name\" content=\"Labopolis\" \/>\n<meta property=\"article:publisher\" content=\"https:\/\/www.facebook.com\/profile.php?id=100063251679439\" \/>\n<meta property=\"article:modified_time\" content=\"2025-12-28T16:58:41+00:00\" \/>\n<meta property=\"og:image\" content=\"https:\/\/www.labopolis.com\/wp-content\/uploads\/2023\/07\/Bathshaker.png\" \/>\n\t<meta property=\"og:image:width\" content=\"499\" \/>\n\t<meta property=\"og:image:height\" content=\"382\" \/>\n\t<meta property=\"og:image:type\" content=\"image\/png\" \/>\n<meta name=\"twitter:card\" content=\"summary_large_image\" \/>\n<meta name=\"twitter:site\" content=\"@Labopolis\" \/>\n<meta name=\"twitter:label1\" content=\"Gesch\u00e4tzte Lesezeit\" \/>\n\t<meta name=\"twitter:data1\" content=\"1\u00a0Minute\" \/>\n<script type=\"application\/ld+json\" class=\"yoast-schema-graph\">{\"@context\":\"https:\/\/schema.org\",\"@graph\":[{\"@type\":\"WebPage\",\"@id\":\"https:\/\/www.labopolis.com\/producto\/bano-termostatizado-digital-con-agitacion-horizontal-bath-shaker\/\",\"url\":\"https:\/\/www.labopolis.com\/producto\/bano-termostatizado-digital-con-agitacion-horizontal-bath-shaker\/\",\"name\":\"Ba\u00f1o termostatizado digital con agitaci\u00f3n horizontal Bath Shaker - Labopolis\",\"isPartOf\":{\"@id\":\"https:\/\/www.labopolis.com\/#website\"},\"primaryImageOfPage\":{\"@id\":\"https:\/\/www.labopolis.com\/producto\/bano-termostatizado-digital-con-agitacion-horizontal-bath-shaker\/#primaryimage\"},\"image\":{\"@id\":\"https:\/\/www.labopolis.com\/producto\/bano-termostatizado-digital-con-agitacion-horizontal-bath-shaker\/#primaryimage\"},\"thumbnailUrl\":\"https:\/\/www.labopolis.com\/wp-content\/uploads\/2023\/07\/Bathshaker.png\",\"datePublished\":\"2023-07-10T11:32:23+00:00\",\"dateModified\":\"2025-12-28T16:58:41+00:00\",\"description\":\"Ba\u00f1o termostatizado con agitaci\u00f3n horizontal (de vaiv\u00e9n), controlado por microprocesador y sonda Pt-100 integrada. Fabricado en Espa\u00f1a\",\"breadcrumb\":{\"@id\":\"https:\/\/www.labopolis.com\/producto\/bano-termostatizado-digital-con-agitacion-horizontal-bath-shaker\/#breadcrumb\"},\"inLanguage\":\"de\",\"potentialAction\":[{\"@type\":\"ReadAction\",\"target\":[\"https:\/\/www.labopolis.com\/producto\/bano-termostatizado-digital-con-agitacion-horizontal-bath-shaker\/\"]}]},{\"@type\":\"ImageObject\",\"inLanguage\":\"de\",\"@id\":\"https:\/\/www.labopolis.com\/producto\/bano-termostatizado-digital-con-agitacion-horizontal-bath-shaker\/#primaryimage\",\"url\":\"https:\/\/www.labopolis.com\/wp-content\/uploads\/2023\/07\/Bathshaker.png\",\"contentUrl\":\"https:\/\/www.labopolis.com\/wp-content\/uploads\/2023\/07\/Bathshaker.png\",\"width\":499,\"height\":382,\"caption\":\"Producto\"},{\"@type\":\"BreadcrumbList\",\"@id\":\"https:\/\/www.labopolis.com\/producto\/bano-termostatizado-digital-con-agitacion-horizontal-bath-shaker\/#breadcrumb\",\"itemListElement\":[{\"@type\":\"ListItem\",\"position\":1,\"name\":\"Portada\",\"item\":\"https:\/\/www.labopolis.com\/\"},{\"@type\":\"ListItem\",\"position\":2,\"name\":\"Productos\",\"item\":\"https:\/\/www.labopolis.com\/shop\/\"},{\"@type\":\"ListItem\",\"position\":3,\"name\":\"Ba\u00f1o termostatizado digital con agitaci\u00f3n horizontal Bath Shaker\"}]},{\"@type\":\"WebSite\",\"@id\":\"https:\/\/www.labopolis.com\/#website\",\"url\":\"https:\/\/www.labopolis.com\/\",\"name\":\"Labopolis\",\"description\":\"\",\"potentialAction\":[{\"@type\":\"SearchAction\",\"target\":{\"@type\":\"EntryPoint\",\"urlTemplate\":\"https:\/\/www.labopolis.com\/?s={search_term_string}\"},\"query-input\":{\"@type\":\"PropertyValueSpecification\",\"valueRequired\":true,\"valueName\":\"search_term_string\"}}],\"inLanguage\":\"de\"}]}<\/script>\n<!-- \/ Yoast SEO plugin. -->","yoast_head_json":{"title":"Ba\u00f1o termostatizado digital con agitaci\u00f3n horizontal Bath Shaker - Labopolis","description":"Ba\u00f1o termostatizado con agitaci\u00f3n horizontal (de vaiv\u00e9n), controlado por microprocesador y sonda Pt-100 integrada. Fabricado en Espa\u00f1a","robots":{"index":"index","follow":"follow","max-snippet":"max-snippet:-1","max-image-preview":"max-image-preview:large","max-video-preview":"max-video-preview:-1"},"canonical":"https:\/\/www.labopolis.com\/de\/produkt\/bano-termostatizado-digital-con-agitacion-horizontal-bath-shaker\/","og_locale":"de_DE","og_type":"article","og_title":"Ba\u00f1o termostatizado digital con agitaci\u00f3n horizontal Bath Shaker - Labopolis","og_description":"Ba\u00f1o termostatizado con agitaci\u00f3n horizontal (de vaiv\u00e9n), controlado por microprocesador y sonda Pt-100 integrada. Fabricado en Espa\u00f1a","og_url":"https:\/\/www.labopolis.com\/de\/produkt\/bano-termostatizado-digital-con-agitacion-horizontal-bath-shaker\/","og_site_name":"Labopolis","article_publisher":"https:\/\/www.facebook.com\/profile.php?id=100063251679439","article_modified_time":"2025-12-28T16:58:41+00:00","og_image":[{"width":499,"height":382,"url":"https:\/\/www.labopolis.com\/wp-content\/uploads\/2023\/07\/Bathshaker.png","type":"image\/png"}],"twitter_card":"summary_large_image","twitter_site":"@Labopolis","twitter_misc":{"Gesch\u00e4tzte Lesezeit":"1\u00a0Minute"},"schema":{"@context":"https:\/\/schema.org","@graph":[{"@type":"WebPage","@id":"https:\/\/www.labopolis.com\/producto\/bano-termostatizado-digital-con-agitacion-horizontal-bath-shaker\/","url":"https:\/\/www.labopolis.com\/producto\/bano-termostatizado-digital-con-agitacion-horizontal-bath-shaker\/","name":"Ba\u00f1o termostatizado digital con agitaci\u00f3n horizontal Bath Shaker - Labopolis","isPartOf":{"@id":"https:\/\/www.labopolis.com\/#website"},"primaryImageOfPage":{"@id":"https:\/\/www.labopolis.com\/producto\/bano-termostatizado-digital-con-agitacion-horizontal-bath-shaker\/#primaryimage"},"image":{"@id":"https:\/\/www.labopolis.com\/producto\/bano-termostatizado-digital-con-agitacion-horizontal-bath-shaker\/#primaryimage"},"thumbnailUrl":"https:\/\/www.labopolis.com\/wp-content\/uploads\/2023\/07\/Bathshaker.png","datePublished":"2023-07-10T11:32:23+00:00","dateModified":"2025-12-28T16:58:41+00:00","description":"Ba\u00f1o termostatizado con agitaci\u00f3n horizontal (de vaiv\u00e9n), controlado por microprocesador y sonda Pt-100 integrada. Fabricado en Espa\u00f1a","breadcrumb":{"@id":"https:\/\/www.labopolis.com\/producto\/bano-termostatizado-digital-con-agitacion-horizontal-bath-shaker\/#breadcrumb"},"inLanguage":"de","potentialAction":[{"@type":"ReadAction","target":["https:\/\/www.labopolis.com\/producto\/bano-termostatizado-digital-con-agitacion-horizontal-bath-shaker\/"]}]},{"@type":"ImageObject","inLanguage":"de","@id":"https:\/\/www.labopolis.com\/producto\/bano-termostatizado-digital-con-agitacion-horizontal-bath-shaker\/#primaryimage","url":"https:\/\/www.labopolis.com\/wp-content\/uploads\/2023\/07\/Bathshaker.png","contentUrl":"https:\/\/www.labopolis.com\/wp-content\/uploads\/2023\/07\/Bathshaker.png","width":499,"height":382,"caption":"Producto"},{"@type":"BreadcrumbList","@id":"https:\/\/www.labopolis.com\/producto\/bano-termostatizado-digital-con-agitacion-horizontal-bath-shaker\/#breadcrumb","itemListElement":[{"@type":"ListItem","position":1,"name":"Portada","item":"https:\/\/www.labopolis.com\/"},{"@type":"ListItem","position":2,"name":"Productos","item":"https:\/\/www.labopolis.com\/shop\/"},{"@type":"ListItem","position":3,"name":"Ba\u00f1o termostatizado digital con agitaci\u00f3n horizontal Bath Shaker"}]},{"@type":"WebSite","@id":"https:\/\/www.labopolis.com\/#website","url":"https:\/\/www.labopolis.com\/","name":"Labopolis","description":"","potentialAction":[{"@type":"SearchAction","target":{"@type":"EntryPoint","urlTemplate":"https:\/\/www.labopolis.com\/?s={search_term_string}"},"query-input":{"@type":"PropertyValueSpecification","valueRequired":true,"valueName":"search_term_string"}}],"inLanguage":"de"}]}},"_links":{"self":[{"href":"https:\/\/www.labopolis.com\/de\/wp-json\/wp\/v2\/product\/1083","targetHints":{"allow":["GET"]}}],"collection":[{"href":"https:\/\/www.labopolis.com\/de\/wp-json\/wp\/v2\/product"}],"about":[{"href":"https:\/\/www.labopolis.com\/de\/wp-json\/wp\/v2\/types\/product"}],"replies":[{"embeddable":true,"href":"https:\/\/www.labopolis.com\/de\/wp-json\/wp\/v2\/comments?post=1083"}],"wp:featuredmedia":[{"embeddable":true,"href":"https:\/\/www.labopolis.com\/de\/wp-json\/wp\/v2\/media\/1112"}],"wp:attachment":[{"href":"https:\/\/www.labopolis.com\/de\/wp-json\/wp\/v2\/media?parent=1083"}],"wp:term":[{"taxonomy":"product_brand","embeddable":true,"href":"https:\/\/www.labopolis.com\/de\/wp-json\/wp\/v2\/product_brand?post=1083"},{"taxonomy":"product_cat","embeddable":true,"href":"https:\/\/www.labopolis.com\/de\/wp-json\/wp\/v2\/product_cat?post=1083"},{"taxonomy":"product_tag","embeddable":true,"href":"https:\/\/www.labopolis.com\/de\/wp-json\/wp\/v2\/product_tag?post=1083"}],"curies":[{"name":"wp","href":"https:\/\/api.w.org\/{rel}","templated":true}]}}