{"id":1051,"date":"2023-07-10T11:32:12","date_gmt":"2023-07-10T11:32:12","guid":{"rendered":"https:\/\/www.labopolis.com\/?post_type=product&#038;p=1051"},"modified":"2025-12-28T17:32:32","modified_gmt":"2025-12-28T17:32:32","slug":"agitador-magnetico-digital-sin-calefaccion-minimix","status":"publish","type":"product","link":"https:\/\/www.labopolis.com\/de\/produkt\/agitador-magnetico-digital-sin-calefaccion-minimix\/","title":{"rendered":"Digitaler Magnetr\u00fchrer ohne Heizung MiniMix"},"content":{"rendered":"<p>Digitaler Magnetr\u00fchrer ohne Heizung MiniMix<br \/>\nModell: AMN02E<\/p>\n<p>Kleiner Magnetr\u00fchrer, mit dem Sie R\u00fchraufgaben f\u00fcr ein maximales Volumen von 2 l durchf\u00fchren k\u00f6nnen.<br \/>\nDie R\u00fchrgeschwindigkeit ist mikroprozessorgesteuert und erm\u00f6glicht die Auswahl von 4 verschiedenen R\u00fchrstufen.<br \/>\nLED-Display mit Anzeige der eingestellten Geschwindigkeit.<br \/>\nTastenfeld mit ber\u00fchrungsempfindlichen Folientasten.<br \/>\nSch\u00fcttelfl\u00e4che vor Kratzern gesch\u00fctzt<\/p>","protected":false},"excerpt":{"rendered":"<p>Digitaler Magnetr\u00fchrer ohne Heizung MiniMix<br \/>\nModell: AMN02E<br \/>\nZubeh\u00f6r nicht enthalten<\/p>\n<p><em><strong><a title=\"Minimix Technisches Datenblatt\" href=\"https:\/\/www.labopolis.com\/wp-content\/uploads\/2015\/05\/MiniMix.pdf\" target=\"_blank\" rel=\"noopener\"><i class=\"fas fa-file-alt\"><\/i>\u00a0MiniMix Technisches Datenblatt<\/a><\/strong><\/em><\/p>","protected":false},"featured_media":1069,"comment_status":"open","ping_status":"closed","template":"","meta":[],"product_brand":[],"product_cat":[21,69,23],"product_tag":[38,42,70],"class_list":{"0":"post-1051","1":"product","2":"type-product","3":"status-publish","4":"has-post-thumbnail","6":"product_cat-agitadores","7":"product_cat-agitadores-sin-calefaccion","8":"product_cat-laboratorio","9":"product_tag-agitador","10":"product_tag-agitador-digital","11":"product_tag-agitador-sin-calefaccion","13":"first","14":"instock","15":"taxable","16":"shipping-taxable","17":"purchasable","18":"product-type-simple"},"yoast_head":"<!-- This site is optimized with the Yoast SEO plugin v27.2 - https:\/\/yoast.com\/product\/yoast-seo-wordpress\/ -->\n<title>Agitador Magn\u00e9tico Digital sin calefacci\u00f3n MiniMix - Labopolis<\/title>\n<meta name=\"description\" content=\"Agitador magn\u00e9tico de reducido tama\u00f1o para vol\u00famenes m\u00e1ximos de 2L. La velocidad de agitaci\u00f3n se regula mediante microprocesador,\" \/>\n<meta name=\"robots\" content=\"index, follow, max-snippet:-1, max-image-preview:large, max-video-preview:-1\" \/>\n<link rel=\"canonical\" href=\"https:\/\/www.labopolis.com\/de\/produkt\/agitador-magnetico-digital-sin-calefaccion-minimix\/\" \/>\n<meta property=\"og:locale\" content=\"de_DE\" \/>\n<meta property=\"og:type\" content=\"article\" \/>\n<meta property=\"og:title\" content=\"Agitador Magn\u00e9tico Digital sin calefacci\u00f3n MiniMix - Labopolis\" \/>\n<meta property=\"og:description\" content=\"Agitador magn\u00e9tico de reducido tama\u00f1o para vol\u00famenes m\u00e1ximos de 2L. La velocidad de agitaci\u00f3n se regula mediante microprocesador,\" \/>\n<meta property=\"og:url\" content=\"https:\/\/www.labopolis.com\/de\/produkt\/agitador-magnetico-digital-sin-calefaccion-minimix\/\" \/>\n<meta property=\"og:site_name\" content=\"Labopolis\" \/>\n<meta property=\"article:publisher\" content=\"https:\/\/www.facebook.com\/profile.php?id=100063251679439\" \/>\n<meta property=\"article:modified_time\" content=\"2025-12-28T17:32:32+00:00\" \/>\n<meta property=\"og:image\" content=\"https:\/\/www.labopolis.com\/wp-content\/uploads\/2023\/07\/MiniMixE.gif\" \/>\n\t<meta property=\"og:image:width\" content=\"394\" \/>\n\t<meta property=\"og:image:height\" content=\"455\" \/>\n\t<meta property=\"og:image:type\" content=\"image\/gif\" \/>\n<meta name=\"twitter:card\" content=\"summary_large_image\" \/>\n<meta name=\"twitter:site\" content=\"@Labopolis\" \/>\n<meta name=\"twitter:label1\" content=\"Gesch\u00e4tzte Lesezeit\" \/>\n\t<meta name=\"twitter:data1\" content=\"1\u00a0Minute\" \/>\n<script type=\"application\/ld+json\" class=\"yoast-schema-graph\">{\"@context\":\"https:\/\/schema.org\",\"@graph\":[{\"@type\":\"WebPage\",\"@id\":\"https:\/\/www.labopolis.com\/producto\/agitador-magnetico-digital-sin-calefaccion-minimix\/\",\"url\":\"https:\/\/www.labopolis.com\/producto\/agitador-magnetico-digital-sin-calefaccion-minimix\/\",\"name\":\"Agitador Magn\u00e9tico Digital sin calefacci\u00f3n MiniMix - Labopolis\",\"isPartOf\":{\"@id\":\"https:\/\/www.labopolis.com\/#website\"},\"primaryImageOfPage\":{\"@id\":\"https:\/\/www.labopolis.com\/producto\/agitador-magnetico-digital-sin-calefaccion-minimix\/#primaryimage\"},\"image\":{\"@id\":\"https:\/\/www.labopolis.com\/producto\/agitador-magnetico-digital-sin-calefaccion-minimix\/#primaryimage\"},\"thumbnailUrl\":\"https:\/\/www.labopolis.com\/wp-content\/uploads\/2023\/07\/MiniMixE.gif\",\"datePublished\":\"2023-07-10T11:32:12+00:00\",\"dateModified\":\"2025-12-28T17:32:32+00:00\",\"description\":\"Agitador magn\u00e9tico de reducido tama\u00f1o para vol\u00famenes m\u00e1ximos de 2L. La velocidad de agitaci\u00f3n se regula mediante microprocesador,\",\"breadcrumb\":{\"@id\":\"https:\/\/www.labopolis.com\/producto\/agitador-magnetico-digital-sin-calefaccion-minimix\/#breadcrumb\"},\"inLanguage\":\"de\",\"potentialAction\":[{\"@type\":\"ReadAction\",\"target\":[\"https:\/\/www.labopolis.com\/producto\/agitador-magnetico-digital-sin-calefaccion-minimix\/\"]}]},{\"@type\":\"ImageObject\",\"inLanguage\":\"de\",\"@id\":\"https:\/\/www.labopolis.com\/producto\/agitador-magnetico-digital-sin-calefaccion-minimix\/#primaryimage\",\"url\":\"https:\/\/www.labopolis.com\/wp-content\/uploads\/2023\/07\/MiniMixE.gif\",\"contentUrl\":\"https:\/\/www.labopolis.com\/wp-content\/uploads\/2023\/07\/MiniMixE.gif\",\"width\":394,\"height\":455,\"caption\":\"Producto\"},{\"@type\":\"BreadcrumbList\",\"@id\":\"https:\/\/www.labopolis.com\/producto\/agitador-magnetico-digital-sin-calefaccion-minimix\/#breadcrumb\",\"itemListElement\":[{\"@type\":\"ListItem\",\"position\":1,\"name\":\"Portada\",\"item\":\"https:\/\/www.labopolis.com\/\"},{\"@type\":\"ListItem\",\"position\":2,\"name\":\"Productos\",\"item\":\"https:\/\/www.labopolis.com\/shop\/\"},{\"@type\":\"ListItem\",\"position\":3,\"name\":\"Agitador Magn\u00e9tico Digital sin calefacci\u00f3n MiniMix\"}]},{\"@type\":\"WebSite\",\"@id\":\"https:\/\/www.labopolis.com\/#website\",\"url\":\"https:\/\/www.labopolis.com\/\",\"name\":\"Labopolis\",\"description\":\"\",\"potentialAction\":[{\"@type\":\"SearchAction\",\"target\":{\"@type\":\"EntryPoint\",\"urlTemplate\":\"https:\/\/www.labopolis.com\/?s={search_term_string}\"},\"query-input\":{\"@type\":\"PropertyValueSpecification\",\"valueRequired\":true,\"valueName\":\"search_term_string\"}}],\"inLanguage\":\"de\"}]}<\/script>\n<!-- \/ Yoast SEO plugin. -->","yoast_head_json":{"title":"MiniMix Digitaler Magnetr\u00fchrer ohne Heizung - Labopolis","description":"Magnetr\u00fchrer in kleinem Format f\u00fcr maximale Volumina von 2L. Die R\u00fchrgeschwindigkeit wird mikroprozessorgesteuert geregelt,","robots":{"index":"index","follow":"follow","max-snippet":"max-snippet:-1","max-image-preview":"max-image-preview:large","max-video-preview":"max-video-preview:-1"},"canonical":"https:\/\/www.labopolis.com\/de\/produkt\/agitador-magnetico-digital-sin-calefaccion-minimix\/","og_locale":"de_DE","og_type":"article","og_title":"Agitador Magn\u00e9tico Digital sin calefacci\u00f3n MiniMix - Labopolis","og_description":"Agitador magn\u00e9tico de reducido tama\u00f1o para vol\u00famenes m\u00e1ximos de 2L. La velocidad de agitaci\u00f3n se regula mediante microprocesador,","og_url":"https:\/\/www.labopolis.com\/de\/produkt\/agitador-magnetico-digital-sin-calefaccion-minimix\/","og_site_name":"Labopolis","article_publisher":"https:\/\/www.facebook.com\/profile.php?id=100063251679439","article_modified_time":"2025-12-28T17:32:32+00:00","og_image":[{"width":394,"height":455,"url":"https:\/\/www.labopolis.com\/wp-content\/uploads\/2023\/07\/MiniMixE.gif","type":"image\/gif"}],"twitter_card":"summary_large_image","twitter_site":"@Labopolis","twitter_misc":{"Gesch\u00e4tzte Lesezeit":"1\u00a0Minute"},"schema":{"@context":"https:\/\/schema.org","@graph":[{"@type":"WebPage","@id":"https:\/\/www.labopolis.com\/producto\/agitador-magnetico-digital-sin-calefaccion-minimix\/","url":"https:\/\/www.labopolis.com\/producto\/agitador-magnetico-digital-sin-calefaccion-minimix\/","name":"MiniMix Digitaler Magnetr\u00fchrer ohne Heizung - Labopolis","isPartOf":{"@id":"https:\/\/www.labopolis.com\/#website"},"primaryImageOfPage":{"@id":"https:\/\/www.labopolis.com\/producto\/agitador-magnetico-digital-sin-calefaccion-minimix\/#primaryimage"},"image":{"@id":"https:\/\/www.labopolis.com\/producto\/agitador-magnetico-digital-sin-calefaccion-minimix\/#primaryimage"},"thumbnailUrl":"https:\/\/www.labopolis.com\/wp-content\/uploads\/2023\/07\/MiniMixE.gif","datePublished":"2023-07-10T11:32:12+00:00","dateModified":"2025-12-28T17:32:32+00:00","description":"Magnetr\u00fchrer in kleinem Format f\u00fcr maximale Volumina von 2L. Die R\u00fchrgeschwindigkeit wird mikroprozessorgesteuert geregelt,","breadcrumb":{"@id":"https:\/\/www.labopolis.com\/producto\/agitador-magnetico-digital-sin-calefaccion-minimix\/#breadcrumb"},"inLanguage":"de","potentialAction":[{"@type":"ReadAction","target":["https:\/\/www.labopolis.com\/producto\/agitador-magnetico-digital-sin-calefaccion-minimix\/"]}]},{"@type":"ImageObject","inLanguage":"de","@id":"https:\/\/www.labopolis.com\/producto\/agitador-magnetico-digital-sin-calefaccion-minimix\/#primaryimage","url":"https:\/\/www.labopolis.com\/wp-content\/uploads\/2023\/07\/MiniMixE.gif","contentUrl":"https:\/\/www.labopolis.com\/wp-content\/uploads\/2023\/07\/MiniMixE.gif","width":394,"height":455,"caption":"Producto"},{"@type":"BreadcrumbList","@id":"https:\/\/www.labopolis.com\/producto\/agitador-magnetico-digital-sin-calefaccion-minimix\/#breadcrumb","itemListElement":[{"@type":"ListItem","position":1,"name":"Portada","item":"https:\/\/www.labopolis.com\/"},{"@type":"ListItem","position":2,"name":"Productos","item":"https:\/\/www.labopolis.com\/shop\/"},{"@type":"ListItem","position":3,"name":"Agitador Magn\u00e9tico Digital sin calefacci\u00f3n MiniMix"}]},{"@type":"WebSite","@id":"https:\/\/www.labopolis.com\/#website","url":"https:\/\/www.labopolis.com\/","name":"Labopolis","description":"","potentialAction":[{"@type":"SearchAction","target":{"@type":"EntryPoint","urlTemplate":"https:\/\/www.labopolis.com\/?s={search_term_string}"},"query-input":{"@type":"PropertyValueSpecification","valueRequired":true,"valueName":"search_term_string"}}],"inLanguage":"de"}]}},"_links":{"self":[{"href":"https:\/\/www.labopolis.com\/de\/wp-json\/wp\/v2\/product\/1051","targetHints":{"allow":["GET"]}}],"collection":[{"href":"https:\/\/www.labopolis.com\/de\/wp-json\/wp\/v2\/product"}],"about":[{"href":"https:\/\/www.labopolis.com\/de\/wp-json\/wp\/v2\/types\/product"}],"replies":[{"embeddable":true,"href":"https:\/\/www.labopolis.com\/de\/wp-json\/wp\/v2\/comments?post=1051"}],"wp:featuredmedia":[{"embeddable":true,"href":"https:\/\/www.labopolis.com\/de\/wp-json\/wp\/v2\/media\/1069"}],"wp:attachment":[{"href":"https:\/\/www.labopolis.com\/de\/wp-json\/wp\/v2\/media?parent=1051"}],"wp:term":[{"taxonomy":"product_brand","embeddable":true,"href":"https:\/\/www.labopolis.com\/de\/wp-json\/wp\/v2\/product_brand?post=1051"},{"taxonomy":"product_cat","embeddable":true,"href":"https:\/\/www.labopolis.com\/de\/wp-json\/wp\/v2\/product_cat?post=1051"},{"taxonomy":"product_tag","embeddable":true,"href":"https:\/\/www.labopolis.com\/de\/wp-json\/wp\/v2\/product_tag?post=1051"}],"curies":[{"name":"wp","href":"https:\/\/api.w.org\/{rel}","templated":true}]}}