{"id":1014,"date":"2023-07-10T11:32:00","date_gmt":"2023-07-10T11:32:00","guid":{"rendered":"https:\/\/www.labopolis.com\/?post_type=product&#038;p=1014"},"modified":"2025-12-28T17:42:38","modified_gmt":"2025-12-28T17:42:38","slug":"agitador-rotatorio-digital-rotator-hd","status":"publish","type":"product","link":"https:\/\/www.labopolis.com\/de\/produkt\/agitador-rotatorio-digital-rotator-hd\/","title":{"rendered":"Digitaler Rotator HD Rotationssch\u00fcttler"},"content":{"rendered":"<p>Digitales Rotationsr\u00fchrwerk, das sich leicht an verschiedene Zubeh\u00f6rteile f\u00fcr unterschiedliche Anwendungen anpassen l\u00e4sst.<br \/>\nMehrere austauschbare Halterungen zum Ankoppeln und Sch\u00fctteln: Kolben, Flaschen, Scheidetrichter, Gestelle mit Reagenzgl\u00e4sern, Kulturr\u00f6hrchen, Eppendorf-R\u00f6hrchen, usw.<br \/>\nEinstellbare Geschwindigkeit durch Mikroprozessor gesteuert.<br \/>\nSanfter und progressiver Start und Stopp.<br \/>\nDigitales hintergrundbeleuchtetes LCD-Display mit Anzeige der gew\u00e4hlten und aktuellen Geschwindigkeit und des Timers.<br \/>\nSehr leise im Dauerbetrieb.<\/p>","protected":false},"excerpt":{"rendered":"<div class=\"short-description\" style=\"color: #6f6f6f;\">\n<p>Modelle mit gro\u00dfer Trommel:<br \/>\nModell f\u00fcr 1 Flasche 0,5 bis 2 l.: AR1HDE<br \/>\nModell f\u00fcr 2 Flaschen 0,5 bis 2 l.: AR2HDE<br \/>\nModell f\u00fcr 4 Flaschen 0,5 bis 2 l.: AR4HDE<br \/>\nModell f\u00fcr 8 Flaschen 0,5 bis 2 l.: AR8HDE<br \/>\nModell f\u00fcr 12 Flaschen 0,5 bis 2 l.: AR12HDE<br \/>\nModell mit Rotationsachse f\u00fcr feste Klammern verschiedener Rohre: ART-HDE<br \/>\nPumpenmodell f\u00fcr 3 Scheidetrichter: ARED-HDE<br \/>\nModell ohne Zubeh\u00f6r: AR-HDE<br \/>\nZubeh\u00f6r nicht enthalten<\/p>\n<p><strong><em><a title=\"Technisches Datenblatt Rotator HD\" href=\"https:\/\/www.labopolis.com\/wp-content\/uploads\/2015\/05\/RotatorHD.pdf\" target=\"_blank\" rel=\"noopener noreferrer\"><i class=\"fas fa-file-alt\"><\/i>\u00a0Technisches Datenblatt Rotator HD<\/a><\/em><\/strong><\/p>\n<\/div>","protected":false},"featured_media":1036,"comment_status":"open","ping_status":"closed","template":"","meta":[],"product_brand":[],"product_cat":[21,63,23],"product_tag":[38,68,66,43],"class_list":{"0":"post-1014","1":"product","2":"type-product","3":"status-publish","4":"has-post-thumbnail","6":"product_cat-agitadores","7":"product_cat-agitadores-rotatorios-rodillos","8":"product_cat-laboratorio","9":"product_tag-agitador","10":"product_tag-agitador-rotator","11":"product_tag-agitador-rotatorio","12":"product_tag-agitadores","14":"first","15":"instock","16":"taxable","17":"shipping-taxable","18":"purchasable","19":"product-type-variable"},"yoast_head":"<!-- This site is optimized with the Yoast SEO plugin v27.2 - https:\/\/yoast.com\/product\/yoast-seo-wordpress\/ -->\n<title>Agitador Rotatorio Digital Rotator HD - Labopolis<\/title>\n<meta name=\"description\" content=\"Modelos con bombo: Modelo para 1 botella 0,5 a 2 l.: AR1HDE Modelo para 2 botellas 0,5 a 2 l.: AR2HDE Modelo para 4 botellas 0,5 a 2 l.: AR4HDE Modelo para 8 botellas 0,5 a 2 l.: AR8HDE Modelo para 12 botellas 0,5 a 2 l.: AR12HDE Modelo con eje rotacional para clips fijos de diversos tubos: ART-HDE Modelo con bombo para 3 embudos de decantaci\u00f3n: ARED-HDE Modelo sin accesorios: AR-HDE Accesorios no incluidos  \u00a0Ficha T\u00e9cnica Rotator HD\" \/>\n<meta name=\"robots\" content=\"index, follow, max-snippet:-1, max-image-preview:large, max-video-preview:-1\" \/>\n<link rel=\"canonical\" href=\"https:\/\/www.labopolis.com\/de\/produkt\/agitador-rotatorio-digital-rotator-hd\/\" \/>\n<meta property=\"og:locale\" content=\"de_DE\" \/>\n<meta property=\"og:type\" content=\"article\" \/>\n<meta property=\"og:title\" content=\"Agitador Rotatorio Digital Rotator HD - Labopolis\" \/>\n<meta property=\"og:description\" content=\"Modelos con bombo: Modelo para 1 botella 0,5 a 2 l.: AR1HDE Modelo para 2 botellas 0,5 a 2 l.: AR2HDE Modelo para 4 botellas 0,5 a 2 l.: AR4HDE Modelo para 8 botellas 0,5 a 2 l.: AR8HDE Modelo para 12 botellas 0,5 a 2 l.: AR12HDE Modelo con eje rotacional para clips fijos de diversos tubos: ART-HDE Modelo con bombo para 3 embudos de decantaci\u00f3n: ARED-HDE Modelo sin accesorios: AR-HDE Accesorios no incluidos  \u00a0Ficha T\u00e9cnica Rotator HD\" \/>\n<meta property=\"og:url\" content=\"https:\/\/www.labopolis.com\/de\/produkt\/agitador-rotatorio-digital-rotator-hd\/\" \/>\n<meta property=\"og:site_name\" content=\"Labopolis\" \/>\n<meta property=\"article:publisher\" content=\"https:\/\/www.facebook.com\/profile.php?id=100063251679439\" \/>\n<meta property=\"article:modified_time\" content=\"2025-12-28T17:42:38+00:00\" \/>\n<meta property=\"og:image\" content=\"https:\/\/www.labopolis.com\/wp-content\/uploads\/2023\/07\/RotatorBombo4.gif\" \/>\n\t<meta property=\"og:image:width\" content=\"482\" \/>\n\t<meta property=\"og:image:height\" content=\"378\" \/>\n\t<meta property=\"og:image:type\" content=\"image\/gif\" \/>\n<meta name=\"twitter:card\" content=\"summary_large_image\" \/>\n<meta name=\"twitter:site\" content=\"@Labopolis\" \/>\n<meta name=\"twitter:label1\" content=\"Gesch\u00e4tzte Lesezeit\" \/>\n\t<meta name=\"twitter:data1\" content=\"1\u00a0Minute\" \/>\n<script type=\"application\/ld+json\" class=\"yoast-schema-graph\">{\"@context\":\"https:\/\/schema.org\",\"@graph\":[{\"@type\":\"WebPage\",\"@id\":\"https:\/\/www.labopolis.com\/producto\/agitador-rotatorio-digital-rotator-hd\/\",\"url\":\"https:\/\/www.labopolis.com\/producto\/agitador-rotatorio-digital-rotator-hd\/\",\"name\":\"Agitador Rotatorio Digital Rotator HD - Labopolis\",\"isPartOf\":{\"@id\":\"https:\/\/www.labopolis.com\/#website\"},\"primaryImageOfPage\":{\"@id\":\"https:\/\/www.labopolis.com\/producto\/agitador-rotatorio-digital-rotator-hd\/#primaryimage\"},\"image\":{\"@id\":\"https:\/\/www.labopolis.com\/producto\/agitador-rotatorio-digital-rotator-hd\/#primaryimage\"},\"thumbnailUrl\":\"https:\/\/www.labopolis.com\/wp-content\/uploads\/2023\/07\/RotatorBombo4.gif\",\"datePublished\":\"2023-07-10T11:32:00+00:00\",\"dateModified\":\"2025-12-28T17:42:38+00:00\",\"description\":\"Modelos con bombo: Modelo para 1 botella 0,5 a 2 l.: AR1HDE Modelo para 2 botellas 0,5 a 2 l.: AR2HDE Modelo para 4 botellas 0,5 a 2 l.: AR4HDE Modelo para 8 botellas 0,5 a 2 l.: AR8HDE Modelo para 12 botellas 0,5 a 2 l.: AR12HDE Modelo con eje rotacional para clips fijos de diversos tubos: ART-HDE Modelo con bombo para 3 embudos de decantaci\u00f3n: ARED-HDE Modelo sin accesorios: AR-HDE Accesorios no incluidos \u00a0Ficha T\u00e9cnica Rotator HD\",\"breadcrumb\":{\"@id\":\"https:\/\/www.labopolis.com\/producto\/agitador-rotatorio-digital-rotator-hd\/#breadcrumb\"},\"inLanguage\":\"de\",\"potentialAction\":[{\"@type\":\"ReadAction\",\"target\":[\"https:\/\/www.labopolis.com\/producto\/agitador-rotatorio-digital-rotator-hd\/\"]}]},{\"@type\":\"ImageObject\",\"inLanguage\":\"de\",\"@id\":\"https:\/\/www.labopolis.com\/producto\/agitador-rotatorio-digital-rotator-hd\/#primaryimage\",\"url\":\"https:\/\/www.labopolis.com\/wp-content\/uploads\/2023\/07\/RotatorBombo4.gif\",\"contentUrl\":\"https:\/\/www.labopolis.com\/wp-content\/uploads\/2023\/07\/RotatorBombo4.gif\",\"width\":482,\"height\":378,\"caption\":\"Producto\"},{\"@type\":\"BreadcrumbList\",\"@id\":\"https:\/\/www.labopolis.com\/producto\/agitador-rotatorio-digital-rotator-hd\/#breadcrumb\",\"itemListElement\":[{\"@type\":\"ListItem\",\"position\":1,\"name\":\"Portada\",\"item\":\"https:\/\/www.labopolis.com\/\"},{\"@type\":\"ListItem\",\"position\":2,\"name\":\"Productos\",\"item\":\"https:\/\/www.labopolis.com\/shop\/\"},{\"@type\":\"ListItem\",\"position\":3,\"name\":\"Agitador Rotatorio Digital Rotator HD\"}]},{\"@type\":\"WebSite\",\"@id\":\"https:\/\/www.labopolis.com\/#website\",\"url\":\"https:\/\/www.labopolis.com\/\",\"name\":\"Labopolis\",\"description\":\"\",\"potentialAction\":[{\"@type\":\"SearchAction\",\"target\":{\"@type\":\"EntryPoint\",\"urlTemplate\":\"https:\/\/www.labopolis.com\/?s={search_term_string}\"},\"query-input\":{\"@type\":\"PropertyValueSpecification\",\"valueRequired\":true,\"valueName\":\"search_term_string\"}}],\"inLanguage\":\"de\"}]}<\/script>\n<!-- \/ Yoast SEO plugin. -->","yoast_head_json":{"title":"Agitador Rotatorio Digital Rotator HD - Labopolis","description":"Modelos con bombo: Modelo para 1 botella 0,5 a 2 l.: AR1HDE Modelo para 2 botellas 0,5 a 2 l.: AR2HDE Modelo para 4 botellas 0,5 a 2 l.: AR4HDE Modelo para 8 botellas 0,5 a 2 l.: AR8HDE Modelo para 12 botellas 0,5 a 2 l.: AR12HDE Modelo con eje rotacional para clips fijos de diversos tubos: ART-HDE Modelo con bombo para 3 embudos de decantaci\u00f3n: ARED-HDE Modelo sin accesorios: AR-HDE Accesorios no incluidos  \u00a0Ficha T\u00e9cnica Rotator HD","robots":{"index":"index","follow":"follow","max-snippet":"max-snippet:-1","max-image-preview":"max-image-preview:large","max-video-preview":"max-video-preview:-1"},"canonical":"https:\/\/www.labopolis.com\/de\/produkt\/agitador-rotatorio-digital-rotator-hd\/","og_locale":"de_DE","og_type":"article","og_title":"Agitador Rotatorio Digital Rotator HD - Labopolis","og_description":"Modelos con bombo: Modelo para 1 botella 0,5 a 2 l.: AR1HDE Modelo para 2 botellas 0,5 a 2 l.: AR2HDE Modelo para 4 botellas 0,5 a 2 l.: AR4HDE Modelo para 8 botellas 0,5 a 2 l.: AR8HDE Modelo para 12 botellas 0,5 a 2 l.: AR12HDE Modelo con eje rotacional para clips fijos de diversos tubos: ART-HDE Modelo con bombo para 3 embudos de decantaci\u00f3n: ARED-HDE Modelo sin accesorios: AR-HDE Accesorios no incluidos  \u00a0Ficha T\u00e9cnica Rotator HD","og_url":"https:\/\/www.labopolis.com\/de\/produkt\/agitador-rotatorio-digital-rotator-hd\/","og_site_name":"Labopolis","article_publisher":"https:\/\/www.facebook.com\/profile.php?id=100063251679439","article_modified_time":"2025-12-28T17:42:38+00:00","og_image":[{"width":482,"height":378,"url":"https:\/\/www.labopolis.com\/wp-content\/uploads\/2023\/07\/RotatorBombo4.gif","type":"image\/gif"}],"twitter_card":"summary_large_image","twitter_site":"@Labopolis","twitter_misc":{"Gesch\u00e4tzte Lesezeit":"1\u00a0Minute"},"schema":{"@context":"https:\/\/schema.org","@graph":[{"@type":"WebPage","@id":"https:\/\/www.labopolis.com\/producto\/agitador-rotatorio-digital-rotator-hd\/","url":"https:\/\/www.labopolis.com\/producto\/agitador-rotatorio-digital-rotator-hd\/","name":"Agitador Rotatorio Digital Rotator HD - Labopolis","isPartOf":{"@id":"https:\/\/www.labopolis.com\/#website"},"primaryImageOfPage":{"@id":"https:\/\/www.labopolis.com\/producto\/agitador-rotatorio-digital-rotator-hd\/#primaryimage"},"image":{"@id":"https:\/\/www.labopolis.com\/producto\/agitador-rotatorio-digital-rotator-hd\/#primaryimage"},"thumbnailUrl":"https:\/\/www.labopolis.com\/wp-content\/uploads\/2023\/07\/RotatorBombo4.gif","datePublished":"2023-07-10T11:32:00+00:00","dateModified":"2025-12-28T17:42:38+00:00","description":"Modelos con bombo: Modelo para 1 botella 0,5 a 2 l.: AR1HDE Modelo para 2 botellas 0,5 a 2 l.: AR2HDE Modelo para 4 botellas 0,5 a 2 l.: AR4HDE Modelo para 8 botellas 0,5 a 2 l.: AR8HDE Modelo para 12 botellas 0,5 a 2 l.: AR12HDE Modelo con eje rotacional para clips fijos de diversos tubos: ART-HDE Modelo con bombo para 3 embudos de decantaci\u00f3n: ARED-HDE Modelo sin accesorios: AR-HDE Accesorios no incluidos \u00a0Ficha T\u00e9cnica Rotator HD","breadcrumb":{"@id":"https:\/\/www.labopolis.com\/producto\/agitador-rotatorio-digital-rotator-hd\/#breadcrumb"},"inLanguage":"de","potentialAction":[{"@type":"ReadAction","target":["https:\/\/www.labopolis.com\/producto\/agitador-rotatorio-digital-rotator-hd\/"]}]},{"@type":"ImageObject","inLanguage":"de","@id":"https:\/\/www.labopolis.com\/producto\/agitador-rotatorio-digital-rotator-hd\/#primaryimage","url":"https:\/\/www.labopolis.com\/wp-content\/uploads\/2023\/07\/RotatorBombo4.gif","contentUrl":"https:\/\/www.labopolis.com\/wp-content\/uploads\/2023\/07\/RotatorBombo4.gif","width":482,"height":378,"caption":"Producto"},{"@type":"BreadcrumbList","@id":"https:\/\/www.labopolis.com\/producto\/agitador-rotatorio-digital-rotator-hd\/#breadcrumb","itemListElement":[{"@type":"ListItem","position":1,"name":"Portada","item":"https:\/\/www.labopolis.com\/"},{"@type":"ListItem","position":2,"name":"Productos","item":"https:\/\/www.labopolis.com\/shop\/"},{"@type":"ListItem","position":3,"name":"Agitador Rotatorio Digital Rotator HD"}]},{"@type":"WebSite","@id":"https:\/\/www.labopolis.com\/#website","url":"https:\/\/www.labopolis.com\/","name":"Labopolis","description":"","potentialAction":[{"@type":"SearchAction","target":{"@type":"EntryPoint","urlTemplate":"https:\/\/www.labopolis.com\/?s={search_term_string}"},"query-input":{"@type":"PropertyValueSpecification","valueRequired":true,"valueName":"search_term_string"}}],"inLanguage":"de"}]}},"_links":{"self":[{"href":"https:\/\/www.labopolis.com\/de\/wp-json\/wp\/v2\/product\/1014","targetHints":{"allow":["GET"]}}],"collection":[{"href":"https:\/\/www.labopolis.com\/de\/wp-json\/wp\/v2\/product"}],"about":[{"href":"https:\/\/www.labopolis.com\/de\/wp-json\/wp\/v2\/types\/product"}],"replies":[{"embeddable":true,"href":"https:\/\/www.labopolis.com\/de\/wp-json\/wp\/v2\/comments?post=1014"}],"wp:featuredmedia":[{"embeddable":true,"href":"https:\/\/www.labopolis.com\/de\/wp-json\/wp\/v2\/media\/1036"}],"wp:attachment":[{"href":"https:\/\/www.labopolis.com\/de\/wp-json\/wp\/v2\/media?parent=1014"}],"wp:term":[{"taxonomy":"product_brand","embeddable":true,"href":"https:\/\/www.labopolis.com\/de\/wp-json\/wp\/v2\/product_brand?post=1014"},{"taxonomy":"product_cat","embeddable":true,"href":"https:\/\/www.labopolis.com\/de\/wp-json\/wp\/v2\/product_cat?post=1014"},{"taxonomy":"product_tag","embeddable":true,"href":"https:\/\/www.labopolis.com\/de\/wp-json\/wp\/v2\/product_tag?post=1014"}],"curies":[{"name":"wp","href":"https:\/\/api.w.org\/{rel}","templated":true}]}}