{"id":1008,"date":"2023-07-10T11:31:59","date_gmt":"2023-07-10T11:31:59","guid":{"rendered":"https:\/\/www.labopolis.com\/?post_type=product&#038;p=1008"},"modified":"2024-12-23T12:12:47","modified_gmt":"2024-12-23T12:12:47","slug":"agitador-orbital-digital-orbital-mini","status":"publish","type":"product","link":"https:\/\/www.labopolis.com\/de\/produkt\/agitador-orbital-digital-orbital-mini\/","title":{"rendered":"Orbitalsch\u00fcttler Orbital Mini Digitaler Orbitalsch\u00fcttler"},"content":{"rendered":"<p>Orbitalsch\u00fcttler Orbital Mini Digitaler Orbitalsch\u00fcttler<br \/>\nModell: AOS10E<\/p>\n<p>Digitaler Orbitalsch\u00fcttler Orbital Mini f\u00fcr vier Mikrotiterplatten oder verschiedene Gef\u00e4\u00dfe, f\u00fcr alle Arten von Anwendungen.<br \/>\nDie R\u00fchrgeschwindigkeit ist einstellbar und mikroprozessorgesteuert.<br \/>\nSanftes und progressives Starten und Stoppen, unabh\u00e4ngig von der gew\u00e4hlten Geschwindigkeit.<br \/>\nDigitales, hintergrundbeleuchtetes LCD-Display mit Anzeige des gew\u00e4hlten und aktuellen Geschwindigkeitswertes und des Timers.<br \/>\nTastenfeld mit ber\u00fchrungsempfindlichen Folientasten.<br \/>\nRutschfeste Arbeitsfl\u00e4che. Sehr leise, f\u00fcr Dauerbetrieb.<\/p>","protected":false},"excerpt":{"rendered":"<p>Orbitalsch\u00fcttler Orbital Mini Digitaler Orbitalsch\u00fcttler<br \/>\nModell: AOS10E<br \/>\nZubeh\u00f6r nicht enthalten<\/p>\n<p><strong><em><a title=\"Technische Daten Orbital Mini\" href=\"https:\/\/www.labopolis.com\/wp-content\/uploads\/2015\/05\/OrbitalMini.pdf\" target=\"_blank\" rel=\"noopener\"><i class=\"fas fa-file-alt\"><\/i>\u00a0Technische Daten Orbital Mini<\/a><\/em><\/strong><\/p>","protected":false},"featured_media":1030,"comment_status":"open","ping_status":"closed","template":"","meta":[],"product_brand":[],"product_cat":[21,59,23],"product_tag":[38,42,61,49,62,43],"class_list":{"0":"post-1008","1":"product","2":"type-product","3":"status-publish","4":"has-post-thumbnail","6":"product_cat-agitadores","7":"product_cat-agitadores-orbitales","8":"product_cat-laboratorio","9":"product_tag-agitador","10":"product_tag-agitador-digital","11":"product_tag-agitador-mini","12":"product_tag-agitador-orbital","13":"product_tag-agitador-orbital-mini","14":"product_tag-agitadores","16":"first","17":"instock","18":"taxable","19":"shipping-taxable","20":"purchasable","21":"product-type-simple"},"yoast_head":"<!-- This site is optimized with the Yoast SEO plugin v27.2 - https:\/\/yoast.com\/product\/yoast-seo-wordpress\/ -->\n<title>Agitador Orbital Digital Orbital Mini - Labopolis<\/title>\n<meta name=\"description\" content=\"Adecuado para recipientes de tama\u00f1o peque\u00f1o o medio. Velocidad de agitaci\u00f3n regulable, controlada por microprocesador.\" \/>\n<meta name=\"robots\" content=\"index, follow, max-snippet:-1, max-image-preview:large, max-video-preview:-1\" \/>\n<link rel=\"canonical\" href=\"https:\/\/www.labopolis.com\/de\/produkt\/agitador-orbital-digital-orbital-mini\/\" \/>\n<meta property=\"og:locale\" content=\"de_DE\" \/>\n<meta property=\"og:type\" content=\"article\" \/>\n<meta property=\"og:title\" content=\"Agitador Orbital Digital Orbital Mini - Labopolis\" \/>\n<meta property=\"og:description\" content=\"Adecuado para recipientes de tama\u00f1o peque\u00f1o o medio. Velocidad de agitaci\u00f3n regulable, controlada por microprocesador.\" \/>\n<meta property=\"og:url\" content=\"https:\/\/www.labopolis.com\/de\/produkt\/agitador-orbital-digital-orbital-mini\/\" \/>\n<meta property=\"og:site_name\" content=\"Labopolis\" \/>\n<meta property=\"article:publisher\" content=\"https:\/\/www.facebook.com\/profile.php?id=100063251679439\" \/>\n<meta property=\"article:modified_time\" content=\"2024-12-23T12:12:47+00:00\" \/>\n<meta property=\"og:image\" content=\"https:\/\/www.labopolis.com\/wp-content\/uploads\/2023\/07\/OrbitalMiniE.gif\" \/>\n\t<meta property=\"og:image:width\" content=\"411\" \/>\n\t<meta property=\"og:image:height\" content=\"351\" \/>\n\t<meta property=\"og:image:type\" content=\"image\/gif\" \/>\n<meta name=\"twitter:card\" content=\"summary_large_image\" \/>\n<meta name=\"twitter:site\" content=\"@Labopolis\" \/>\n<meta name=\"twitter:label1\" content=\"Gesch\u00e4tzte Lesezeit\" \/>\n\t<meta name=\"twitter:data1\" content=\"1\u00a0Minute\" \/>\n<script type=\"application\/ld+json\" class=\"yoast-schema-graph\">{\"@context\":\"https:\/\/schema.org\",\"@graph\":[{\"@type\":\"WebPage\",\"@id\":\"https:\/\/www.labopolis.com\/producto\/agitador-orbital-digital-orbital-mini\/\",\"url\":\"https:\/\/www.labopolis.com\/producto\/agitador-orbital-digital-orbital-mini\/\",\"name\":\"Agitador Orbital Digital Orbital Mini - Labopolis\",\"isPartOf\":{\"@id\":\"https:\/\/www.labopolis.com\/#website\"},\"primaryImageOfPage\":{\"@id\":\"https:\/\/www.labopolis.com\/producto\/agitador-orbital-digital-orbital-mini\/#primaryimage\"},\"image\":{\"@id\":\"https:\/\/www.labopolis.com\/producto\/agitador-orbital-digital-orbital-mini\/#primaryimage\"},\"thumbnailUrl\":\"https:\/\/www.labopolis.com\/wp-content\/uploads\/2023\/07\/OrbitalMiniE.gif\",\"datePublished\":\"2023-07-10T11:31:59+00:00\",\"dateModified\":\"2024-12-23T12:12:47+00:00\",\"description\":\"Adecuado para recipientes de tama\u00f1o peque\u00f1o o medio. Velocidad de agitaci\u00f3n regulable, controlada por microprocesador.\",\"breadcrumb\":{\"@id\":\"https:\/\/www.labopolis.com\/producto\/agitador-orbital-digital-orbital-mini\/#breadcrumb\"},\"inLanguage\":\"de\",\"potentialAction\":[{\"@type\":\"ReadAction\",\"target\":[\"https:\/\/www.labopolis.com\/producto\/agitador-orbital-digital-orbital-mini\/\"]}]},{\"@type\":\"ImageObject\",\"inLanguage\":\"de\",\"@id\":\"https:\/\/www.labopolis.com\/producto\/agitador-orbital-digital-orbital-mini\/#primaryimage\",\"url\":\"https:\/\/www.labopolis.com\/wp-content\/uploads\/2023\/07\/OrbitalMiniE.gif\",\"contentUrl\":\"https:\/\/www.labopolis.com\/wp-content\/uploads\/2023\/07\/OrbitalMiniE.gif\",\"width\":411,\"height\":351,\"caption\":\"Producto\"},{\"@type\":\"BreadcrumbList\",\"@id\":\"https:\/\/www.labopolis.com\/producto\/agitador-orbital-digital-orbital-mini\/#breadcrumb\",\"itemListElement\":[{\"@type\":\"ListItem\",\"position\":1,\"name\":\"Portada\",\"item\":\"https:\/\/www.labopolis.com\/\"},{\"@type\":\"ListItem\",\"position\":2,\"name\":\"Productos\",\"item\":\"https:\/\/www.labopolis.com\/shop\/\"},{\"@type\":\"ListItem\",\"position\":3,\"name\":\"Agitador Orbital Digital Orbital Mini\"}]},{\"@type\":\"WebSite\",\"@id\":\"https:\/\/www.labopolis.com\/#website\",\"url\":\"https:\/\/www.labopolis.com\/\",\"name\":\"Labopolis\",\"description\":\"\",\"potentialAction\":[{\"@type\":\"SearchAction\",\"target\":{\"@type\":\"EntryPoint\",\"urlTemplate\":\"https:\/\/www.labopolis.com\/?s={search_term_string}\"},\"query-input\":{\"@type\":\"PropertyValueSpecification\",\"valueRequired\":true,\"valueName\":\"search_term_string\"}}],\"inLanguage\":\"de\"}]}<\/script>\n<!-- \/ Yoast SEO plugin. -->","yoast_head_json":{"title":"Digitaler Orbitalsch\u00fcttler Orbital Mini - Labopolis","description":"Geeignet f\u00fcr kleine bis mittelgro\u00dfe Gef\u00e4\u00dfe. Einstellbare, mikroprozessorgesteuerte R\u00fchrgeschwindigkeit.","robots":{"index":"index","follow":"follow","max-snippet":"max-snippet:-1","max-image-preview":"max-image-preview:large","max-video-preview":"max-video-preview:-1"},"canonical":"https:\/\/www.labopolis.com\/de\/produkt\/agitador-orbital-digital-orbital-mini\/","og_locale":"de_DE","og_type":"article","og_title":"Agitador Orbital Digital Orbital Mini - Labopolis","og_description":"Adecuado para recipientes de tama\u00f1o peque\u00f1o o medio. Velocidad de agitaci\u00f3n regulable, controlada por microprocesador.","og_url":"https:\/\/www.labopolis.com\/de\/produkt\/agitador-orbital-digital-orbital-mini\/","og_site_name":"Labopolis","article_publisher":"https:\/\/www.facebook.com\/profile.php?id=100063251679439","article_modified_time":"2024-12-23T12:12:47+00:00","og_image":[{"width":411,"height":351,"url":"https:\/\/www.labopolis.com\/wp-content\/uploads\/2023\/07\/OrbitalMiniE.gif","type":"image\/gif"}],"twitter_card":"summary_large_image","twitter_site":"@Labopolis","twitter_misc":{"Gesch\u00e4tzte Lesezeit":"1\u00a0Minute"},"schema":{"@context":"https:\/\/schema.org","@graph":[{"@type":"WebPage","@id":"https:\/\/www.labopolis.com\/producto\/agitador-orbital-digital-orbital-mini\/","url":"https:\/\/www.labopolis.com\/producto\/agitador-orbital-digital-orbital-mini\/","name":"Digitaler Orbitalsch\u00fcttler Orbital Mini - Labopolis","isPartOf":{"@id":"https:\/\/www.labopolis.com\/#website"},"primaryImageOfPage":{"@id":"https:\/\/www.labopolis.com\/producto\/agitador-orbital-digital-orbital-mini\/#primaryimage"},"image":{"@id":"https:\/\/www.labopolis.com\/producto\/agitador-orbital-digital-orbital-mini\/#primaryimage"},"thumbnailUrl":"https:\/\/www.labopolis.com\/wp-content\/uploads\/2023\/07\/OrbitalMiniE.gif","datePublished":"2023-07-10T11:31:59+00:00","dateModified":"2024-12-23T12:12:47+00:00","description":"Geeignet f\u00fcr kleine bis mittelgro\u00dfe Gef\u00e4\u00dfe. Einstellbare, mikroprozessorgesteuerte R\u00fchrgeschwindigkeit.","breadcrumb":{"@id":"https:\/\/www.labopolis.com\/producto\/agitador-orbital-digital-orbital-mini\/#breadcrumb"},"inLanguage":"de","potentialAction":[{"@type":"ReadAction","target":["https:\/\/www.labopolis.com\/producto\/agitador-orbital-digital-orbital-mini\/"]}]},{"@type":"ImageObject","inLanguage":"de","@id":"https:\/\/www.labopolis.com\/producto\/agitador-orbital-digital-orbital-mini\/#primaryimage","url":"https:\/\/www.labopolis.com\/wp-content\/uploads\/2023\/07\/OrbitalMiniE.gif","contentUrl":"https:\/\/www.labopolis.com\/wp-content\/uploads\/2023\/07\/OrbitalMiniE.gif","width":411,"height":351,"caption":"Producto"},{"@type":"BreadcrumbList","@id":"https:\/\/www.labopolis.com\/producto\/agitador-orbital-digital-orbital-mini\/#breadcrumb","itemListElement":[{"@type":"ListItem","position":1,"name":"Portada","item":"https:\/\/www.labopolis.com\/"},{"@type":"ListItem","position":2,"name":"Productos","item":"https:\/\/www.labopolis.com\/shop\/"},{"@type":"ListItem","position":3,"name":"Agitador Orbital Digital Orbital Mini"}]},{"@type":"WebSite","@id":"https:\/\/www.labopolis.com\/#website","url":"https:\/\/www.labopolis.com\/","name":"Labopolis","description":"","potentialAction":[{"@type":"SearchAction","target":{"@type":"EntryPoint","urlTemplate":"https:\/\/www.labopolis.com\/?s={search_term_string}"},"query-input":{"@type":"PropertyValueSpecification","valueRequired":true,"valueName":"search_term_string"}}],"inLanguage":"de"}]}},"_links":{"self":[{"href":"https:\/\/www.labopolis.com\/de\/wp-json\/wp\/v2\/product\/1008","targetHints":{"allow":["GET"]}}],"collection":[{"href":"https:\/\/www.labopolis.com\/de\/wp-json\/wp\/v2\/product"}],"about":[{"href":"https:\/\/www.labopolis.com\/de\/wp-json\/wp\/v2\/types\/product"}],"replies":[{"embeddable":true,"href":"https:\/\/www.labopolis.com\/de\/wp-json\/wp\/v2\/comments?post=1008"}],"wp:featuredmedia":[{"embeddable":true,"href":"https:\/\/www.labopolis.com\/de\/wp-json\/wp\/v2\/media\/1030"}],"wp:attachment":[{"href":"https:\/\/www.labopolis.com\/de\/wp-json\/wp\/v2\/media?parent=1008"}],"wp:term":[{"taxonomy":"product_brand","embeddable":true,"href":"https:\/\/www.labopolis.com\/de\/wp-json\/wp\/v2\/product_brand?post=1008"},{"taxonomy":"product_cat","embeddable":true,"href":"https:\/\/www.labopolis.com\/de\/wp-json\/wp\/v2\/product_cat?post=1008"},{"taxonomy":"product_tag","embeddable":true,"href":"https:\/\/www.labopolis.com\/de\/wp-json\/wp\/v2\/product_tag?post=1008"}],"curies":[{"name":"wp","href":"https:\/\/api.w.org\/{rel}","templated":true}]}}