{"id":10421,"date":"2023-07-14T11:28:56","date_gmt":"2023-07-14T11:28:56","guid":{"rendered":"https:\/\/www.labopolis.com\/?page_id=10421"},"modified":"2025-11-05T10:54:43","modified_gmt":"2025-11-05T10:54:43","slug":"resolucion-de-litigios","status":"publish","type":"page","link":"https:\/\/www.labopolis.com\/de\/resolucion-de-litigios\/","title":{"rendered":"Beilegung von Streitigkeiten"},"content":{"rendered":"<div data-elementor-type=\"wp-page\" data-elementor-id=\"10421\" class=\"elementor elementor-10421\">\n\t\t\t\t\t\t<section class=\"elementor-section elementor-top-section elementor-element elementor-element-0271087 elementor-section-boxed elementor-section-height-default elementor-section-height-default wpr-particle-no wpr-jarallax-no wpr-parallax-no wpr-sticky-section-no\" data-id=\"0271087\" data-element_type=\"section\" data-e-type=\"section\">\n\t\t\t\t\t\t<div class=\"elementor-container elementor-column-gap-default\">\n\t\t\t\t\t<div class=\"elementor-column elementor-col-100 elementor-top-column elementor-element elementor-element-c66c27f\" data-id=\"c66c27f\" data-element_type=\"column\" data-e-type=\"column\">\n\t\t\t<div class=\"elementor-widget-wrap elementor-element-populated\">\n\t\t\t\t\t\t<div class=\"elementor-element elementor-element-d57fea2 elementor-widget elementor-widget-heading\" data-id=\"d57fea2\" data-element_type=\"widget\" data-e-type=\"widget\" data-widget_type=\"heading.default\">\n\t\t\t\t<div class=\"elementor-widget-container\">\n\t\t\t\t\t<h1 class=\"elementor-heading-title elementor-size-default\">Beilegung von Streitigkeiten<\/h1>\t\t\t\t<\/div>\n\t\t\t\t<\/div>\n\t\t\t\t<div class=\"elementor-element elementor-element-e2d339e elementor-invisible elementor-widget elementor-widget-text-editor\" data-id=\"e2d339e\" data-element_type=\"widget\" data-e-type=\"widget\" data-settings=\"{&quot;_animation&quot;:&quot;fadeIn&quot;}\" data-widget_type=\"text-editor.default\">\n\t\t\t\t<div class=\"elementor-widget-container\">\n\t\t\t\t\t\t\t\t\t<p>Sehr geehrte Kunden:<\/p><p>Bitte beachten Sie, dass die EU-Verordnung Nr. 524\/2013 \u00fcber die Online-Streitbeilegung in Verbraucherangelegenheiten am 09.01.2016 in Kraft getreten ist.<\/p><p>Die Verordnung mit der Bezeichnung ODR (Online Dispute Resolution) zielt darauf ab, ein unabh\u00e4ngiges, unparteiisches, transparentes, effizientes, schnelles und faires Gerichtsverfahren zur Beilegung verschiedener Streitigkeiten zu schaffen, die sich aus dem internationalen Online-Verkauf von Waren und Dienstleistungen zwischen EU-L\u00e4ndern ergeben.<\/p><p>Dieses Ziel sollte durch die Einrichtung einer OS-Plattform (Online-Streitbeilegungsplattform) in der EU und durch Regeln f\u00fcr die Zusammenarbeit mit nationalen AS-Stellen erreicht werden.<\/p><p>Wir informieren unsere Kunden \u00fcber die Existenz dieser Online-Streitbeilegungsplattform. Weitere Informationen finden Sie in Art. 14 Abs. 1 der ODR-VO - abrufbar im PDF-Format unter folgendem Link:<\/p><p>http:\/\/eur-lex.europa.eu\/legal-content\/ES\/TXT\/PDF\/?uri=CELEX:32013R0524<\/p><p>Sie k\u00f6nnen diese Plattform auch unter der folgenden Adresse aufrufen:<\/p><p>http:\/\/ec.europa.eu\/consumers\/odr\/<\/p><p>Ich danke Ihnen f\u00fcr Ihre Aufmerksamkeit.<\/p><p>Labopolis, S.L.<\/p>\t\t\t\t\t\t\t\t<\/div>\n\t\t\t\t<\/div>\n\t\t\t\t\t<\/div>\n\t\t<\/div>\n\t\t\t\t\t<\/div>\n\t\t<\/section>\n\t\t\t\t<\/div>","protected":false},"excerpt":{"rendered":"<p>Resoluci\u00f3n de litigios Estimados clientes: Les informamos de que Reglamento UE n\u00b0 524\/2013 sobre la resoluci\u00f3n de litigios en l\u00ednea en materia de consumo entr\u00f3 en vigor el 09.01.2016. El Reglamento, llamado ODR (Online Dispute Resolution), busca establecer un procedimiento judicial independiente, imparcial, transparente, eficaz, r\u00e1pido y justo para resolver los diversos litigios derivados de la venta en l\u00ednea internacional de mercanc\u00edas y servicios entre los pa\u00edses de la UE. Este objetivo se deber\u00eda lograr mediante el establecimiento de una plataforma RLL (la plataforma de resoluci\u00f3n de litigios en l\u00ednea) en la UE y las normas de cooperaci\u00f3n con los organismos nacionales encargados de la resoluci\u00f3n alternativa de litigios. Informamos a nuestros clientes de la existencia de esta plataforma de resoluci\u00f3n de litigios en l\u00ednea. Puede consultar m\u00e1s informaci\u00f3n en el art\u00edculo 14 apartado 1 del ODR-VO \u2013 descargable en formato PDF al siguiente enlace: http:\/\/eur-lex.europa.eu\/legal-content\/ES\/TXT\/PDF\/?uri=CELEX:32013R0524 Adem\u00e1s, puede acceder a esta plataforma desde la siguiente direcci\u00f3n: http:\/\/ec.europa.eu\/consumers\/odr\/ Gracias por su atenci\u00f3n. Labopolis, S.L.<\/p>","protected":false},"author":1,"featured_media":0,"parent":0,"menu_order":0,"comment_status":"closed","ping_status":"closed","template":"","meta":{"footnotes":""},"class_list":["post-10421","page","type-page","status-publish","hentry"],"yoast_head":"<!-- This site is optimized with the Yoast SEO plugin v27.2 - https:\/\/yoast.com\/product\/yoast-seo-wordpress\/ -->\n<title>Resoluci\u00f3n de litigios - Labopolis<\/title>\n<meta name=\"description\" content=\"Resoluci\u00f3n de litigios    Estimados clientes:Les informamos de que Reglamento UE n\u00b0 524\/2013 sobre la resoluci\u00f3n de litigios en l\u00ednea en materia de consumo entr\u00f3 en vigor el 09.01.2016.El Reglamento, llamado ODR (Online Dispute Resolution), busca establecer un procedimiento judicial independiente, imparcial, transparente, eficaz, r\u00e1pido y justo para resolver los diversos litigios derivados de la venta en l\u00ednea internacional de mercanc\u00edas y servicios entre los pa\u00edses de la UE.Este objetivo se deber\u00eda lograr mediante el establecimiento de una plataforma RLL (la plataforma de resoluci\u00f3n de litigios en l\u00ednea) en la UE y las normas de cooperaci\u00f3n con los organismos nacionales encargados de la resoluci\u00f3n alternativa de litigios.Informamos a nuestros clientes de la existencia de esta plataforma de resoluci\u00f3n de litigios en l\u00ednea. Puede consultar m\u00e1s informaci\u00f3n en el art\u00edculo 14 apartado 1 del ODR-VO \u2013 descargable en formato PDF al siguiente enlace:http:\/\/eur-lex.europa.eu\/legal-content\/ES\/TXT\/PDF\/?uri=CELEX:32013R0524Adem\u00e1s, puede acceder a esta plataforma desde la siguiente direcci\u00f3n:http:\/\/ec.europa.eu\/consumers\/odr\/Gracias por su atenci\u00f3n.Labopolis, S.L.\" \/>\n<meta name=\"robots\" content=\"index, follow, max-snippet:-1, max-image-preview:large, max-video-preview:-1\" \/>\n<link rel=\"canonical\" href=\"https:\/\/www.labopolis.com\/de\/resolucion-de-litigios\/\" \/>\n<meta property=\"og:locale\" content=\"de_DE\" \/>\n<meta property=\"og:type\" content=\"article\" \/>\n<meta property=\"og:title\" content=\"Resoluci\u00f3n de litigios - Labopolis\" \/>\n<meta property=\"og:description\" content=\"Resoluci\u00f3n de litigios    Estimados clientes:Les informamos de que Reglamento UE n\u00b0 524\/2013 sobre la resoluci\u00f3n de litigios en l\u00ednea en materia de consumo entr\u00f3 en vigor el 09.01.2016.El Reglamento, llamado ODR (Online Dispute Resolution), busca establecer un procedimiento judicial independiente, imparcial, transparente, eficaz, r\u00e1pido y justo para resolver los diversos litigios derivados de la venta en l\u00ednea internacional de mercanc\u00edas y servicios entre los pa\u00edses de la UE.Este objetivo se deber\u00eda lograr mediante el establecimiento de una plataforma RLL (la plataforma de resoluci\u00f3n de litigios en l\u00ednea) en la UE y las normas de cooperaci\u00f3n con los organismos nacionales encargados de la resoluci\u00f3n alternativa de litigios.Informamos a nuestros clientes de la existencia de esta plataforma de resoluci\u00f3n de litigios en l\u00ednea. Puede consultar m\u00e1s informaci\u00f3n en el art\u00edculo 14 apartado 1 del ODR-VO \u2013 descargable en formato PDF al siguiente enlace:http:\/\/eur-lex.europa.eu\/legal-content\/ES\/TXT\/PDF\/?uri=CELEX:32013R0524Adem\u00e1s, puede acceder a esta plataforma desde la siguiente direcci\u00f3n:http:\/\/ec.europa.eu\/consumers\/odr\/Gracias por su atenci\u00f3n.Labopolis, S.L.\" \/>\n<meta property=\"og:url\" content=\"https:\/\/www.labopolis.com\/de\/resolucion-de-litigios\/\" \/>\n<meta property=\"og:site_name\" content=\"Labopolis\" \/>\n<meta property=\"article:publisher\" content=\"https:\/\/www.facebook.com\/profile.php?id=100063251679439\" \/>\n<meta property=\"article:modified_time\" content=\"2025-11-05T10:54:43+00:00\" \/>\n<meta name=\"twitter:card\" content=\"summary_large_image\" \/>\n<meta name=\"twitter:site\" content=\"@Labopolis\" \/>\n<meta name=\"twitter:label1\" content=\"Gesch\u00e4tzte Lesezeit\" \/>\n\t<meta name=\"twitter:data1\" content=\"1\u00a0Minute\" \/>\n<script type=\"application\/ld+json\" class=\"yoast-schema-graph\">{\"@context\":\"https:\/\/schema.org\",\"@graph\":[{\"@type\":\"WebPage\",\"@id\":\"https:\/\/www.labopolis.com\/resolucion-de-litigios\/\",\"url\":\"https:\/\/www.labopolis.com\/resolucion-de-litigios\/\",\"name\":\"Resoluci\u00f3n de litigios - Labopolis\",\"isPartOf\":{\"@id\":\"https:\/\/www.labopolis.com\/#website\"},\"datePublished\":\"2023-07-14T11:28:56+00:00\",\"dateModified\":\"2025-11-05T10:54:43+00:00\",\"description\":\"Resoluci\u00f3n de litigios Estimados clientes:Les informamos de que Reglamento UE n\u00b0 524\/2013 sobre la resoluci\u00f3n de litigios en l\u00ednea en materia de consumo entr\u00f3 en vigor el 09.01.2016.El Reglamento, llamado ODR (Online Dispute Resolution), busca establecer un procedimiento judicial independiente, imparcial, transparente, eficaz, r\u00e1pido y justo para resolver los diversos litigios derivados de la venta en l\u00ednea internacional de mercanc\u00edas y servicios entre los pa\u00edses de la UE.Este objetivo se deber\u00eda lograr mediante el establecimiento de una plataforma RLL (la plataforma de resoluci\u00f3n de litigios en l\u00ednea) en la UE y las normas de cooperaci\u00f3n con los organismos nacionales encargados de la resoluci\u00f3n alternativa de litigios.Informamos a nuestros clientes de la existencia de esta plataforma de resoluci\u00f3n de litigios en l\u00ednea. Puede consultar m\u00e1s informaci\u00f3n en el art\u00edculo 14 apartado 1 del ODR-VO \u2013 descargable en formato PDF al siguiente enlace:http:\/\/eur-lex.europa.eu\/legal-content\/ES\/TXT\/PDF\/?uri=CELEX:32013R0524Adem\u00e1s, puede acceder a esta plataforma desde la siguiente direcci\u00f3n:http:\/\/ec.europa.eu\/consumers\/odr\/Gracias por su atenci\u00f3n.Labopolis, S.L.\",\"breadcrumb\":{\"@id\":\"https:\/\/www.labopolis.com\/resolucion-de-litigios\/#breadcrumb\"},\"inLanguage\":\"de\",\"potentialAction\":[{\"@type\":\"ReadAction\",\"target\":[\"https:\/\/www.labopolis.com\/resolucion-de-litigios\/\"]}]},{\"@type\":\"BreadcrumbList\",\"@id\":\"https:\/\/www.labopolis.com\/resolucion-de-litigios\/#breadcrumb\",\"itemListElement\":[{\"@type\":\"ListItem\",\"position\":1,\"name\":\"Portada\",\"item\":\"https:\/\/www.labopolis.com\/\"},{\"@type\":\"ListItem\",\"position\":2,\"name\":\"Resoluci\u00f3n de litigios\"}]},{\"@type\":\"WebSite\",\"@id\":\"https:\/\/www.labopolis.com\/#website\",\"url\":\"https:\/\/www.labopolis.com\/\",\"name\":\"Labopolis\",\"description\":\"\",\"potentialAction\":[{\"@type\":\"SearchAction\",\"target\":{\"@type\":\"EntryPoint\",\"urlTemplate\":\"https:\/\/www.labopolis.com\/?s={search_term_string}\"},\"query-input\":{\"@type\":\"PropertyValueSpecification\",\"valueRequired\":true,\"valueName\":\"search_term_string\"}}],\"inLanguage\":\"de\"}]}<\/script>\n<!-- \/ Yoast SEO plugin. -->","yoast_head_json":{"title":"Resoluci\u00f3n de litigios - Labopolis","description":"Resoluci\u00f3n de litigios    Estimados clientes:Les informamos de que Reglamento UE n\u00b0 524\/2013 sobre la resoluci\u00f3n de litigios en l\u00ednea en materia de consumo entr\u00f3 en vigor el 09.01.2016.El Reglamento, llamado ODR (Online Dispute Resolution), busca establecer un procedimiento judicial independiente, imparcial, transparente, eficaz, r\u00e1pido y justo para resolver los diversos litigios derivados de la venta en l\u00ednea internacional de mercanc\u00edas y servicios entre los pa\u00edses de la UE.Este objetivo se deber\u00eda lograr mediante el establecimiento de una plataforma RLL (la plataforma de resoluci\u00f3n de litigios en l\u00ednea) en la UE y las normas de cooperaci\u00f3n con los organismos nacionales encargados de la resoluci\u00f3n alternativa de litigios.Informamos a nuestros clientes de la existencia de esta plataforma de resoluci\u00f3n de litigios en l\u00ednea. Puede consultar m\u00e1s informaci\u00f3n en el art\u00edculo 14 apartado 1 del ODR-VO \u2013 descargable en formato PDF al siguiente enlace:http:\/\/eur-lex.europa.eu\/legal-content\/ES\/TXT\/PDF\/?uri=CELEX:32013R0524Adem\u00e1s, puede acceder a esta plataforma desde la siguiente direcci\u00f3n:http:\/\/ec.europa.eu\/consumers\/odr\/Gracias por su atenci\u00f3n.Labopolis, S.L.","robots":{"index":"index","follow":"follow","max-snippet":"max-snippet:-1","max-image-preview":"max-image-preview:large","max-video-preview":"max-video-preview:-1"},"canonical":"https:\/\/www.labopolis.com\/de\/resolucion-de-litigios\/","og_locale":"de_DE","og_type":"article","og_title":"Resoluci\u00f3n de litigios - Labopolis","og_description":"Resoluci\u00f3n de litigios    Estimados clientes:Les informamos de que Reglamento UE n\u00b0 524\/2013 sobre la resoluci\u00f3n de litigios en l\u00ednea en materia de consumo entr\u00f3 en vigor el 09.01.2016.El Reglamento, llamado ODR (Online Dispute Resolution), busca establecer un procedimiento judicial independiente, imparcial, transparente, eficaz, r\u00e1pido y justo para resolver los diversos litigios derivados de la venta en l\u00ednea internacional de mercanc\u00edas y servicios entre los pa\u00edses de la UE.Este objetivo se deber\u00eda lograr mediante el establecimiento de una plataforma RLL (la plataforma de resoluci\u00f3n de litigios en l\u00ednea) en la UE y las normas de cooperaci\u00f3n con los organismos nacionales encargados de la resoluci\u00f3n alternativa de litigios.Informamos a nuestros clientes de la existencia de esta plataforma de resoluci\u00f3n de litigios en l\u00ednea. Puede consultar m\u00e1s informaci\u00f3n en el art\u00edculo 14 apartado 1 del ODR-VO \u2013 descargable en formato PDF al siguiente enlace:http:\/\/eur-lex.europa.eu\/legal-content\/ES\/TXT\/PDF\/?uri=CELEX:32013R0524Adem\u00e1s, puede acceder a esta plataforma desde la siguiente direcci\u00f3n:http:\/\/ec.europa.eu\/consumers\/odr\/Gracias por su atenci\u00f3n.Labopolis, S.L.","og_url":"https:\/\/www.labopolis.com\/de\/resolucion-de-litigios\/","og_site_name":"Labopolis","article_publisher":"https:\/\/www.facebook.com\/profile.php?id=100063251679439","article_modified_time":"2025-11-05T10:54:43+00:00","twitter_card":"summary_large_image","twitter_site":"@Labopolis","twitter_misc":{"Gesch\u00e4tzte Lesezeit":"1\u00a0Minute"},"schema":{"@context":"https:\/\/schema.org","@graph":[{"@type":"WebPage","@id":"https:\/\/www.labopolis.com\/resolucion-de-litigios\/","url":"https:\/\/www.labopolis.com\/resolucion-de-litigios\/","name":"Resoluci\u00f3n de litigios - Labopolis","isPartOf":{"@id":"https:\/\/www.labopolis.com\/#website"},"datePublished":"2023-07-14T11:28:56+00:00","dateModified":"2025-11-05T10:54:43+00:00","description":"Resoluci\u00f3n de litigios Estimados clientes:Les informamos de que Reglamento UE n\u00b0 524\/2013 sobre la resoluci\u00f3n de litigios en l\u00ednea en materia de consumo entr\u00f3 en vigor el 09.01.2016.El Reglamento, llamado ODR (Online Dispute Resolution), busca establecer un procedimiento judicial independiente, imparcial, transparente, eficaz, r\u00e1pido y justo para resolver los diversos litigios derivados de la venta en l\u00ednea internacional de mercanc\u00edas y servicios entre los pa\u00edses de la UE.Este objetivo se deber\u00eda lograr mediante el establecimiento de una plataforma RLL (la plataforma de resoluci\u00f3n de litigios en l\u00ednea) en la UE y las normas de cooperaci\u00f3n con los organismos nacionales encargados de la resoluci\u00f3n alternativa de litigios.Informamos a nuestros clientes de la existencia de esta plataforma de resoluci\u00f3n de litigios en l\u00ednea. Puede consultar m\u00e1s informaci\u00f3n en el art\u00edculo 14 apartado 1 del ODR-VO \u2013 descargable en formato PDF al siguiente enlace:http:\/\/eur-lex.europa.eu\/legal-content\/ES\/TXT\/PDF\/?uri=CELEX:32013R0524Adem\u00e1s, puede acceder a esta plataforma desde la siguiente direcci\u00f3n:http:\/\/ec.europa.eu\/consumers\/odr\/Gracias por su atenci\u00f3n.Labopolis, S.L.","breadcrumb":{"@id":"https:\/\/www.labopolis.com\/resolucion-de-litigios\/#breadcrumb"},"inLanguage":"de","potentialAction":[{"@type":"ReadAction","target":["https:\/\/www.labopolis.com\/resolucion-de-litigios\/"]}]},{"@type":"BreadcrumbList","@id":"https:\/\/www.labopolis.com\/resolucion-de-litigios\/#breadcrumb","itemListElement":[{"@type":"ListItem","position":1,"name":"Portada","item":"https:\/\/www.labopolis.com\/"},{"@type":"ListItem","position":2,"name":"Resoluci\u00f3n de litigios"}]},{"@type":"WebSite","@id":"https:\/\/www.labopolis.com\/#website","url":"https:\/\/www.labopolis.com\/","name":"Labopolis","description":"","potentialAction":[{"@type":"SearchAction","target":{"@type":"EntryPoint","urlTemplate":"https:\/\/www.labopolis.com\/?s={search_term_string}"},"query-input":{"@type":"PropertyValueSpecification","valueRequired":true,"valueName":"search_term_string"}}],"inLanguage":"de"}]}},"_links":{"self":[{"href":"https:\/\/www.labopolis.com\/de\/wp-json\/wp\/v2\/pages\/10421","targetHints":{"allow":["GET"]}}],"collection":[{"href":"https:\/\/www.labopolis.com\/de\/wp-json\/wp\/v2\/pages"}],"about":[{"href":"https:\/\/www.labopolis.com\/de\/wp-json\/wp\/v2\/types\/page"}],"author":[{"embeddable":true,"href":"https:\/\/www.labopolis.com\/de\/wp-json\/wp\/v2\/users\/1"}],"replies":[{"embeddable":true,"href":"https:\/\/www.labopolis.com\/de\/wp-json\/wp\/v2\/comments?post=10421"}],"version-history":[{"count":11,"href":"https:\/\/www.labopolis.com\/de\/wp-json\/wp\/v2\/pages\/10421\/revisions"}],"predecessor-version":[{"id":16446,"href":"https:\/\/www.labopolis.com\/de\/wp-json\/wp\/v2\/pages\/10421\/revisions\/16446"}],"wp:attachment":[{"href":"https:\/\/www.labopolis.com\/de\/wp-json\/wp\/v2\/media?parent=10421"}],"curies":[{"name":"wp","href":"https:\/\/api.w.org\/{rel}","templated":true}]}}