{"id":10390,"date":"2023-07-14T11:13:01","date_gmt":"2023-07-14T11:13:01","guid":{"rendered":"https:\/\/www.labopolis.com\/?page_id=10390"},"modified":"2025-11-06T13:07:20","modified_gmt":"2025-11-06T13:07:20","slug":"termostatos-de-inmersion","status":"publish","type":"page","link":"https:\/\/www.labopolis.com\/de\/termostatos-de-inmersion\/","title":{"rendered":"Einh\u00e4ngethermostate"},"content":{"rendered":"\t\t<div data-elementor-type=\"wp-page\" data-elementor-id=\"10390\" class=\"elementor elementor-10390\">\n\t\t\t\t\t\t<section class=\"elementor-section elementor-top-section elementor-element elementor-element-61d50eb elementor-section-boxed elementor-section-height-default elementor-section-height-default wpr-particle-no wpr-jarallax-no wpr-parallax-no wpr-sticky-section-no\" data-id=\"61d50eb\" data-element_type=\"section\" data-e-type=\"section\">\n\t\t\t\t\t\t<div class=\"elementor-container elementor-column-gap-default\">\n\t\t\t\t\t<div class=\"elementor-column elementor-col-100 elementor-top-column elementor-element elementor-element-7d00f62\" data-id=\"7d00f62\" data-element_type=\"column\" data-e-type=\"column\">\n\t\t\t<div class=\"elementor-widget-wrap elementor-element-populated\">\n\t\t\t\t\t\t<div class=\"elementor-element elementor-element-c934b9a elementor-widget elementor-widget-heading\" data-id=\"c934b9a\" data-element_type=\"widget\" data-e-type=\"widget\" data-widget_type=\"heading.default\">\n\t\t\t\t<div class=\"elementor-widget-container\">\n\t\t\t\t\t<h1 class=\"elementor-heading-title elementor-size-default\">termostatos de inmersi\u00f3n<\/h1>\t\t\t\t<\/div>\n\t\t\t\t<\/div>\n\t\t\t\t<div class=\"elementor-element elementor-element-82ea9c6 elementor-widget-divider--view-line elementor-widget elementor-widget-divider\" data-id=\"82ea9c6\" data-element_type=\"widget\" data-e-type=\"widget\" data-widget_type=\"divider.default\">\n\t\t\t\t<div class=\"elementor-widget-container\">\n\t\t\t\t\t\t\t<div class=\"elementor-divider\">\n\t\t\t<span class=\"elementor-divider-separator\">\n\t\t\t\t\t\t<\/span>\n\t\t<\/div>\n\t\t\t\t\t\t<\/div>\n\t\t\t\t<\/div>\n\t\t\t\t<div class=\"elementor-element elementor-element-f1ce577 eael-product-gallery-column-4 elementor-widget elementor-widget-eael-woo-product-gallery\" data-id=\"f1ce577\" data-element_type=\"widget\" data-e-type=\"widget\" data-settings=\"{&quot;eael_product_gallery_column&quot;:&quot;4&quot;}\" data-widget_type=\"eael-woo-product-gallery.default\">\n\t\t\t\t<div class=\"elementor-widget-container\">\n\t\t\t\t\t\n        <div class=\"eael-product-gallery eael-product-preset-2 grid eael-terms-layout-horizontal\" id=\"eael-product-gallery\" data-widget-id=\"f1ce577\" data-page-id=\"10390\" data-nonce=\"fedcb4d81f\" >\n\t\t\t<ul class=\"eael-cat-tab\" data-layout=\"grid\" data-template=\"{&quot;dir&quot;:&quot;lite&quot;,&quot;file_name&quot;:&quot;preset-2.php&quot;,&quot;name&quot;:&quot;Woo-Product-Gallery&quot;}\" data-nonce=\"fedcb4d81f\" data-page-id=\"10390\" data-widget-id=\"f1ce577\" data-widget=\"f1ce577\" data-class=\"Essential_Addons_Elementor\\Elements\\Woo_Product_Gallery\" data-args=\"post_type=product&amp;post_status%5B0%5D=publish&amp;post_status%5B1%5D=pending&amp;post_status%5B2%5D=future&amp;posts_per_page=500&amp;order=desc&amp;offset=0&amp;tax_query%5Brelation%5D=AND&amp;tax_query%5B0%5D%5Btaxonomy%5D=product_visibility&amp;tax_query%5B0%5D%5Bfield%5D=name&amp;tax_query%5B0%5D%5Bterms%5D%5B0%5D=exclude-from-search&amp;tax_query%5B0%5D%5Bterms%5D%5B1%5D=exclude-from-catalog&amp;tax_query%5B0%5D%5Boperator%5D=NOT+IN&amp;tax_query%5B1%5D%5Brelation%5D=OR&amp;tax_query%5B1%5D%5B0%5D%5Btaxonomy%5D=product_cat&amp;tax_query%5B1%5D%5B0%5D%5Bfield%5D=term_id&amp;tax_query%5B1%5D%5B0%5D%5Bterms%5D=129&amp;tax_query%5B1%5D%5B0%5D%5Boperator%5D=IN&amp;orderby=date&amp;meta_query%5Brelation%5D=AND\" data-page=\"1\"><li><a href=\"javascript:;\" data-page=\"1\" data-taxonomy=\"product_cat\" data-terms='[\"termostatos-de-inmersion\"]' data-id=\"129\" class=\"post-list-filter-item \">Termostatos de inmersi\u00f3n<\/a><\/li><\/ul>\n            <div class=\"woocommerce\">\n\t\t\t\t<ul class=\"products eael-post-appender eael-post-appender-f1ce577\" data-layout-mode=\"grid\" data-ssi-mobile=\"no\" data-ssi-tablet=\"no\" data-ssi-desktop=\"no\" ><li class=\"product  post-1422 type-product status-publish has-post-thumbnail product_cat-laboratorio product_cat-termostatos-de-inmersion first instock taxable shipping-taxable purchasable product-type-simple\">\n        <div class=\"eael-product-wrap\" data-src=\"\" data-src-hover=\"\" >\n                <div class=\"product-image-wrap\">\n            <div class=\"image-wrap\">\n                <img fetchpriority=\"high\" decoding=\"async\" width=\"430\" height=\"508\" src=\"https:\/\/www.labopolis.com\/wp-content\/uploads\/2023\/07\/OvanThermCE.gif\" class=\"attachment-woocommerce_single size-woocommerce_single\" alt=\"Termostato de inmersi\u00f3n refrigerado digital OvanTherm C\" loading=\"eager\" \/>            <\/div>\n            <div class=\"image-hover-wrap\">\n                <ul class=\"icons-wrap block-box-style\">\n                                            <li class=\"add-to-cart\"><a href=\"\/de\/wp-json\/wp\/v2\/pages\/10390?add-to-cart=1422\" aria-describedby=\"woocommerce_loop_add_to_cart_link_describedby_1422\" data-quantity=\"1\" class=\"button product_type_simple add_to_cart_button ajax_add_to_cart\" data-product_id=\"1422\" data-product_sku=\"TC00E\" aria-label=\"In den Warenkorb legen: &quot;Termostato de inmersi\u00f3n refrigerado digital OvanTherm C&quot;\" rel=\"nofollow\" data-success_message=\"\u201eTermostato de inmersi\u00f3n refrigerado digital OvanTherm C\u201c wurde deinem Warenkorb hinzugef\u00fcgt\" role=\"button\">In den Warenkorb legen<\/a>\t<span id=\"woocommerce_loop_add_to_cart_link_describedby_1422\" class=\"screen-reader-text\">\n\t\t\t<\/span>\n<\/li>\n                                                                <li class=\"eael-product-quick-view\">\n                            <a id=\"eael_quick_view_69e8c81078b9c\" data-quickview-setting=\"{&quot;widget_id&quot;:&quot;f1ce577&quot;,&quot;product_id&quot;:1422,&quot;page_id&quot;:10390}\"\n                                class=\"eael-product-gallery-open-popup open-popup-link\">\n                                <i class=\"fas fa-eye\"><\/i>\n                            <\/a>\n                        <\/li>\n                                                                <li class=\"view-details\"><a href=\"https:\/\/www.labopolis.com\/de\/produkt\/termostato-de-inmersion-refrigerado-digital-ovantherm-c\/\" aria-label=\"View Details about Termostato de inmersi\u00f3n refrigerado digital OvanTherm C\"><i class=\"fas fa-link\"><\/i><\/a><\/li>\n                                    <\/ul>\n            <\/div>\n        <\/div>\n        <div class=\"product-details-wrap\">\n            <div class=\"eael-product-price\"><span class=\"woocommerce-Price-amount amount\"><bdi>3.775,00<span class=\"woocommerce-Price-currencySymbol\">&euro;<\/span><\/bdi><\/span><\/div>            <div class=\"eael-product-title\">\n                <span>Termostato de inmersi\u00f3n refrigerado digital OvanTherm C<\/span>            <\/div>\n        <\/div>\n            <\/div>\n<\/li><li class=\"product  post-1419 type-product status-publish has-post-thumbnail product_cat-laboratorio product_cat-termostatos-de-inmersion instock taxable shipping-taxable purchasable product-type-variable\">\n        <div class=\"eael-product-wrap\" data-src=\"\" data-src-hover=\"\" >\n                <div class=\"product-image-wrap\">\n            <div class=\"image-wrap\">\n                <img decoding=\"async\" width=\"286\" height=\"432\" src=\"https:\/\/www.labopolis.com\/wp-content\/uploads\/2023\/07\/OvanThermHE.gif\" class=\"attachment-woocommerce_single size-woocommerce_single\" alt=\"Termostato de inmersi\u00f3n digital OvanTherm H\" loading=\"eager\" \/>            <\/div>\n            <div class=\"image-hover-wrap\">\n                <ul class=\"icons-wrap block-box-style\">\n                                            <li class=\"add-to-cart\"><a href=\"https:\/\/www.labopolis.com\/de\/produkt\/termostato-de-inmersion-digital-ovantherm-h\/\" aria-describedby=\"woocommerce_loop_add_to_cart_link_describedby_1419\" data-quantity=\"1\" class=\"button product_type_variable add_to_cart_button\" data-product_id=\"1419\" data-product_sku=\"\" aria-label=\"Optionen ausw\u00e4hlen f\u00fcr &quot;Termostato de inmersi\u00f3n digital OvanTherm H&quot;.\" rel=\"nofollow\">Optionen ausw\u00e4hlen<\/a>\t<span id=\"woocommerce_loop_add_to_cart_link_describedby_1419\" class=\"screen-reader-text\">\n\t\tDieses Produkt hat mehrere Varianten. Die Optionen k\u00f6nnen auf der Produktseite ausgew\u00e4hlt werden\t<\/span>\n<\/li>\n                                                                <li class=\"eael-product-quick-view\">\n                            <a id=\"eael_quick_view_69e8c8107cae7\" data-quickview-setting=\"{&quot;widget_id&quot;:&quot;f1ce577&quot;,&quot;product_id&quot;:1419,&quot;page_id&quot;:10390}\"\n                                class=\"eael-product-gallery-open-popup open-popup-link\">\n                                <i class=\"fas fa-eye\"><\/i>\n                            <\/a>\n                        <\/li>\n                                                                <li class=\"view-details\"><a href=\"https:\/\/www.labopolis.com\/de\/produkt\/termostato-de-inmersion-digital-ovantherm-h\/\" aria-label=\"View Details about Termostato de inmersi\u00f3n digital OvanTherm H\"><i class=\"fas fa-link\"><\/i><\/a><\/li>\n                                    <\/ul>\n            <\/div>\n        <\/div>\n        <div class=\"product-details-wrap\">\n            <div class=\"eael-product-price\"><span class=\"woocommerce-Price-amount amount\" aria-hidden=\"true\"><bdi>1.010,00<span class=\"woocommerce-Price-currencySymbol\">&euro;<\/span><\/bdi><\/span> <span aria-hidden=\"true\"> \u2013 <\/span> <span class=\"woocommerce-Price-amount amount\" aria-hidden=\"true\"><bdi>1.120,00<span class=\"woocommerce-Price-currencySymbol\">&euro;<\/span><\/bdi><\/span><span class=\"screen-reader-text\">Preisspanne: 1.010,00&euro; bis 1.120,00&euro;<\/span><\/div>            <div class=\"eael-product-title\">\n                <span>Termostato de inmersi\u00f3n digital OvanTherm H<\/span>            <\/div>\n        <\/div>\n            <\/div>\n<\/li><\/ul>            <div class=\"eael-load-more-button-wrap eael-force-hide\">\n                <button class=\"hide-load-more eael-load-more-button\" id=\"eael-load-more-btn-f1ce577\" data-widget-id=\"f1ce577\" data-widget=\"f1ce577\" data-page-id=\"10390\" data-template=\"{&quot;dir&quot;:&quot;lite&quot;,&quot;file_name&quot;:&quot;preset-2.php&quot;,&quot;name&quot;:&quot;Woo-Product-Gallery&quot;}\" data-class=\"Essential_Addons_Elementor\\Elements\\Woo_Product_Gallery\" data-layout=\"grid\" data-page=\"1\" data-args=\"post_type=product&amp;post_status%5B0%5D=publish&amp;post_status%5B1%5D=pending&amp;post_status%5B2%5D=future&amp;posts_per_page=500&amp;order=desc&amp;offset=0&amp;tax_query%5Brelation%5D=AND&amp;tax_query%5B0%5D%5Btaxonomy%5D=product_visibility&amp;tax_query%5B0%5D%5Bfield%5D=name&amp;tax_query%5B0%5D%5Bterms%5D%5B0%5D=exclude-from-search&amp;tax_query%5B0%5D%5Bterms%5D%5B1%5D=exclude-from-catalog&amp;tax_query%5B0%5D%5Boperator%5D=NOT+IN&amp;tax_query%5B1%5D%5Brelation%5D=OR&amp;tax_query%5B1%5D%5B0%5D%5Btaxonomy%5D=product_cat&amp;tax_query%5B1%5D%5B0%5D%5Bfield%5D=term_id&amp;tax_query%5B1%5D%5B0%5D%5Bterms%5D=129&amp;tax_query%5B1%5D%5B0%5D%5Boperator%5D=IN&amp;orderby=date&amp;meta_query%5Brelation%5D=AND\" data-max-page=\"1\">\n                    <span class=\"eael-btn-loader button__loader\"><\/span>\n                    <span class=\"eael_load_more_text\"><\/span>\n                <\/button>\n            <\/div>\n                        <\/div>\n        <\/div>\n        <script type=\"text\/javascript\">\n\t\t\tjQuery(document).ready(function ($) {\n\t\t\t\tvar $scope = jQuery(\".elementor-element-f1ce577\");\n\t\t\t\tvar $products = $('.products', $scope);\n\t\t\t\tvar $layout_mode = $products.data('layout-mode');\n\n\t\t\t\tif ($layout_mode === 'masonry') {\n\t\t\t\t\t\/\/ init isotope\n\t\t\t\t\tvar $isotope_products = $products.isotope({ itemSelector: \"li.product\", layoutMode: $layout_mode, percentPosition: true });\n\t\t\t\t\t$isotope_products.imagesLoaded().progress(function () {\n\t\t\t\t\t\t$isotope_products.isotope('layout');\n\t\t\t\t\t})\n\n\t\t\t\t\t$(window).on('resize', function () {\n\t\t\t\t\t\t$isotope_products.isotope('layout');\n\t\t\t\t\t});\n\t\t\t\t}\n\t\t\t});\n        <\/script>\n\t\t\t\t\t\t<\/div>\n\t\t\t\t<\/div>\n\t\t\t\t\t<\/div>\n\t\t<\/div>\n\t\t\t\t\t<\/div>\n\t\t<\/section>\n\t\t\t\t<\/div>\n\t\t","protected":false},"excerpt":{"rendered":"<p>Einh\u00e4ngethermostate Einh\u00e4ngethermostate In den Warenkorb 3.774,00\u20ac OvanTherm C digital gek\u00fchlter Einh\u00e4ngethermostat Optionen ausw\u00e4hlen Dieses Produkt hat mehrere Varianten. Die Optionen k\u00f6nnen auf der Produktseite ausgew\u00e4hlt werden 1.006,00\u20ac - 1.120,00\u20acPreisbereich: von 1.006,00\u20ac bis 1.120,00\u20ac Digitaler Einh\u00e4ngethermostat OvanTherm H<\/p>","protected":false},"author":1,"featured_media":0,"parent":0,"menu_order":0,"comment_status":"closed","ping_status":"closed","template":"","meta":{"footnotes":""},"class_list":["post-10390","page","type-page","status-publish","hentry"],"yoast_head":"<!-- This site is optimized with the Yoast SEO plugin v27.2 - https:\/\/yoast.com\/product\/yoast-seo-wordpress\/ -->\n<title>Termostatos de inmersi\u00f3n - Labopolis<\/title>\n<meta name=\"description\" content=\"termostatos de inmersi\u00f3n    Termostatos de inmersi\u00f3n                                                A\u00f1adir al carrito                                                                                                                                     3.774,00&euro;               Termostato de inmersi\u00f3n refrigerado digital OvanTherm C                                                    Seleccionar opciones  Este producto tiene m\u00faltiples variantes. Las opciones se pueden elegir en la p\u00e1gina de producto                                                                                                                                     1.006,00&euro; - 1.120,00&euro;Rango de precios: desde 1.006,00&euro; hasta 1.120,00&euro;               Termostato de inmersi\u00f3n digital OvanTherm H\" \/>\n<meta name=\"robots\" content=\"index, follow, max-snippet:-1, max-image-preview:large, max-video-preview:-1\" \/>\n<link rel=\"canonical\" href=\"https:\/\/www.labopolis.com\/de\/termostatos-de-inmersion\/\" \/>\n<meta property=\"og:locale\" content=\"de_DE\" \/>\n<meta property=\"og:type\" content=\"article\" \/>\n<meta property=\"og:title\" content=\"Termostatos de inmersi\u00f3n - Labopolis\" \/>\n<meta property=\"og:description\" content=\"termostatos de inmersi\u00f3n    Termostatos de inmersi\u00f3n                                                A\u00f1adir al carrito                                                                                                                                     3.774,00&euro;               Termostato de inmersi\u00f3n refrigerado digital OvanTherm C                                                    Seleccionar opciones  Este producto tiene m\u00faltiples variantes. Las opciones se pueden elegir en la p\u00e1gina de producto                                                                                                                                     1.006,00&euro; - 1.120,00&euro;Rango de precios: desde 1.006,00&euro; hasta 1.120,00&euro;               Termostato de inmersi\u00f3n digital OvanTherm H\" \/>\n<meta property=\"og:url\" content=\"https:\/\/www.labopolis.com\/de\/termostatos-de-inmersion\/\" \/>\n<meta property=\"og:site_name\" content=\"Labopolis\" \/>\n<meta property=\"article:publisher\" content=\"https:\/\/www.facebook.com\/profile.php?id=100063251679439\" \/>\n<meta property=\"article:modified_time\" content=\"2025-11-06T13:07:20+00:00\" \/>\n<meta property=\"og:image\" content=\"https:\/\/www.labopolis.com\/wp-content\/uploads\/2023\/07\/OvanThermCE.gif\" \/>\n<meta name=\"twitter:card\" content=\"summary_large_image\" \/>\n<meta name=\"twitter:site\" content=\"@Labopolis\" \/>\n<meta name=\"twitter:label1\" content=\"Gesch\u00e4tzte Lesezeit\" \/>\n\t<meta name=\"twitter:data1\" content=\"1\u00a0Minute\" \/>\n<script type=\"application\/ld+json\" class=\"yoast-schema-graph\">{\"@context\":\"https:\/\/schema.org\",\"@graph\":[{\"@type\":\"WebPage\",\"@id\":\"https:\/\/www.labopolis.com\/termostatos-de-inmersion\/\",\"url\":\"https:\/\/www.labopolis.com\/termostatos-de-inmersion\/\",\"name\":\"Termostatos de inmersi\u00f3n - Labopolis\",\"isPartOf\":{\"@id\":\"https:\/\/www.labopolis.com\/#website\"},\"primaryImageOfPage\":{\"@id\":\"https:\/\/www.labopolis.com\/termostatos-de-inmersion\/#primaryimage\"},\"image\":{\"@id\":\"https:\/\/www.labopolis.com\/termostatos-de-inmersion\/#primaryimage\"},\"thumbnailUrl\":\"https:\/\/www.labopolis.com\/wp-content\/uploads\/2023\/07\/OvanThermCE.gif\",\"datePublished\":\"2023-07-14T11:13:01+00:00\",\"dateModified\":\"2025-11-06T13:07:20+00:00\",\"description\":\"termostatos de inmersi\u00f3n Termostatos de inmersi\u00f3n A\u00f1adir al carrito 3.774,00&euro; Termostato de inmersi\u00f3n refrigerado digital OvanTherm C Seleccionar opciones Este producto tiene m\u00faltiples variantes. Las opciones se pueden elegir en la p\u00e1gina de producto 1.006,00&euro; - 1.120,00&euro;Rango de precios: desde 1.006,00&euro; hasta 1.120,00&euro; Termostato de inmersi\u00f3n digital OvanTherm H\",\"breadcrumb\":{\"@id\":\"https:\/\/www.labopolis.com\/termostatos-de-inmersion\/#breadcrumb\"},\"inLanguage\":\"de\",\"potentialAction\":[{\"@type\":\"ReadAction\",\"target\":[\"https:\/\/www.labopolis.com\/termostatos-de-inmersion\/\"]}]},{\"@type\":\"ImageObject\",\"inLanguage\":\"de\",\"@id\":\"https:\/\/www.labopolis.com\/termostatos-de-inmersion\/#primaryimage\",\"url\":\"https:\/\/www.labopolis.com\/wp-content\/uploads\/2023\/07\/OvanThermCE.gif\",\"contentUrl\":\"https:\/\/www.labopolis.com\/wp-content\/uploads\/2023\/07\/OvanThermCE.gif\"},{\"@type\":\"BreadcrumbList\",\"@id\":\"https:\/\/www.labopolis.com\/termostatos-de-inmersion\/#breadcrumb\",\"itemListElement\":[{\"@type\":\"ListItem\",\"position\":1,\"name\":\"Portada\",\"item\":\"https:\/\/www.labopolis.com\/\"},{\"@type\":\"ListItem\",\"position\":2,\"name\":\"Termostatos de inmersi\u00f3n\"}]},{\"@type\":\"WebSite\",\"@id\":\"https:\/\/www.labopolis.com\/#website\",\"url\":\"https:\/\/www.labopolis.com\/\",\"name\":\"Labopolis\",\"description\":\"\",\"potentialAction\":[{\"@type\":\"SearchAction\",\"target\":{\"@type\":\"EntryPoint\",\"urlTemplate\":\"https:\/\/www.labopolis.com\/?s={search_term_string}\"},\"query-input\":{\"@type\":\"PropertyValueSpecification\",\"valueRequired\":true,\"valueName\":\"search_term_string\"}}],\"inLanguage\":\"de\"}]}<\/script>\n<!-- \/ Yoast SEO plugin. -->","yoast_head_json":{"title":"Termostatos de inmersi\u00f3n - Labopolis","description":"termostatos de inmersi\u00f3n    Termostatos de inmersi\u00f3n                                                A\u00f1adir al carrito                                                                                                                                     3.774,00&euro;               Termostato de inmersi\u00f3n refrigerado digital OvanTherm C                                                    Seleccionar opciones  Este producto tiene m\u00faltiples variantes. Las opciones se pueden elegir en la p\u00e1gina de producto                                                                                                                                     1.006,00&euro; - 1.120,00&euro;Rango de precios: desde 1.006,00&euro; hasta 1.120,00&euro;               Termostato de inmersi\u00f3n digital OvanTherm H","robots":{"index":"index","follow":"follow","max-snippet":"max-snippet:-1","max-image-preview":"max-image-preview:large","max-video-preview":"max-video-preview:-1"},"canonical":"https:\/\/www.labopolis.com\/de\/termostatos-de-inmersion\/","og_locale":"de_DE","og_type":"article","og_title":"Termostatos de inmersi\u00f3n - Labopolis","og_description":"termostatos de inmersi\u00f3n    Termostatos de inmersi\u00f3n                                                A\u00f1adir al carrito                                                                                                                                     3.774,00&euro;               Termostato de inmersi\u00f3n refrigerado digital OvanTherm C                                                    Seleccionar opciones  Este producto tiene m\u00faltiples variantes. Las opciones se pueden elegir en la p\u00e1gina de producto                                                                                                                                     1.006,00&euro; - 1.120,00&euro;Rango de precios: desde 1.006,00&euro; hasta 1.120,00&euro;               Termostato de inmersi\u00f3n digital OvanTherm H","og_url":"https:\/\/www.labopolis.com\/de\/termostatos-de-inmersion\/","og_site_name":"Labopolis","article_publisher":"https:\/\/www.facebook.com\/profile.php?id=100063251679439","article_modified_time":"2025-11-06T13:07:20+00:00","og_image":[{"url":"https:\/\/www.labopolis.com\/wp-content\/uploads\/2023\/07\/OvanThermCE.gif","type":"","width":"","height":""}],"twitter_card":"summary_large_image","twitter_site":"@Labopolis","twitter_misc":{"Gesch\u00e4tzte Lesezeit":"1\u00a0Minute"},"schema":{"@context":"https:\/\/schema.org","@graph":[{"@type":"WebPage","@id":"https:\/\/www.labopolis.com\/termostatos-de-inmersion\/","url":"https:\/\/www.labopolis.com\/termostatos-de-inmersion\/","name":"Termostatos de inmersi\u00f3n - Labopolis","isPartOf":{"@id":"https:\/\/www.labopolis.com\/#website"},"primaryImageOfPage":{"@id":"https:\/\/www.labopolis.com\/termostatos-de-inmersion\/#primaryimage"},"image":{"@id":"https:\/\/www.labopolis.com\/termostatos-de-inmersion\/#primaryimage"},"thumbnailUrl":"https:\/\/www.labopolis.com\/wp-content\/uploads\/2023\/07\/OvanThermCE.gif","datePublished":"2023-07-14T11:13:01+00:00","dateModified":"2025-11-06T13:07:20+00:00","description":"termostatos de inmersi\u00f3n Termostatos de inmersi\u00f3n A\u00f1adir al carrito 3.774,00&euro; Termostato de inmersi\u00f3n refrigerado digital OvanTherm C Seleccionar opciones Este producto tiene m\u00faltiples variantes. Las opciones se pueden elegir en la p\u00e1gina de producto 1.006,00&euro; - 1.120,00&euro;Rango de precios: desde 1.006,00&euro; hasta 1.120,00&euro; Termostato de inmersi\u00f3n digital OvanTherm H","breadcrumb":{"@id":"https:\/\/www.labopolis.com\/termostatos-de-inmersion\/#breadcrumb"},"inLanguage":"de","potentialAction":[{"@type":"ReadAction","target":["https:\/\/www.labopolis.com\/termostatos-de-inmersion\/"]}]},{"@type":"ImageObject","inLanguage":"de","@id":"https:\/\/www.labopolis.com\/termostatos-de-inmersion\/#primaryimage","url":"https:\/\/www.labopolis.com\/wp-content\/uploads\/2023\/07\/OvanThermCE.gif","contentUrl":"https:\/\/www.labopolis.com\/wp-content\/uploads\/2023\/07\/OvanThermCE.gif"},{"@type":"BreadcrumbList","@id":"https:\/\/www.labopolis.com\/termostatos-de-inmersion\/#breadcrumb","itemListElement":[{"@type":"ListItem","position":1,"name":"Portada","item":"https:\/\/www.labopolis.com\/"},{"@type":"ListItem","position":2,"name":"Termostatos de inmersi\u00f3n"}]},{"@type":"WebSite","@id":"https:\/\/www.labopolis.com\/#website","url":"https:\/\/www.labopolis.com\/","name":"Labopolis","description":"","potentialAction":[{"@type":"SearchAction","target":{"@type":"EntryPoint","urlTemplate":"https:\/\/www.labopolis.com\/?s={search_term_string}"},"query-input":{"@type":"PropertyValueSpecification","valueRequired":true,"valueName":"search_term_string"}}],"inLanguage":"de"}]}},"_links":{"self":[{"href":"https:\/\/www.labopolis.com\/de\/wp-json\/wp\/v2\/pages\/10390","targetHints":{"allow":["GET"]}}],"collection":[{"href":"https:\/\/www.labopolis.com\/de\/wp-json\/wp\/v2\/pages"}],"about":[{"href":"https:\/\/www.labopolis.com\/de\/wp-json\/wp\/v2\/types\/page"}],"author":[{"embeddable":true,"href":"https:\/\/www.labopolis.com\/de\/wp-json\/wp\/v2\/users\/1"}],"replies":[{"embeddable":true,"href":"https:\/\/www.labopolis.com\/de\/wp-json\/wp\/v2\/comments?post=10390"}],"version-history":[{"count":16,"href":"https:\/\/www.labopolis.com\/de\/wp-json\/wp\/v2\/pages\/10390\/revisions"}],"predecessor-version":[{"id":16476,"href":"https:\/\/www.labopolis.com\/de\/wp-json\/wp\/v2\/pages\/10390\/revisions\/16476"}],"wp:attachment":[{"href":"https:\/\/www.labopolis.com\/de\/wp-json\/wp\/v2\/media?parent=10390"}],"curies":[{"name":"wp","href":"https:\/\/api.w.org\/{rel}","templated":true}]}}